{"id":9958,"date":"2020-02-13T15:43:59","date_gmt":"2020-02-13T14:43:59","guid":{"rendered":"https:\/\/miguelcabello.com\/?post_type=product&#038;p=9958"},"modified":"2020-02-13T15:43:59","modified_gmt":"2020-02-13T14:43:59","slug":"sillon-spa-para-piscinas","status":"publish","type":"product","link":"https:\/\/miguelcabello.com\/en\/producto\/sillon-spa-para-piscinas\/","title":{"rendered":"Sill\u00f3n Spa para piscinas"},"content":{"rendered":"<h2>El sill\u00f3n Spa para piscinas<\/h2>\n<div class=\"wpb_text_column wpb_content_element \">\n<div class=\"wpb_wrapper\">\n<p>Evoluci\u00f3n tecnol\u00f3gica, grandes logros en el redise\u00f1o de productos, reducci\u00f3n tama\u00f1os, mejora de rendimiento\u2026 Gracias a estas evoluciones y tras un estudio de las necesidades de nuestros usuarios, hemos cogido lo mejor de los grandes spas y las hemos concentrado en el primer HomeSpa del mercado.<\/p>\n<p>El Water Spa Divan combina una tecnolog\u00eda y dise\u00f1o en sus inyectores de agua y aire regulables que proporcionan masajes en la espalda alta, la zona lumbar, gl\u00fateos, muslos y gemelos haciendo que te sientas mejor.<\/p>\n<p>La silla hidromasaje Spa Divan est\u00e1 formada de:<\/p>\n<ul>\n<li>Masaje Dorsal: 2 boquillas regulables de doble jet giratorio de agua y aire (agua + aire).<\/li>\n<li>Masaje de nalgas y muslos: 6 boquillas de inyecci\u00f3n de aire.<\/li>\n<li>Masaje de gemelos: 2 boquillas regulables de un jet dirijible de agua (agua + aire).<\/li>\n<li>Reposabrazos.<\/li>\n<\/ul>\n<div class=\"wpb_text_column wpb_content_element \">\n<div class=\"wpb_wrapper\">\n<h2>\u00bfC\u00f3mo funciona WSD Water Spa Divan?<\/h2>\n<\/div>\n<\/div>\n<div class=\"separator small center \">Nuestro sill\u00f3n de hidromasaje cuenta con 12 inyectores de aire y agua que se dividen en las tres zonas m\u00e1s afectadas por el estr\u00e9s: espalda, gl\u00fateos y gemelos.<\/div>\n<div>\n<div class=\"wpb_text_column wpb_content_element vc_custom_1433585106860\">\n<div class=\"wpb_wrapper\">\n<h3>Inyectores Espalda Superior y Lumbares<\/h3>\n<\/div>\n<\/div>\n<div class=\"wpb_text_column wpb_content_element \">\n<div class=\"wpb_wrapper\">\n<p>Este sistema cuenta con cuatro inyectores rotativos de 2\u20195 pulgadas que expulsan tanto aire como agua forzada. Gracias a su cuadro de mandos podemos elegir el tiempo que queremos disfrutar de este tipo de masaje, pudiendo ajustarlos a la zona que nos duele y elegir el tiempo que queremos recibir el masaje.<\/p>\n<div class=\"wpb_text_column wpb_content_element \">\n<div class=\"wpb_wrapper\">\n<p><em>Los impulsos de agua-aire combinados en la zona lumbar ayudan a mejorar lesiones por ciatica, lumbalgias y alivian otras dolencias.<\/em><\/p>\n<div class=\"wpb_text_column wpb_content_element vc_custom_1434472271128\">\n<div class=\"wpb_wrapper\">\n<h3>Inyectores para Gl\u00fateos<\/h3>\n<\/div>\n<\/div>\n<div class=\"wpb_text_column wpb_content_element \">\n<div class=\"wpb_wrapper\">\n<p>En la zona del asiento encontramos seis inyectores con un di\u00e1metro de una pulgada. Estos peque\u00f1os inyectores se distribuyen para acompa\u00f1ar los m\u00fasculos traseros y aplicar aire para su relajaci\u00f3n.<\/p>\n<p><em>Los masajes mediante aire en los gl\u00fateos ayudan a relajar y soltar la musculatura de las piernas, la que m\u00e1s sufre de todo el cuerpo.<\/em><\/p>\n<div class=\"wpb_text_column wpb_content_element vc_custom_1433584928174\">\n<div class=\"wpb_wrapper\">\n<h3>Inyectores para Gemelos<\/h3>\n<\/div>\n<\/div>\n<div class=\"wpb_text_column wpb_content_element \">\n<div class=\"wpb_wrapper\">\n<p>Para la parte de los gemelos encontramos al final del asiento dos inyectores orientables de 2 pulgadas que expulsan agua forzada. Ya que los gemelos son m\u00fasculos muy fuertes es necesaria una inyecci\u00f3n de agua que ayude a soltar su sobrecarga diaria.<\/p>\n<p><em>A cada paso que damos nuestros gemelos trabajan por eso masajearlos mediante impulsos de agua no solo ayuda a aliviar dolores, tambi\u00e9n mejora la circulaci\u00f3n de todo el cuerpo.<\/em><\/p>\n<div class=\"wpb_text_column wpb_content_element vc_custom_1434472358014\">\n<div class=\"wpb_wrapper\">\n<h3>Un sistema aut\u00f3nomo<\/h3>\n<\/div>\n<\/div>\n<div class=\"wpb_text_column wpb_content_element \">\n<div class=\"wpb_wrapper\">\n<p>La alimentaci\u00f3n de nuestro sill\u00f3n es totalmente independiente a la piscina por lo que no tendr\u00e1s que preocuparte por ello, simplemente conectarla a la red y comenzar a disfrutar de sus funciones.<\/p>\n<p>Pulsa los botones eligiendo chorro de agua, aire o ambos y el tiempo de masaje sin preocuparte de mirar el reloj lo que permite una relajaci\u00f3n total.<\/p>\n<\/div>\n<\/div>\n<\/div>\n<\/div>\n<\/div>\n<\/div>\n<\/div>\n<\/div>\n<\/div>\n<\/div>\n<\/div>\n<\/div>\n<\/div>\n<p><script><\/script><\/p>\n","protected":false},"excerpt":{"rendered":"<p>&nbsp;<\/p>\n<p>El Water Spa Divan combina una tecnolog\u00eda y dise\u00f1o en sus inyectores de agua y aire regulables que proporcionan masajes en la espalda alta, la zona lumbar, gl\u00fateos, m\u00faslos y gemelos.<\/p>\n","protected":false},"featured_media":9959,"template":"","meta":[],"product_brand":[],"product_cat":[22,460,60],"product_tag":[],"class_list":{"0":"post-9958","1":"product","2":"type-product","3":"status-publish","4":"has-post-thumbnail","6":"product_cat-piscina","7":"product_cat-silla-hidromasaje","8":"product_cat-spas","10":"first","11":"instock","12":"taxable","13":"shipping-taxable","14":"product-type-simple"},"bundled_by":[],"bundle_stock_status":"instock","bundle_stock_quantity":null,"bundle_virtual":false,"bundle_layout":"","bundle_add_to_cart_form_location":"","bundle_editable_in_cart":false,"bundle_sold_individually_context":"","bundle_item_grouping":"","bundle_min_size":"","bundle_max_size":"","bundle_price":[],"bundled_items":[],"bundle_sell_ids":[],"yoast_head":"<!-- This site is optimized with the Yoast SEO plugin v26.8 - https:\/\/yoast.com\/product\/yoast-seo-wordpress\/ -->\n<title>Sill\u00f3n Spa para piscinas - Piscinas Miguel Cabello Elena<\/title>\n<meta name=\"robots\" content=\"index, follow, max-snippet:-1, max-image-preview:large, max-video-preview:-1\" \/>\n<link rel=\"canonical\" href=\"https:\/\/miguelcabello.com\/en\/producto\/sillon-spa-para-piscinas\/\" \/>\n<meta property=\"og:locale\" content=\"en_US\" \/>\n<meta property=\"og:type\" content=\"article\" \/>\n<meta property=\"og:title\" content=\"Sill\u00f3n Spa para piscinas - Piscinas Miguel Cabello Elena\" \/>\n<meta property=\"og:description\" content=\"&nbsp;  El Water Spa Divan combina una tecnolog\u00eda y dise\u00f1o en sus inyectores de agua y aire regulables que proporcionan masajes en la espalda alta, la zona lumbar, gl\u00fateos, m\u00faslos y gemelos.\" \/>\n<meta property=\"og:url\" content=\"https:\/\/miguelcabello.com\/en\/producto\/sillon-spa-para-piscinas\/\" \/>\n<meta property=\"og:site_name\" content=\"Piscinas Miguel Cabello Elena\" \/>\n<meta property=\"og:image\" content=\"https:\/\/miguelcabello.com\/wp-content\/uploads\/2020\/02\/silla-de-hidromasaje-portatil-water-spa-divan-1.jpg\" \/>\n\t<meta property=\"og:image:width\" content=\"800\" \/>\n\t<meta property=\"og:image:height\" content=\"800\" \/>\n\t<meta property=\"og:image:type\" content=\"image\/jpeg\" \/>\n<meta name=\"twitter:card\" content=\"summary_large_image\" \/>\n<meta name=\"twitter:label1\" content=\"Est. reading time\" \/>\n\t<meta name=\"twitter:data1\" content=\"2 minutes\" \/>\n<script type=\"application\/ld+json\" class=\"yoast-schema-graph\">{\"@context\":\"https:\/\/schema.org\",\"@graph\":[{\"@type\":\"WebPage\",\"@id\":\"https:\/\/miguelcabello.com\/en\/producto\/sillon-spa-para-piscinas\/\",\"url\":\"https:\/\/miguelcabello.com\/en\/producto\/sillon-spa-para-piscinas\/\",\"name\":\"Sill\u00f3n Spa para piscinas - Piscinas Miguel Cabello Elena\",\"isPartOf\":{\"@id\":\"https:\/\/miguelcabello.com\/#website\"},\"primaryImageOfPage\":{\"@id\":\"https:\/\/miguelcabello.com\/en\/producto\/sillon-spa-para-piscinas\/#primaryimage\"},\"image\":{\"@id\":\"https:\/\/miguelcabello.com\/en\/producto\/sillon-spa-para-piscinas\/#primaryimage\"},\"thumbnailUrl\":\"https:\/\/miguelcabello.com\/wp-content\/uploads\/2020\/02\/silla-de-hidromasaje-portatil-water-spa-divan-1.jpg\",\"datePublished\":\"2020-02-13T14:43:59+00:00\",\"breadcrumb\":{\"@id\":\"https:\/\/miguelcabello.com\/en\/producto\/sillon-spa-para-piscinas\/#breadcrumb\"},\"inLanguage\":\"en-US\",\"potentialAction\":[{\"@type\":\"ReadAction\",\"target\":[\"https:\/\/miguelcabello.com\/en\/producto\/sillon-spa-para-piscinas\/\"]}]},{\"@type\":\"ImageObject\",\"inLanguage\":\"en-US\",\"@id\":\"https:\/\/miguelcabello.com\/en\/producto\/sillon-spa-para-piscinas\/#primaryimage\",\"url\":\"https:\/\/miguelcabello.com\/wp-content\/uploads\/2020\/02\/silla-de-hidromasaje-portatil-water-spa-divan-1.jpg\",\"contentUrl\":\"https:\/\/miguelcabello.com\/wp-content\/uploads\/2020\/02\/silla-de-hidromasaje-portatil-water-spa-divan-1.jpg\",\"width\":800,\"height\":800,\"caption\":\"silla-de-hidromasaje-portatil-water-spa-divan 1\"},{\"@type\":\"BreadcrumbList\",\"@id\":\"https:\/\/miguelcabello.com\/en\/producto\/sillon-spa-para-piscinas\/#breadcrumb\",\"itemListElement\":[{\"@type\":\"ListItem\",\"position\":1,\"name\":\"Portada\",\"item\":\"https:\/\/miguelcabello.com\/en\/\"},{\"@type\":\"ListItem\",\"position\":2,\"name\":\"Shop\",\"item\":\"https:\/\/miguelcabello.com\/en\/shop-swimming-pool-products-online\/\"},{\"@type\":\"ListItem\",\"position\":3,\"name\":\"Sill\u00f3n Spa para piscinas\"}]},{\"@type\":\"WebSite\",\"@id\":\"https:\/\/miguelcabello.com\/#website\",\"url\":\"https:\/\/miguelcabello.com\/\",\"name\":\"Piscinas Miguel Cabello Elena\",\"description\":\"Profesionales en piscinas y recambios\",\"publisher\":{\"@id\":\"https:\/\/miguelcabello.com\/#organization\"},\"potentialAction\":[{\"@type\":\"SearchAction\",\"target\":{\"@type\":\"EntryPoint\",\"urlTemplate\":\"https:\/\/miguelcabello.com\/?s={search_term_string}\"},\"query-input\":{\"@type\":\"PropertyValueSpecification\",\"valueRequired\":true,\"valueName\":\"search_term_string\"}}],\"inLanguage\":\"en-US\"},{\"@type\":\"Organization\",\"@id\":\"https:\/\/miguelcabello.com\/#organization\",\"name\":\"Piscinas Miguel Cabello\",\"url\":\"https:\/\/miguelcabello.com\/\",\"logo\":{\"@type\":\"ImageObject\",\"inLanguage\":\"en-US\",\"@id\":\"https:\/\/miguelcabello.com\/#\/schema\/logo\/image\/\",\"url\":\"https:\/\/miguelcabello.com\/wp-content\/uploads\/2020\/01\/Logo-Miguel-Cabello-Piscinas.png\",\"contentUrl\":\"https:\/\/miguelcabello.com\/wp-content\/uploads\/2020\/01\/Logo-Miguel-Cabello-Piscinas.png\",\"width\":428,\"height\":41,\"caption\":\"Piscinas Miguel Cabello\"},\"image\":{\"@id\":\"https:\/\/miguelcabello.com\/#\/schema\/logo\/image\/\"}}]}<\/script>\n<!-- \/ Yoast SEO plugin. -->","yoast_head_json":{"title":"Sill\u00f3n Spa para piscinas - Piscinas Miguel Cabello Elena","robots":{"index":"index","follow":"follow","max-snippet":"max-snippet:-1","max-image-preview":"max-image-preview:large","max-video-preview":"max-video-preview:-1"},"canonical":"https:\/\/miguelcabello.com\/en\/producto\/sillon-spa-para-piscinas\/","og_locale":"en_US","og_type":"article","og_title":"Sill\u00f3n Spa para piscinas - Piscinas Miguel Cabello Elena","og_description":"&nbsp;  El Water Spa Divan combina una tecnolog\u00eda y dise\u00f1o en sus inyectores de agua y aire regulables que proporcionan masajes en la espalda alta, la zona lumbar, gl\u00fateos, m\u00faslos y gemelos.","og_url":"https:\/\/miguelcabello.com\/en\/producto\/sillon-spa-para-piscinas\/","og_site_name":"Piscinas Miguel Cabello Elena","og_image":[{"width":800,"height":800,"url":"https:\/\/miguelcabello.com\/wp-content\/uploads\/2020\/02\/silla-de-hidromasaje-portatil-water-spa-divan-1.jpg","type":"image\/jpeg"}],"twitter_card":"summary_large_image","twitter_misc":{"Est. reading time":"2 minutes"},"schema":{"@context":"https:\/\/schema.org","@graph":[{"@type":"WebPage","@id":"https:\/\/miguelcabello.com\/en\/producto\/sillon-spa-para-piscinas\/","url":"https:\/\/miguelcabello.com\/en\/producto\/sillon-spa-para-piscinas\/","name":"Sill\u00f3n Spa para piscinas - Piscinas Miguel Cabello Elena","isPartOf":{"@id":"https:\/\/miguelcabello.com\/#website"},"primaryImageOfPage":{"@id":"https:\/\/miguelcabello.com\/en\/producto\/sillon-spa-para-piscinas\/#primaryimage"},"image":{"@id":"https:\/\/miguelcabello.com\/en\/producto\/sillon-spa-para-piscinas\/#primaryimage"},"thumbnailUrl":"https:\/\/miguelcabello.com\/wp-content\/uploads\/2020\/02\/silla-de-hidromasaje-portatil-water-spa-divan-1.jpg","datePublished":"2020-02-13T14:43:59+00:00","breadcrumb":{"@id":"https:\/\/miguelcabello.com\/en\/producto\/sillon-spa-para-piscinas\/#breadcrumb"},"inLanguage":"en-US","potentialAction":[{"@type":"ReadAction","target":["https:\/\/miguelcabello.com\/en\/producto\/sillon-spa-para-piscinas\/"]}]},{"@type":"ImageObject","inLanguage":"en-US","@id":"https:\/\/miguelcabello.com\/en\/producto\/sillon-spa-para-piscinas\/#primaryimage","url":"https:\/\/miguelcabello.com\/wp-content\/uploads\/2020\/02\/silla-de-hidromasaje-portatil-water-spa-divan-1.jpg","contentUrl":"https:\/\/miguelcabello.com\/wp-content\/uploads\/2020\/02\/silla-de-hidromasaje-portatil-water-spa-divan-1.jpg","width":800,"height":800,"caption":"silla-de-hidromasaje-portatil-water-spa-divan 1"},{"@type":"BreadcrumbList","@id":"https:\/\/miguelcabello.com\/en\/producto\/sillon-spa-para-piscinas\/#breadcrumb","itemListElement":[{"@type":"ListItem","position":1,"name":"Portada","item":"https:\/\/miguelcabello.com\/en\/"},{"@type":"ListItem","position":2,"name":"Shop","item":"https:\/\/miguelcabello.com\/en\/shop-swimming-pool-products-online\/"},{"@type":"ListItem","position":3,"name":"Sill\u00f3n Spa para piscinas"}]},{"@type":"WebSite","@id":"https:\/\/miguelcabello.com\/#website","url":"https:\/\/miguelcabello.com\/","name":"Piscinas Miguel Cabello Elena","description":"Profesionales en piscinas y recambios","publisher":{"@id":"https:\/\/miguelcabello.com\/#organization"},"potentialAction":[{"@type":"SearchAction","target":{"@type":"EntryPoint","urlTemplate":"https:\/\/miguelcabello.com\/?s={search_term_string}"},"query-input":{"@type":"PropertyValueSpecification","valueRequired":true,"valueName":"search_term_string"}}],"inLanguage":"en-US"},{"@type":"Organization","@id":"https:\/\/miguelcabello.com\/#organization","name":"Piscinas Miguel Cabello","url":"https:\/\/miguelcabello.com\/","logo":{"@type":"ImageObject","inLanguage":"en-US","@id":"https:\/\/miguelcabello.com\/#\/schema\/logo\/image\/","url":"https:\/\/miguelcabello.com\/wp-content\/uploads\/2020\/01\/Logo-Miguel-Cabello-Piscinas.png","contentUrl":"https:\/\/miguelcabello.com\/wp-content\/uploads\/2020\/01\/Logo-Miguel-Cabello-Piscinas.png","width":428,"height":41,"caption":"Piscinas Miguel Cabello"},"image":{"@id":"https:\/\/miguelcabello.com\/#\/schema\/logo\/image\/"}}]}},"_links":{"self":[{"href":"https:\/\/miguelcabello.com\/en\/wp-json\/wp\/v2\/product\/9958","targetHints":{"allow":["GET"]}}],"collection":[{"href":"https:\/\/miguelcabello.com\/en\/wp-json\/wp\/v2\/product"}],"about":[{"href":"https:\/\/miguelcabello.com\/en\/wp-json\/wp\/v2\/types\/product"}],"wp:featuredmedia":[{"embeddable":true,"href":"https:\/\/miguelcabello.com\/en\/wp-json\/wp\/v2\/media\/9959"}],"wp:attachment":[{"href":"https:\/\/miguelcabello.com\/en\/wp-json\/wp\/v2\/media?parent=9958"}],"wp:term":[{"taxonomy":"product_brand","embeddable":true,"href":"https:\/\/miguelcabello.com\/en\/wp-json\/wp\/v2\/product_brand?post=9958"},{"taxonomy":"product_cat","embeddable":true,"href":"https:\/\/miguelcabello.com\/en\/wp-json\/wp\/v2\/product_cat?post=9958"},{"taxonomy":"product_tag","embeddable":true,"href":"https:\/\/miguelcabello.com\/en\/wp-json\/wp\/v2\/product_tag?post=9958"}],"curies":[{"name":"wp","href":"https:\/\/api.w.org\/{rel}","templated":true}]}}