{"id":13403,"date":"2025-03-12T16:21:23","date_gmt":"2025-03-12T15:21:23","guid":{"rendered":"https:\/\/miguelcabello.com\/?post_type=product&#038;p=13403"},"modified":"2025-03-12T17:02:02","modified_gmt":"2025-03-12T16:02:02","slug":"niya-tracker-75","status":"publish","type":"product","link":"https:\/\/miguelcabello.com\/en\/producto\/niya-tracker-75\/","title":{"rendered":"Niya Tracker 75"},"content":{"rendered":"<ul>\n<li>Limpia hasta los residuos m\u00e1s finos a fondo y con potencia.<\/li>\n<li>En s\u00f3lo 3 horas limpia piscinas de hasta 15 m de largo.<\/li>\n<li>Garant\u00eda respaldada por la prestigiosa red de servicio de Maytronics.<\/li>\n<li>Garant\u00eda 2 a\u00f1os<\/li>\n<\/ul>\n<h2 class=\"fs-30 lh-36 fs-lg-50 lh-lg-54 mb-0\">Especificaciones T\u00e9cnicas<\/h2>\n<div>\n<h3 class=\"ff-inter fs-15 lh-20 fs-lg-20 lh-lg-30 mb-0\">Caracter\u00edsticas del Producto<\/h3>\n<\/div>\n<div><span class=\"col\">Tipo de Filtro:\u00a0<\/span><span class=\"col\">Coarse Filter<\/span><\/div>\n<div><span class=\"col\">Acceso al Filtro:\u00a0<\/span><span class=\"col\">Acceso Superior<\/span><\/div>\n<div>\n<h3 class=\"ff-inter fs-15 lh-20 fs-lg-20 lh-lg-30 mb-0\">Conectividad y Automatizaci\u00f3n<\/h3>\n<p><span class=\"col\">Tipo de Conectividad:\u00a0<\/span><span class=\"col\">Bluetooth<\/span><\/p>\n<p><span class=\"col\">Aplicaci\u00f3n M\u00f3vil:\u00a0<\/span><span class=\"col\">Niya App<\/span><\/p>\n<h3 class=\"ff-inter fs-15 lh-20 fs-lg-20 lh-lg-30 mb-0\">Tama\u00f1o y Dimensiones<\/h3>\n<p><span class=\"col\">Peso del Robot: 9,7<\/span><span class=\"col\">\u00a0Kg.<\/span><\/p>\n<h3 class=\"ff-inter fs-15 lh-20 fs-lg-20 lh-lg-30 mb-0\">Limpieza<\/h3>\n<p><span class=\"col\">Cobertura de Limpieza:\u00a0<\/span><span class=\"col\">Fondo, Paredes y L\u00ednea de flotaci\u00f3n<\/span><\/p>\n<p><span class=\"col\">Limpieza de la L\u00ednea de flotaci\u00f3n:\u00a0<\/span><span class=\"col\">S\u00ed<\/span><\/p>\n<p><span class=\"col\">Cepillo Activo:\u00a0<\/span><span class=\"col\">S\u00ed<\/span><\/p>\n<p><span class=\"col\">Tipo de Cepillo:\u00a0<\/span><span class=\"col\">Standard Brush<\/span><\/p>\n<p><span class=\"col\">N\u00famero de Cepillos:\u00a0<\/span><span class=\"col\">2<\/span><\/p>\n<h3 class=\"ff-inter fs-15 lh-20 fs-lg-20 lh-lg-30 mb-0\">Caracter\u00edsticas de la Piscina<\/h3>\n<p><span class=\"col\">Revestimiento:\u00a0<\/span><span class=\"col\">Liner, revestimiento de vinilo, Gunite, Acero inoxidable, Cer\u00e1mica, porcel\u00e1nico, Vidrio, Fibra de vidrio<\/span><\/p>\n<div class=\"product-attributes-tech-specs-wrapper collapsible-xl active\">\n<p><span class=\"col\">Forma de la Piscina:\u00a0<\/span><span class=\"col\">Rectangular, Forma libre, Ri\u00f1\u00f3n<\/span><\/p>\n<\/div>\n<\/div>\n","protected":false},"excerpt":{"rendered":"<p>Limpia el suelo, las paredes y la l\u00ednea de flotaci\u00f3n de tu piscina en s\u00f3lo 3 horas (para piscinas de hasta 15 metros)<\/p>\n","protected":false},"featured_media":13404,"template":"","meta":[],"product_brand":[],"product_cat":[74,508],"product_tag":[],"class_list":{"0":"post-13403","1":"product","2":"type-product","3":"status-publish","4":"has-post-thumbnail","6":"product_cat-robot","7":"product_cat-sin-cable","8":"product_shipping_class-paquete-hasta-10kg","10":"first","11":"instock","12":"taxable","13":"shipping-taxable","14":"product-type-simple"},"bundled_by":[],"bundle_stock_status":"instock","bundle_stock_quantity":null,"bundle_virtual":false,"bundle_layout":"","bundle_add_to_cart_form_location":"","bundle_editable_in_cart":false,"bundle_sold_individually_context":"","bundle_item_grouping":"","bundle_min_size":"","bundle_max_size":"","bundle_price":[],"bundled_items":[],"bundle_sell_ids":[],"yoast_head":"<!-- This site is optimized with the Yoast SEO plugin v26.8 - https:\/\/yoast.com\/product\/yoast-seo-wordpress\/ -->\n<title>Niya Tracker 75 - Piscinas Miguel Cabello Elena<\/title>\n<meta name=\"robots\" content=\"index, follow, max-snippet:-1, max-image-preview:large, max-video-preview:-1\" \/>\n<link rel=\"canonical\" href=\"https:\/\/miguelcabello.com\/en\/producto\/niya-tracker-75\/\" \/>\n<meta property=\"og:locale\" content=\"en_US\" \/>\n<meta property=\"og:type\" content=\"article\" \/>\n<meta property=\"og:title\" content=\"Niya Tracker 75 - Piscinas Miguel Cabello Elena\" \/>\n<meta property=\"og:description\" content=\"Limpia el suelo, las paredes y la l\u00ednea de flotaci\u00f3n de tu piscina en s\u00f3lo 3 horas (para piscinas de hasta 15 metros)\" \/>\n<meta property=\"og:url\" content=\"https:\/\/miguelcabello.com\/en\/producto\/niya-tracker-75\/\" \/>\n<meta property=\"og:site_name\" content=\"Piscinas Miguel Cabello Elena\" \/>\n<meta property=\"article:modified_time\" content=\"2025-03-12T16:02:02+00:00\" \/>\n<meta property=\"og:image\" content=\"https:\/\/miguelcabello.com\/wp-content\/uploads\/2025\/03\/Niya_Tracker_75-dolphin-maytronics-limpiafondos-piscinas-miguel-cabello-ronda.webp\" \/>\n\t<meta property=\"og:image:width\" content=\"1090\" \/>\n\t<meta property=\"og:image:height\" content=\"1090\" \/>\n\t<meta property=\"og:image:type\" content=\"image\/webp\" \/>\n<meta name=\"twitter:card\" content=\"summary_large_image\" \/>\n<meta name=\"twitter:label1\" content=\"Est. reading time\" \/>\n\t<meta name=\"twitter:data1\" content=\"1 minute\" \/>\n<script type=\"application\/ld+json\" class=\"yoast-schema-graph\">{\"@context\":\"https:\/\/schema.org\",\"@graph\":[{\"@type\":\"WebPage\",\"@id\":\"https:\/\/miguelcabello.com\/en\/producto\/niya-tracker-75\/\",\"url\":\"https:\/\/miguelcabello.com\/en\/producto\/niya-tracker-75\/\",\"name\":\"Niya Tracker 75 - Piscinas Miguel Cabello Elena\",\"isPartOf\":{\"@id\":\"https:\/\/miguelcabello.com\/#website\"},\"primaryImageOfPage\":{\"@id\":\"https:\/\/miguelcabello.com\/en\/producto\/niya-tracker-75\/#primaryimage\"},\"image\":{\"@id\":\"https:\/\/miguelcabello.com\/en\/producto\/niya-tracker-75\/#primaryimage\"},\"thumbnailUrl\":\"https:\/\/miguelcabello.com\/wp-content\/uploads\/2025\/03\/Niya_Tracker_75-dolphin-maytronics-limpiafondos-piscinas-miguel-cabello-ronda.webp\",\"datePublished\":\"2025-03-12T15:21:23+00:00\",\"dateModified\":\"2025-03-12T16:02:02+00:00\",\"breadcrumb\":{\"@id\":\"https:\/\/miguelcabello.com\/en\/producto\/niya-tracker-75\/#breadcrumb\"},\"inLanguage\":\"en-US\",\"potentialAction\":[{\"@type\":\"ReadAction\",\"target\":[\"https:\/\/miguelcabello.com\/en\/producto\/niya-tracker-75\/\"]}]},{\"@type\":\"ImageObject\",\"inLanguage\":\"en-US\",\"@id\":\"https:\/\/miguelcabello.com\/en\/producto\/niya-tracker-75\/#primaryimage\",\"url\":\"https:\/\/miguelcabello.com\/wp-content\/uploads\/2025\/03\/Niya_Tracker_75-dolphin-maytronics-limpiafondos-piscinas-miguel-cabello-ronda.webp\",\"contentUrl\":\"https:\/\/miguelcabello.com\/wp-content\/uploads\/2025\/03\/Niya_Tracker_75-dolphin-maytronics-limpiafondos-piscinas-miguel-cabello-ronda.webp\",\"width\":1090,\"height\":1090},{\"@type\":\"BreadcrumbList\",\"@id\":\"https:\/\/miguelcabello.com\/en\/producto\/niya-tracker-75\/#breadcrumb\",\"itemListElement\":[{\"@type\":\"ListItem\",\"position\":1,\"name\":\"Portada\",\"item\":\"https:\/\/miguelcabello.com\/en\/\"},{\"@type\":\"ListItem\",\"position\":2,\"name\":\"Shop\",\"item\":\"https:\/\/miguelcabello.com\/en\/shop-swimming-pool-products-online\/\"},{\"@type\":\"ListItem\",\"position\":3,\"name\":\"Niya Tracker 75\"}]},{\"@type\":\"WebSite\",\"@id\":\"https:\/\/miguelcabello.com\/#website\",\"url\":\"https:\/\/miguelcabello.com\/\",\"name\":\"Piscinas Miguel Cabello Elena\",\"description\":\"Profesionales en piscinas y recambios\",\"publisher\":{\"@id\":\"https:\/\/miguelcabello.com\/#organization\"},\"potentialAction\":[{\"@type\":\"SearchAction\",\"target\":{\"@type\":\"EntryPoint\",\"urlTemplate\":\"https:\/\/miguelcabello.com\/?s={search_term_string}\"},\"query-input\":{\"@type\":\"PropertyValueSpecification\",\"valueRequired\":true,\"valueName\":\"search_term_string\"}}],\"inLanguage\":\"en-US\"},{\"@type\":\"Organization\",\"@id\":\"https:\/\/miguelcabello.com\/#organization\",\"name\":\"Piscinas Miguel Cabello\",\"url\":\"https:\/\/miguelcabello.com\/\",\"logo\":{\"@type\":\"ImageObject\",\"inLanguage\":\"en-US\",\"@id\":\"https:\/\/miguelcabello.com\/#\/schema\/logo\/image\/\",\"url\":\"https:\/\/miguelcabello.com\/wp-content\/uploads\/2020\/01\/Logo-Miguel-Cabello-Piscinas.png\",\"contentUrl\":\"https:\/\/miguelcabello.com\/wp-content\/uploads\/2020\/01\/Logo-Miguel-Cabello-Piscinas.png\",\"width\":428,\"height\":41,\"caption\":\"Piscinas Miguel Cabello\"},\"image\":{\"@id\":\"https:\/\/miguelcabello.com\/#\/schema\/logo\/image\/\"}}]}<\/script>\n<!-- \/ Yoast SEO plugin. -->","yoast_head_json":{"title":"Niya Tracker 75 - Piscinas Miguel Cabello Elena","robots":{"index":"index","follow":"follow","max-snippet":"max-snippet:-1","max-image-preview":"max-image-preview:large","max-video-preview":"max-video-preview:-1"},"canonical":"https:\/\/miguelcabello.com\/en\/producto\/niya-tracker-75\/","og_locale":"en_US","og_type":"article","og_title":"Niya Tracker 75 - Piscinas Miguel Cabello Elena","og_description":"Limpia el suelo, las paredes y la l\u00ednea de flotaci\u00f3n de tu piscina en s\u00f3lo 3 horas (para piscinas de hasta 15 metros)","og_url":"https:\/\/miguelcabello.com\/en\/producto\/niya-tracker-75\/","og_site_name":"Piscinas Miguel Cabello Elena","article_modified_time":"2025-03-12T16:02:02+00:00","og_image":[{"width":1090,"height":1090,"url":"https:\/\/miguelcabello.com\/wp-content\/uploads\/2025\/03\/Niya_Tracker_75-dolphin-maytronics-limpiafondos-piscinas-miguel-cabello-ronda.webp","type":"image\/webp"}],"twitter_card":"summary_large_image","twitter_misc":{"Est. reading time":"1 minute"},"schema":{"@context":"https:\/\/schema.org","@graph":[{"@type":"WebPage","@id":"https:\/\/miguelcabello.com\/en\/producto\/niya-tracker-75\/","url":"https:\/\/miguelcabello.com\/en\/producto\/niya-tracker-75\/","name":"Niya Tracker 75 - Piscinas Miguel Cabello Elena","isPartOf":{"@id":"https:\/\/miguelcabello.com\/#website"},"primaryImageOfPage":{"@id":"https:\/\/miguelcabello.com\/en\/producto\/niya-tracker-75\/#primaryimage"},"image":{"@id":"https:\/\/miguelcabello.com\/en\/producto\/niya-tracker-75\/#primaryimage"},"thumbnailUrl":"https:\/\/miguelcabello.com\/wp-content\/uploads\/2025\/03\/Niya_Tracker_75-dolphin-maytronics-limpiafondos-piscinas-miguel-cabello-ronda.webp","datePublished":"2025-03-12T15:21:23+00:00","dateModified":"2025-03-12T16:02:02+00:00","breadcrumb":{"@id":"https:\/\/miguelcabello.com\/en\/producto\/niya-tracker-75\/#breadcrumb"},"inLanguage":"en-US","potentialAction":[{"@type":"ReadAction","target":["https:\/\/miguelcabello.com\/en\/producto\/niya-tracker-75\/"]}]},{"@type":"ImageObject","inLanguage":"en-US","@id":"https:\/\/miguelcabello.com\/en\/producto\/niya-tracker-75\/#primaryimage","url":"https:\/\/miguelcabello.com\/wp-content\/uploads\/2025\/03\/Niya_Tracker_75-dolphin-maytronics-limpiafondos-piscinas-miguel-cabello-ronda.webp","contentUrl":"https:\/\/miguelcabello.com\/wp-content\/uploads\/2025\/03\/Niya_Tracker_75-dolphin-maytronics-limpiafondos-piscinas-miguel-cabello-ronda.webp","width":1090,"height":1090},{"@type":"BreadcrumbList","@id":"https:\/\/miguelcabello.com\/en\/producto\/niya-tracker-75\/#breadcrumb","itemListElement":[{"@type":"ListItem","position":1,"name":"Portada","item":"https:\/\/miguelcabello.com\/en\/"},{"@type":"ListItem","position":2,"name":"Shop","item":"https:\/\/miguelcabello.com\/en\/shop-swimming-pool-products-online\/"},{"@type":"ListItem","position":3,"name":"Niya Tracker 75"}]},{"@type":"WebSite","@id":"https:\/\/miguelcabello.com\/#website","url":"https:\/\/miguelcabello.com\/","name":"Piscinas Miguel Cabello Elena","description":"Profesionales en piscinas y recambios","publisher":{"@id":"https:\/\/miguelcabello.com\/#organization"},"potentialAction":[{"@type":"SearchAction","target":{"@type":"EntryPoint","urlTemplate":"https:\/\/miguelcabello.com\/?s={search_term_string}"},"query-input":{"@type":"PropertyValueSpecification","valueRequired":true,"valueName":"search_term_string"}}],"inLanguage":"en-US"},{"@type":"Organization","@id":"https:\/\/miguelcabello.com\/#organization","name":"Piscinas Miguel Cabello","url":"https:\/\/miguelcabello.com\/","logo":{"@type":"ImageObject","inLanguage":"en-US","@id":"https:\/\/miguelcabello.com\/#\/schema\/logo\/image\/","url":"https:\/\/miguelcabello.com\/wp-content\/uploads\/2020\/01\/Logo-Miguel-Cabello-Piscinas.png","contentUrl":"https:\/\/miguelcabello.com\/wp-content\/uploads\/2020\/01\/Logo-Miguel-Cabello-Piscinas.png","width":428,"height":41,"caption":"Piscinas Miguel Cabello"},"image":{"@id":"https:\/\/miguelcabello.com\/#\/schema\/logo\/image\/"}}]}},"_links":{"self":[{"href":"https:\/\/miguelcabello.com\/en\/wp-json\/wp\/v2\/product\/13403","targetHints":{"allow":["GET"]}}],"collection":[{"href":"https:\/\/miguelcabello.com\/en\/wp-json\/wp\/v2\/product"}],"about":[{"href":"https:\/\/miguelcabello.com\/en\/wp-json\/wp\/v2\/types\/product"}],"wp:featuredmedia":[{"embeddable":true,"href":"https:\/\/miguelcabello.com\/en\/wp-json\/wp\/v2\/media\/13404"}],"wp:attachment":[{"href":"https:\/\/miguelcabello.com\/en\/wp-json\/wp\/v2\/media?parent=13403"}],"wp:term":[{"taxonomy":"product_brand","embeddable":true,"href":"https:\/\/miguelcabello.com\/en\/wp-json\/wp\/v2\/product_brand?post=13403"},{"taxonomy":"product_cat","embeddable":true,"href":"https:\/\/miguelcabello.com\/en\/wp-json\/wp\/v2\/product_cat?post=13403"},{"taxonomy":"product_tag","embeddable":true,"href":"https:\/\/miguelcabello.com\/en\/wp-json\/wp\/v2\/product_tag?post=13403"}],"curies":[{"name":"wp","href":"https:\/\/api.w.org\/{rel}","templated":true}]}}