{"id":13070,"date":"2023-09-22T14:05:45","date_gmt":"2023-09-22T12:05:45","guid":{"rendered":"https:\/\/miguelcabello.com\/?post_type=product&#038;p=13070"},"modified":"2025-03-12T17:09:10","modified_gmt":"2025-03-12T16:09:10","slug":"dolphin-s200","status":"publish","type":"product","link":"https:\/\/miguelcabello.com\/en\/producto\/dolphin-s200\/","title":{"rendered":"Dolphin S200"},"content":{"rendered":"<p>Dise\u00f1ado para lograr una limpieza profunda, el Dolphin S200 es muy eficaz en superficies verticales para una limpieza intensa de las paredes y la l\u00ednea de flotaci\u00f3n. Gracias a su gran capacidad de filtraci\u00f3n, la suciedad y los residuos no pueden esconderse de este limpiafondos.<\/p>\n<h2 class=\"fs-30 lh-36 fs-lg-50 lh-lg-54 mb-4\">Caracter\u00edsticas Principales<\/h2>\n<div class=\"row\">\n<div class=\"col-12 col-lg-4 mb-4 mb-lg-5\">\n<div class=\"feature-icon mb-2\"><img decoding=\"async\" class=\"img-fluid\" title=\"Cepillado Activo\" src=\"https:\/\/www.maytronics.com\/on\/demandware.static\/-\/Sites\/default\/dw3daefba3\/images\/icon\/Powerful%20Active%20Scrubbing_2022_80X80.png\" alt=\"\" \/><\/div>\n<h3 class=\"mb-2 fs-18 lh-24 ff-inter\">Cepillado Activo<\/h3>\n<p>Cepillado intenso que elimina algas y bacterias<\/p>\n<\/div>\n<div class=\"col-12 col-lg-4 mb-4 mb-lg-5\">\n<div class=\"feature-icon mb-2\"><img decoding=\"async\" class=\"img-fluid\" title=\"Limpieza de la l\u00ednea de flotaci\u00f3n\" src=\"https:\/\/www.maytronics.com\/on\/demandware.static\/-\/Sites\/default\/dw1df75aa7\/images\/icon\/Waterline%20Scrubbing_2022_80X80.png\" alt=\"\" \/><\/div>\n<h3 class=\"mb-2 fs-18 lh-24 ff-inter\">Limpieza de la l\u00ednea de flotaci\u00f3n<\/h3>\n<p>M\u00e1xima eficiencia en superficies verticales para una limpieza \u00f3ptima de la l\u00ednea de flotaci\u00f3n<\/p>\n<\/div>\n<div class=\"col-12 col-lg-4 mb-4 mb-lg-5\">\n<div class=\"feature-icon mb-2\"><img decoding=\"async\" class=\"img-fluid\" title=\"Acceso superior a los filtros\" src=\"https:\/\/www.maytronics.com\/on\/demandware.static\/-\/Sites\/default\/dw0fe3bb55\/images\/product-features\/icons\/Easy%20Access%20Top%20Load%20Filter_2022_80X80.png\" alt=\"\" \/><\/div>\n<h3 class=\"mb-2 fs-18 lh-24 ff-inter\">Acceso superior a los filtros<\/h3>\n<p>Saca la cesta, abre la base, enjuaga y \u00a1listo!<\/p>\n<\/div>\n<div class=\"col-12 col-lg-4 mb-4 mb-lg-5\">\n<div class=\"feature-icon mb-2\"><img decoding=\"async\" class=\"img-fluid\" title=\"Filtraci\u00f3n multicapa\" src=\"https:\/\/www.maytronics.com\/on\/demandware.static\/-\/Sites\/default\/dw51145436\/images\/product-features\/icons\/Multi-layer%20Filtration%20System_2022_80X80.png\" alt=\"\" \/><\/div>\n<h3 class=\"mb-2 fs-18 lh-24 ff-inter\">Filtraci\u00f3n multicapa<\/h3>\n<p>Sistema integrado y pantentado de filtraci\u00f3n fina y ultrafina para una piscina impecable<\/p>\n<\/div>\n<div class=\"col-12 col-lg-4 mb-4 mb-lg-5\">\n<div class=\"feature-icon mb-2\"><img decoding=\"async\" class=\"img-fluid\" title=\"Ligero\" src=\"https:\/\/www.maytronics.com\/on\/demandware.static\/-\/Sites\/default\/dw4d0b7c7a\/images\/icon\/Lightweight_2022_80X80.png\" alt=\"\" \/><\/div>\n<h3 class=\"mb-2 fs-18 lh-24 ff-inter\">Ligero<\/h3>\n<p>Dise\u00f1o ligero para facilitar su traslado y manejo<\/p>\n<\/div>\n<div class=\"col-12 col-lg-4 mb-4 mb-lg-5\">\n<div class=\"feature-icon mb-2\"><img decoding=\"async\" class=\"img-fluid\" title=\"Sistema de movilidad PowerStream\u2122\" src=\"https:\/\/www.maytronics.com\/on\/demandware.static\/-\/Sites\/default\/dwa1f846fb\/images\/icon\/PowerStream%E2%84%A2%20Technology_2022_80X80.png\" alt=\"\" \/><\/div>\n<h3 class=\"mb-2 fs-18 lh-24 ff-inter\">Sistema de movilidad PowerStream\u2122<\/h3>\n<p>Desplazamiento multidireccional para una mejor adherencia y una cobertura total de la piscina<\/p>\n<h3 class=\"ff-inter fs-15 lh-20 fs-lg-20 lh-lg-30 mb-0\">Tama\u00f1o y Dimensiones<\/h3>\n<ul id=\"collapsible-attributes-1\" class=\"collapsible-xl\">\n<li><span class=\"col\">Peso del Robot <\/span><span class=\"col\">8.13 Kg.<\/span><\/li>\n<li class=\"attribute-values d-flex flex-row align-items-center fs-15 lh-20 fw-medium \"><span class=\"col\">Dimensiones del Embalaje<\/span><span class=\"col\">563.0&#215;446.0x325.0 mm<\/span><\/li>\n<li class=\"attribute-values d-flex flex-row align-items-center fs-15 lh-20 fw-medium colored-background\"><span class=\"col\">Longitud del cable<\/span><span class=\"col\">18 m<\/span><\/li>\n<li class=\"attribute-values d-flex flex-row align-items-center fs-15 lh-20 fw-medium colored-background\"><span class=\"col\">Peso Bruto<\/span><span class=\"col\"><span class=\"col\"><span class=\"col\">12.3 Kg.<\/span><\/span><\/span><br \/>\n<h3 class=\"ff-inter fs-15 lh-20 fs-lg-20 lh-lg-30 mb-0\">Limpieza<\/h3>\n<\/li>\n<li class=\"attribute-values d-flex flex-row align-items-center fs-15 lh-20 fw-medium colored-background\"><span class=\"col\">Tipo de Filtro: <\/span><span class=\"col\">Multicapa<\/span><\/li>\n<li class=\"attribute-values d-flex flex-row align-items-center fs-15 lh-20 fw-medium \"><span class=\"col\">Acceso al Filtro: <\/span><span class=\"col\">Acceso Superior<\/span><\/li>\n<li class=\"attribute-values d-flex flex-row align-items-center fs-15 lh-20 fw-medium colored-background\"><span class=\"col\">Cobertura de Limpieza: <\/span><span class=\"col\">Fondo, Paredes y L\u00ednea de flotaci\u00f3n<\/span><\/li>\n<li class=\"attribute-values d-flex flex-row align-items-center fs-15 lh-20 fw-medium colored-background\"><span class=\"col\">Limpieza de la L\u00ednea de flotaci\u00f3n\u00a0 \u00a0 <\/span><\/li>\n<li class=\"attribute-values d-flex flex-row align-items-center fs-15 lh-20 fw-medium colored-background\"><span class=\"col\">2 Ciclo Predeterminado<\/span><\/li>\n<li class=\"attribute-values d-flex flex-row align-items-center fs-15 lh-20 fw-medium \"><span class=\"col\">Cepillo Activo<\/span><\/li>\n<li class=\"attribute-values d-flex flex-row align-items-center fs-15 lh-20 fw-medium colored-background\"><span class=\"col\">N\u00famero de Cepillos:\u00a0 <\/span><span class=\"col\">2<\/span><\/li>\n<li class=\"attribute-values d-flex flex-row align-items-center fs-15 lh-20 fw-medium \"><span class=\"col\">Cepillo Combinado<\/span><\/li>\n<li class=\"attribute-values d-flex flex-row align-items-center fs-15 lh-20 fw-medium colored-background\"><span class=\"col\">Swivel anti-nudos: <\/span><span class=\"col\">No<\/span><\/li>\n<li class=\"attribute-values d-flex flex-row align-items-center fs-15 lh-20 fw-medium \"><span class=\"col\">Poder de aspiraci\u00f3n <\/span><span class=\"col\"><span class=\"col\">15 M\u1dbe \/ H\u00a0<\/span><\/span>\n<div class=\"title text-left\" aria-expanded=\"true\" aria-controls=\"collapsible-attributes-3\">\n<h3 class=\"ff-inter fs-15 lh-20 fs-lg-20 lh-lg-30 mb-0\">Caracter\u00edsticas de la Piscina<\/h3>\n<\/div>\n<ul id=\"collapsible-attributes-3\" class=\"collapsible-xl\">\n<li class=\"attribute-values d-flex flex-row align-items-center fs-15 lh-20 fw-medium colored-background\"><span class=\"col\">Tama\u00f1o M\u00e1ximo de Piscina: <\/span><span class=\"col\">12 m<\/span><\/li>\n<li class=\"attribute-values d-flex flex-row align-items-center fs-15 lh-20 fw-medium \"><span class=\"col\">Forma de la Piscina: <\/span><span class=\"col\"><span class=\"col\">Rectangular, Forma libre, Ri\u00f1\u00f3n\u00a0 \u00a0 \u00a0<\/span><\/span>\n<div class=\"title text-left\" aria-expanded=\"true\" aria-controls=\"collapsible-attributes-4\">\n<h3 class=\"ff-inter fs-15 lh-20 fs-lg-20 lh-lg-30 mb-0\">Otros<\/h3>\n<\/div>\n<ul id=\"collapsible-attributes-4\" class=\"collapsible-xl\">\n<li class=\"attribute-values d-flex flex-row align-items-center fs-15 lh-20 fw-medium colored-background\"><span class=\"col\">Garant\u00eda: <\/span><span class=\"col\">3 Years<\/span><\/li>\n<\/ul>\n<\/li>\n<\/ul>\n<\/li>\n<\/ul>\n<\/div>\n<\/div>\n","protected":false},"excerpt":{"rendered":"<h2 class=\"sub-headline-1 fs-24 lh-40\">Compacto y potente<\/h2>\n","protected":false},"featured_media":13071,"template":"","meta":[],"product_brand":[],"product_cat":[509,74],"product_tag":[504,505],"class_list":{"0":"post-13070","1":"product","2":"type-product","3":"status-publish","4":"has-post-thumbnail","6":"product_cat-con-cable","7":"product_cat-robot","8":"product_tag-dolphin","9":"product_tag-maytronics","11":"first","12":"instock","13":"taxable","14":"shipping-taxable","15":"product-type-simple"},"bundled_by":[],"bundle_stock_status":"instock","bundle_stock_quantity":null,"bundle_virtual":false,"bundle_layout":"","bundle_add_to_cart_form_location":"","bundle_editable_in_cart":false,"bundle_sold_individually_context":"","bundle_item_grouping":"","bundle_min_size":"","bundle_max_size":"","bundle_price":[],"bundled_items":[],"bundle_sell_ids":[],"yoast_head":"<!-- This site is optimized with the Yoast SEO plugin v26.8 - https:\/\/yoast.com\/product\/yoast-seo-wordpress\/ -->\n<title>Dolphin S200 - Piscinas Miguel Cabello Elena<\/title>\n<meta name=\"robots\" content=\"index, follow, max-snippet:-1, max-image-preview:large, max-video-preview:-1\" \/>\n<link rel=\"canonical\" href=\"https:\/\/miguelcabello.com\/en\/producto\/dolphin-s200\/\" \/>\n<meta property=\"og:locale\" content=\"en_US\" \/>\n<meta property=\"og:type\" content=\"article\" \/>\n<meta property=\"og:title\" content=\"Dolphin S200 - Piscinas Miguel Cabello Elena\" \/>\n<meta property=\"og:description\" content=\"Compacto y potente\" \/>\n<meta property=\"og:url\" content=\"https:\/\/miguelcabello.com\/en\/producto\/dolphin-s200\/\" \/>\n<meta property=\"og:site_name\" content=\"Piscinas Miguel Cabello Elena\" \/>\n<meta property=\"article:modified_time\" content=\"2025-03-12T16:09:10+00:00\" \/>\n<meta property=\"og:image\" content=\"https:\/\/miguelcabello.com\/wp-content\/uploads\/2023\/09\/Dolphin-s200-limpiafondos-robot-piscina-miguel-cabello-maytronics.jpg\" \/>\n\t<meta property=\"og:image:width\" content=\"1090\" \/>\n\t<meta property=\"og:image:height\" content=\"1090\" \/>\n\t<meta property=\"og:image:type\" content=\"image\/jpeg\" \/>\n<meta name=\"twitter:card\" content=\"summary_large_image\" \/>\n<meta name=\"twitter:label1\" content=\"Est. reading time\" \/>\n\t<meta name=\"twitter:data1\" content=\"3 minutes\" \/>\n<script type=\"application\/ld+json\" class=\"yoast-schema-graph\">{\"@context\":\"https:\/\/schema.org\",\"@graph\":[{\"@type\":\"WebPage\",\"@id\":\"https:\/\/miguelcabello.com\/en\/producto\/dolphin-s200\/\",\"url\":\"https:\/\/miguelcabello.com\/en\/producto\/dolphin-s200\/\",\"name\":\"Dolphin S200 - Piscinas Miguel Cabello Elena\",\"isPartOf\":{\"@id\":\"https:\/\/miguelcabello.com\/#website\"},\"primaryImageOfPage\":{\"@id\":\"https:\/\/miguelcabello.com\/en\/producto\/dolphin-s200\/#primaryimage\"},\"image\":{\"@id\":\"https:\/\/miguelcabello.com\/en\/producto\/dolphin-s200\/#primaryimage\"},\"thumbnailUrl\":\"https:\/\/miguelcabello.com\/wp-content\/uploads\/2023\/09\/Dolphin-s200-limpiafondos-robot-piscina-miguel-cabello-maytronics.jpg\",\"datePublished\":\"2023-09-22T12:05:45+00:00\",\"dateModified\":\"2025-03-12T16:09:10+00:00\",\"breadcrumb\":{\"@id\":\"https:\/\/miguelcabello.com\/en\/producto\/dolphin-s200\/#breadcrumb\"},\"inLanguage\":\"en-US\",\"potentialAction\":[{\"@type\":\"ReadAction\",\"target\":[\"https:\/\/miguelcabello.com\/en\/producto\/dolphin-s200\/\"]}]},{\"@type\":\"ImageObject\",\"inLanguage\":\"en-US\",\"@id\":\"https:\/\/miguelcabello.com\/en\/producto\/dolphin-s200\/#primaryimage\",\"url\":\"https:\/\/miguelcabello.com\/wp-content\/uploads\/2023\/09\/Dolphin-s200-limpiafondos-robot-piscina-miguel-cabello-maytronics.jpg\",\"contentUrl\":\"https:\/\/miguelcabello.com\/wp-content\/uploads\/2023\/09\/Dolphin-s200-limpiafondos-robot-piscina-miguel-cabello-maytronics.jpg\",\"width\":1090,\"height\":1090,\"caption\":\"Dolphin s200 limpiafondos robot piscina miguel cabello maytronics\"},{\"@type\":\"BreadcrumbList\",\"@id\":\"https:\/\/miguelcabello.com\/en\/producto\/dolphin-s200\/#breadcrumb\",\"itemListElement\":[{\"@type\":\"ListItem\",\"position\":1,\"name\":\"Portada\",\"item\":\"https:\/\/miguelcabello.com\/en\/\"},{\"@type\":\"ListItem\",\"position\":2,\"name\":\"Shop\",\"item\":\"https:\/\/miguelcabello.com\/en\/shop-swimming-pool-products-online\/\"},{\"@type\":\"ListItem\",\"position\":3,\"name\":\"Dolphin S200\"}]},{\"@type\":\"WebSite\",\"@id\":\"https:\/\/miguelcabello.com\/#website\",\"url\":\"https:\/\/miguelcabello.com\/\",\"name\":\"Piscinas Miguel Cabello Elena\",\"description\":\"Profesionales en piscinas y recambios\",\"publisher\":{\"@id\":\"https:\/\/miguelcabello.com\/#organization\"},\"potentialAction\":[{\"@type\":\"SearchAction\",\"target\":{\"@type\":\"EntryPoint\",\"urlTemplate\":\"https:\/\/miguelcabello.com\/?s={search_term_string}\"},\"query-input\":{\"@type\":\"PropertyValueSpecification\",\"valueRequired\":true,\"valueName\":\"search_term_string\"}}],\"inLanguage\":\"en-US\"},{\"@type\":\"Organization\",\"@id\":\"https:\/\/miguelcabello.com\/#organization\",\"name\":\"Piscinas Miguel Cabello\",\"url\":\"https:\/\/miguelcabello.com\/\",\"logo\":{\"@type\":\"ImageObject\",\"inLanguage\":\"en-US\",\"@id\":\"https:\/\/miguelcabello.com\/#\/schema\/logo\/image\/\",\"url\":\"https:\/\/miguelcabello.com\/wp-content\/uploads\/2020\/01\/Logo-Miguel-Cabello-Piscinas.png\",\"contentUrl\":\"https:\/\/miguelcabello.com\/wp-content\/uploads\/2020\/01\/Logo-Miguel-Cabello-Piscinas.png\",\"width\":428,\"height\":41,\"caption\":\"Piscinas Miguel Cabello\"},\"image\":{\"@id\":\"https:\/\/miguelcabello.com\/#\/schema\/logo\/image\/\"}}]}<\/script>\n<!-- \/ Yoast SEO plugin. -->","yoast_head_json":{"title":"Dolphin S200 - Piscinas Miguel Cabello Elena","robots":{"index":"index","follow":"follow","max-snippet":"max-snippet:-1","max-image-preview":"max-image-preview:large","max-video-preview":"max-video-preview:-1"},"canonical":"https:\/\/miguelcabello.com\/en\/producto\/dolphin-s200\/","og_locale":"en_US","og_type":"article","og_title":"Dolphin S200 - Piscinas Miguel Cabello Elena","og_description":"Compacto y potente","og_url":"https:\/\/miguelcabello.com\/en\/producto\/dolphin-s200\/","og_site_name":"Piscinas Miguel Cabello Elena","article_modified_time":"2025-03-12T16:09:10+00:00","og_image":[{"width":1090,"height":1090,"url":"https:\/\/miguelcabello.com\/wp-content\/uploads\/2023\/09\/Dolphin-s200-limpiafondos-robot-piscina-miguel-cabello-maytronics.jpg","type":"image\/jpeg"}],"twitter_card":"summary_large_image","twitter_misc":{"Est. reading time":"3 minutes"},"schema":{"@context":"https:\/\/schema.org","@graph":[{"@type":"WebPage","@id":"https:\/\/miguelcabello.com\/en\/producto\/dolphin-s200\/","url":"https:\/\/miguelcabello.com\/en\/producto\/dolphin-s200\/","name":"Dolphin S200 - Piscinas Miguel Cabello Elena","isPartOf":{"@id":"https:\/\/miguelcabello.com\/#website"},"primaryImageOfPage":{"@id":"https:\/\/miguelcabello.com\/en\/producto\/dolphin-s200\/#primaryimage"},"image":{"@id":"https:\/\/miguelcabello.com\/en\/producto\/dolphin-s200\/#primaryimage"},"thumbnailUrl":"https:\/\/miguelcabello.com\/wp-content\/uploads\/2023\/09\/Dolphin-s200-limpiafondos-robot-piscina-miguel-cabello-maytronics.jpg","datePublished":"2023-09-22T12:05:45+00:00","dateModified":"2025-03-12T16:09:10+00:00","breadcrumb":{"@id":"https:\/\/miguelcabello.com\/en\/producto\/dolphin-s200\/#breadcrumb"},"inLanguage":"en-US","potentialAction":[{"@type":"ReadAction","target":["https:\/\/miguelcabello.com\/en\/producto\/dolphin-s200\/"]}]},{"@type":"ImageObject","inLanguage":"en-US","@id":"https:\/\/miguelcabello.com\/en\/producto\/dolphin-s200\/#primaryimage","url":"https:\/\/miguelcabello.com\/wp-content\/uploads\/2023\/09\/Dolphin-s200-limpiafondos-robot-piscina-miguel-cabello-maytronics.jpg","contentUrl":"https:\/\/miguelcabello.com\/wp-content\/uploads\/2023\/09\/Dolphin-s200-limpiafondos-robot-piscina-miguel-cabello-maytronics.jpg","width":1090,"height":1090,"caption":"Dolphin s200 limpiafondos robot piscina miguel cabello maytronics"},{"@type":"BreadcrumbList","@id":"https:\/\/miguelcabello.com\/en\/producto\/dolphin-s200\/#breadcrumb","itemListElement":[{"@type":"ListItem","position":1,"name":"Portada","item":"https:\/\/miguelcabello.com\/en\/"},{"@type":"ListItem","position":2,"name":"Shop","item":"https:\/\/miguelcabello.com\/en\/shop-swimming-pool-products-online\/"},{"@type":"ListItem","position":3,"name":"Dolphin S200"}]},{"@type":"WebSite","@id":"https:\/\/miguelcabello.com\/#website","url":"https:\/\/miguelcabello.com\/","name":"Piscinas Miguel Cabello Elena","description":"Profesionales en piscinas y recambios","publisher":{"@id":"https:\/\/miguelcabello.com\/#organization"},"potentialAction":[{"@type":"SearchAction","target":{"@type":"EntryPoint","urlTemplate":"https:\/\/miguelcabello.com\/?s={search_term_string}"},"query-input":{"@type":"PropertyValueSpecification","valueRequired":true,"valueName":"search_term_string"}}],"inLanguage":"en-US"},{"@type":"Organization","@id":"https:\/\/miguelcabello.com\/#organization","name":"Piscinas Miguel Cabello","url":"https:\/\/miguelcabello.com\/","logo":{"@type":"ImageObject","inLanguage":"en-US","@id":"https:\/\/miguelcabello.com\/#\/schema\/logo\/image\/","url":"https:\/\/miguelcabello.com\/wp-content\/uploads\/2020\/01\/Logo-Miguel-Cabello-Piscinas.png","contentUrl":"https:\/\/miguelcabello.com\/wp-content\/uploads\/2020\/01\/Logo-Miguel-Cabello-Piscinas.png","width":428,"height":41,"caption":"Piscinas Miguel Cabello"},"image":{"@id":"https:\/\/miguelcabello.com\/#\/schema\/logo\/image\/"}}]}},"_links":{"self":[{"href":"https:\/\/miguelcabello.com\/en\/wp-json\/wp\/v2\/product\/13070","targetHints":{"allow":["GET"]}}],"collection":[{"href":"https:\/\/miguelcabello.com\/en\/wp-json\/wp\/v2\/product"}],"about":[{"href":"https:\/\/miguelcabello.com\/en\/wp-json\/wp\/v2\/types\/product"}],"wp:featuredmedia":[{"embeddable":true,"href":"https:\/\/miguelcabello.com\/en\/wp-json\/wp\/v2\/media\/13071"}],"wp:attachment":[{"href":"https:\/\/miguelcabello.com\/en\/wp-json\/wp\/v2\/media?parent=13070"}],"wp:term":[{"taxonomy":"product_brand","embeddable":true,"href":"https:\/\/miguelcabello.com\/en\/wp-json\/wp\/v2\/product_brand?post=13070"},{"taxonomy":"product_cat","embeddable":true,"href":"https:\/\/miguelcabello.com\/en\/wp-json\/wp\/v2\/product_cat?post=13070"},{"taxonomy":"product_tag","embeddable":true,"href":"https:\/\/miguelcabello.com\/en\/wp-json\/wp\/v2\/product_tag?post=13070"}],"curies":[{"name":"wp","href":"https:\/\/api.w.org\/{rel}","templated":true}]}}