{"id":13051,"date":"2023-09-22T13:16:15","date_gmt":"2023-09-22T11:16:15","guid":{"rendered":"https:\/\/miguelcabello.com\/?post_type=product&#038;p=13051"},"modified":"2025-09-11T12:38:30","modified_gmt":"2025-09-11T10:38:30","slug":"invernador-para-piscina-de-liner-y-poliester","status":"publish","type":"product","link":"https:\/\/miguelcabello.com\/en\/producto\/invernador-para-piscina-de-liner-y-poliester\/","title":{"rendered":"Invernador para  piscina de liner y poli\u00e9ster"},"content":{"rendered":"<p>Invernador para el mantenimiento del agua en piscinas descubiertas durante el per\u00edodo invernal, evitando la proliferaci\u00f3n intensa de algas y bacterias, que producen la putrefacci\u00f3n del agua y la formaci\u00f3n de sedimentos calc\u00e1reos. Facilita la limpieza en primavera y evita la prolilferaci\u00f3n de todo tipo de algas. Compatible con todo tipo de sistemas de filtraci\u00f3n. No espumante.<\/p>\n","protected":false},"excerpt":{"rendered":"<p>Invernador para el mantenimiento del agua en piscinas descubiertas durante el per\u00edodo invernal, evitando la proliferaci\u00f3n intensa de algas y bacterias, que producen la putrefacci\u00f3n del agua y la formaci\u00f3n de sedimentos calc\u00e1reos. Facilita la limpieza en primavera y evita la prolilferaci\u00f3n de todo tipo de algas. Compatible con todo tipo de sistemas de filtraci\u00f3n. [&hellip;]<\/p>\n","protected":false},"featured_media":13052,"template":"","meta":[],"product_brand":[],"product_cat":[98,39],"product_tag":[498],"class_list":{"0":"post-13051","1":"product","2":"type-product","3":"status-publish","4":"has-post-thumbnail","6":"product_cat-invernaje","7":"product_cat-productos-quimicos","8":"product_tag-tejar-viejo","9":"product_shipping_class-paquete-hasta-3kg","11":"first","12":"outofstock","13":"taxable","14":"shipping-taxable","15":"purchasable","16":"product-type-simple"},"bundled_by":[],"bundle_stock_status":"outofstock","bundle_stock_quantity":null,"bundle_virtual":false,"bundle_layout":"","bundle_add_to_cart_form_location":"","bundle_editable_in_cart":false,"bundle_sold_individually_context":"","bundle_item_grouping":"","bundle_min_size":"","bundle_max_size":"","bundle_price":[],"bundled_items":[],"bundle_sell_ids":[],"yoast_head":"<!-- This site is optimized with the Yoast SEO plugin v26.8 - https:\/\/yoast.com\/product\/yoast-seo-wordpress\/ -->\n<title>Invernador para piscina de liner y poli\u00e9ster - Piscinas Miguel Cabello Elena<\/title>\n<meta name=\"robots\" content=\"index, follow, max-snippet:-1, max-image-preview:large, max-video-preview:-1\" \/>\n<link rel=\"canonical\" href=\"https:\/\/miguelcabello.com\/en\/producto\/invernador-para-piscina-de-liner-y-poliester\/\" \/>\n<meta property=\"og:locale\" content=\"en_US\" \/>\n<meta property=\"og:type\" content=\"article\" \/>\n<meta property=\"og:title\" content=\"Invernador para piscina de liner y poli\u00e9ster - Piscinas Miguel Cabello Elena\" \/>\n<meta property=\"og:description\" content=\"Invernador para el mantenimiento del agua en piscinas descubiertas durante el per\u00edodo invernal, evitando la proliferaci\u00f3n intensa de algas y bacterias, que producen la putrefacci\u00f3n del agua y la formaci\u00f3n de sedimentos calc\u00e1reos. Facilita la limpieza en primavera y evita la prolilferaci\u00f3n de todo tipo de algas. Compatible con todo tipo de sistemas de filtraci\u00f3n. [&hellip;]\" \/>\n<meta property=\"og:url\" content=\"https:\/\/miguelcabello.com\/en\/producto\/invernador-para-piscina-de-liner-y-poliester\/\" \/>\n<meta property=\"og:site_name\" content=\"Piscinas Miguel Cabello Elena\" \/>\n<meta property=\"article:modified_time\" content=\"2025-09-11T10:38:30+00:00\" \/>\n<meta property=\"og:image\" content=\"https:\/\/miguelcabello.com\/wp-content\/uploads\/2023\/09\/INVERNADOR-htv-651-liner-y-poliester-5L-tejar-Viejo-PISCINA-AGUA-MIGUEL-CABELLO.jpg\" \/>\n\t<meta property=\"og:image:width\" content=\"600\" \/>\n\t<meta property=\"og:image:height\" content=\"450\" \/>\n\t<meta property=\"og:image:type\" content=\"image\/jpeg\" \/>\n<meta name=\"twitter:card\" content=\"summary_large_image\" \/>\n<meta name=\"twitter:label1\" content=\"Est. reading time\" \/>\n\t<meta name=\"twitter:data1\" content=\"1 minute\" \/>\n<script type=\"application\/ld+json\" class=\"yoast-schema-graph\">{\"@context\":\"https:\/\/schema.org\",\"@graph\":[{\"@type\":\"WebPage\",\"@id\":\"https:\/\/miguelcabello.com\/en\/producto\/invernador-para-piscina-de-liner-y-poliester\/\",\"url\":\"https:\/\/miguelcabello.com\/en\/producto\/invernador-para-piscina-de-liner-y-poliester\/\",\"name\":\"Invernador para piscina de liner y poli\u00e9ster - Piscinas Miguel Cabello Elena\",\"isPartOf\":{\"@id\":\"https:\/\/miguelcabello.com\/#website\"},\"primaryImageOfPage\":{\"@id\":\"https:\/\/miguelcabello.com\/en\/producto\/invernador-para-piscina-de-liner-y-poliester\/#primaryimage\"},\"image\":{\"@id\":\"https:\/\/miguelcabello.com\/en\/producto\/invernador-para-piscina-de-liner-y-poliester\/#primaryimage\"},\"thumbnailUrl\":\"https:\/\/miguelcabello.com\/wp-content\/uploads\/2023\/09\/INVERNADOR-htv-651-liner-y-poliester-5L-tejar-Viejo-PISCINA-AGUA-MIGUEL-CABELLO.jpg\",\"datePublished\":\"2023-09-22T11:16:15+00:00\",\"dateModified\":\"2025-09-11T10:38:30+00:00\",\"breadcrumb\":{\"@id\":\"https:\/\/miguelcabello.com\/en\/producto\/invernador-para-piscina-de-liner-y-poliester\/#breadcrumb\"},\"inLanguage\":\"en-US\",\"potentialAction\":[{\"@type\":\"ReadAction\",\"target\":[\"https:\/\/miguelcabello.com\/en\/producto\/invernador-para-piscina-de-liner-y-poliester\/\"]}]},{\"@type\":\"ImageObject\",\"inLanguage\":\"en-US\",\"@id\":\"https:\/\/miguelcabello.com\/en\/producto\/invernador-para-piscina-de-liner-y-poliester\/#primaryimage\",\"url\":\"https:\/\/miguelcabello.com\/wp-content\/uploads\/2023\/09\/INVERNADOR-htv-651-liner-y-poliester-5L-tejar-Viejo-PISCINA-AGUA-MIGUEL-CABELLO.jpg\",\"contentUrl\":\"https:\/\/miguelcabello.com\/wp-content\/uploads\/2023\/09\/INVERNADOR-htv-651-liner-y-poliester-5L-tejar-Viejo-PISCINA-AGUA-MIGUEL-CABELLO.jpg\",\"width\":600,\"height\":450},{\"@type\":\"BreadcrumbList\",\"@id\":\"https:\/\/miguelcabello.com\/en\/producto\/invernador-para-piscina-de-liner-y-poliester\/#breadcrumb\",\"itemListElement\":[{\"@type\":\"ListItem\",\"position\":1,\"name\":\"Portada\",\"item\":\"https:\/\/miguelcabello.com\/en\/\"},{\"@type\":\"ListItem\",\"position\":2,\"name\":\"Shop\",\"item\":\"https:\/\/miguelcabello.com\/en\/shop-swimming-pool-products-online\/\"},{\"@type\":\"ListItem\",\"position\":3,\"name\":\"Invernador para piscina de liner y poli\u00e9ster\"}]},{\"@type\":\"WebSite\",\"@id\":\"https:\/\/miguelcabello.com\/#website\",\"url\":\"https:\/\/miguelcabello.com\/\",\"name\":\"Piscinas Miguel Cabello Elena\",\"description\":\"Profesionales en piscinas y recambios\",\"publisher\":{\"@id\":\"https:\/\/miguelcabello.com\/#organization\"},\"potentialAction\":[{\"@type\":\"SearchAction\",\"target\":{\"@type\":\"EntryPoint\",\"urlTemplate\":\"https:\/\/miguelcabello.com\/?s={search_term_string}\"},\"query-input\":{\"@type\":\"PropertyValueSpecification\",\"valueRequired\":true,\"valueName\":\"search_term_string\"}}],\"inLanguage\":\"en-US\"},{\"@type\":\"Organization\",\"@id\":\"https:\/\/miguelcabello.com\/#organization\",\"name\":\"Piscinas Miguel Cabello\",\"url\":\"https:\/\/miguelcabello.com\/\",\"logo\":{\"@type\":\"ImageObject\",\"inLanguage\":\"en-US\",\"@id\":\"https:\/\/miguelcabello.com\/#\/schema\/logo\/image\/\",\"url\":\"https:\/\/miguelcabello.com\/wp-content\/uploads\/2020\/01\/Logo-Miguel-Cabello-Piscinas.png\",\"contentUrl\":\"https:\/\/miguelcabello.com\/wp-content\/uploads\/2020\/01\/Logo-Miguel-Cabello-Piscinas.png\",\"width\":428,\"height\":41,\"caption\":\"Piscinas Miguel Cabello\"},\"image\":{\"@id\":\"https:\/\/miguelcabello.com\/#\/schema\/logo\/image\/\"}}]}<\/script>\n<!-- \/ Yoast SEO plugin. -->","yoast_head_json":{"title":"Invernador para piscina de liner y poli\u00e9ster - Piscinas Miguel Cabello Elena","robots":{"index":"index","follow":"follow","max-snippet":"max-snippet:-1","max-image-preview":"max-image-preview:large","max-video-preview":"max-video-preview:-1"},"canonical":"https:\/\/miguelcabello.com\/en\/producto\/invernador-para-piscina-de-liner-y-poliester\/","og_locale":"en_US","og_type":"article","og_title":"Invernador para piscina de liner y poli\u00e9ster - Piscinas Miguel Cabello Elena","og_description":"Invernador para el mantenimiento del agua en piscinas descubiertas durante el per\u00edodo invernal, evitando la proliferaci\u00f3n intensa de algas y bacterias, que producen la putrefacci\u00f3n del agua y la formaci\u00f3n de sedimentos calc\u00e1reos. Facilita la limpieza en primavera y evita la prolilferaci\u00f3n de todo tipo de algas. Compatible con todo tipo de sistemas de filtraci\u00f3n. [&hellip;]","og_url":"https:\/\/miguelcabello.com\/en\/producto\/invernador-para-piscina-de-liner-y-poliester\/","og_site_name":"Piscinas Miguel Cabello Elena","article_modified_time":"2025-09-11T10:38:30+00:00","og_image":[{"width":600,"height":450,"url":"https:\/\/miguelcabello.com\/wp-content\/uploads\/2023\/09\/INVERNADOR-htv-651-liner-y-poliester-5L-tejar-Viejo-PISCINA-AGUA-MIGUEL-CABELLO.jpg","type":"image\/jpeg"}],"twitter_card":"summary_large_image","twitter_misc":{"Est. reading time":"1 minute"},"schema":{"@context":"https:\/\/schema.org","@graph":[{"@type":"WebPage","@id":"https:\/\/miguelcabello.com\/en\/producto\/invernador-para-piscina-de-liner-y-poliester\/","url":"https:\/\/miguelcabello.com\/en\/producto\/invernador-para-piscina-de-liner-y-poliester\/","name":"Invernador para piscina de liner y poli\u00e9ster - Piscinas Miguel Cabello Elena","isPartOf":{"@id":"https:\/\/miguelcabello.com\/#website"},"primaryImageOfPage":{"@id":"https:\/\/miguelcabello.com\/en\/producto\/invernador-para-piscina-de-liner-y-poliester\/#primaryimage"},"image":{"@id":"https:\/\/miguelcabello.com\/en\/producto\/invernador-para-piscina-de-liner-y-poliester\/#primaryimage"},"thumbnailUrl":"https:\/\/miguelcabello.com\/wp-content\/uploads\/2023\/09\/INVERNADOR-htv-651-liner-y-poliester-5L-tejar-Viejo-PISCINA-AGUA-MIGUEL-CABELLO.jpg","datePublished":"2023-09-22T11:16:15+00:00","dateModified":"2025-09-11T10:38:30+00:00","breadcrumb":{"@id":"https:\/\/miguelcabello.com\/en\/producto\/invernador-para-piscina-de-liner-y-poliester\/#breadcrumb"},"inLanguage":"en-US","potentialAction":[{"@type":"ReadAction","target":["https:\/\/miguelcabello.com\/en\/producto\/invernador-para-piscina-de-liner-y-poliester\/"]}]},{"@type":"ImageObject","inLanguage":"en-US","@id":"https:\/\/miguelcabello.com\/en\/producto\/invernador-para-piscina-de-liner-y-poliester\/#primaryimage","url":"https:\/\/miguelcabello.com\/wp-content\/uploads\/2023\/09\/INVERNADOR-htv-651-liner-y-poliester-5L-tejar-Viejo-PISCINA-AGUA-MIGUEL-CABELLO.jpg","contentUrl":"https:\/\/miguelcabello.com\/wp-content\/uploads\/2023\/09\/INVERNADOR-htv-651-liner-y-poliester-5L-tejar-Viejo-PISCINA-AGUA-MIGUEL-CABELLO.jpg","width":600,"height":450},{"@type":"BreadcrumbList","@id":"https:\/\/miguelcabello.com\/en\/producto\/invernador-para-piscina-de-liner-y-poliester\/#breadcrumb","itemListElement":[{"@type":"ListItem","position":1,"name":"Portada","item":"https:\/\/miguelcabello.com\/en\/"},{"@type":"ListItem","position":2,"name":"Shop","item":"https:\/\/miguelcabello.com\/en\/shop-swimming-pool-products-online\/"},{"@type":"ListItem","position":3,"name":"Invernador para piscina de liner y poli\u00e9ster"}]},{"@type":"WebSite","@id":"https:\/\/miguelcabello.com\/#website","url":"https:\/\/miguelcabello.com\/","name":"Piscinas Miguel Cabello Elena","description":"Profesionales en piscinas y recambios","publisher":{"@id":"https:\/\/miguelcabello.com\/#organization"},"potentialAction":[{"@type":"SearchAction","target":{"@type":"EntryPoint","urlTemplate":"https:\/\/miguelcabello.com\/?s={search_term_string}"},"query-input":{"@type":"PropertyValueSpecification","valueRequired":true,"valueName":"search_term_string"}}],"inLanguage":"en-US"},{"@type":"Organization","@id":"https:\/\/miguelcabello.com\/#organization","name":"Piscinas Miguel Cabello","url":"https:\/\/miguelcabello.com\/","logo":{"@type":"ImageObject","inLanguage":"en-US","@id":"https:\/\/miguelcabello.com\/#\/schema\/logo\/image\/","url":"https:\/\/miguelcabello.com\/wp-content\/uploads\/2020\/01\/Logo-Miguel-Cabello-Piscinas.png","contentUrl":"https:\/\/miguelcabello.com\/wp-content\/uploads\/2020\/01\/Logo-Miguel-Cabello-Piscinas.png","width":428,"height":41,"caption":"Piscinas Miguel Cabello"},"image":{"@id":"https:\/\/miguelcabello.com\/#\/schema\/logo\/image\/"}}]}},"_links":{"self":[{"href":"https:\/\/miguelcabello.com\/en\/wp-json\/wp\/v2\/product\/13051","targetHints":{"allow":["GET"]}}],"collection":[{"href":"https:\/\/miguelcabello.com\/en\/wp-json\/wp\/v2\/product"}],"about":[{"href":"https:\/\/miguelcabello.com\/en\/wp-json\/wp\/v2\/types\/product"}],"wp:featuredmedia":[{"embeddable":true,"href":"https:\/\/miguelcabello.com\/en\/wp-json\/wp\/v2\/media\/13052"}],"wp:attachment":[{"href":"https:\/\/miguelcabello.com\/en\/wp-json\/wp\/v2\/media?parent=13051"}],"wp:term":[{"taxonomy":"product_brand","embeddable":true,"href":"https:\/\/miguelcabello.com\/en\/wp-json\/wp\/v2\/product_brand?post=13051"},{"taxonomy":"product_cat","embeddable":true,"href":"https:\/\/miguelcabello.com\/en\/wp-json\/wp\/v2\/product_cat?post=13051"},{"taxonomy":"product_tag","embeddable":true,"href":"https:\/\/miguelcabello.com\/en\/wp-json\/wp\/v2\/product_tag?post=13051"}],"curies":[{"name":"wp","href":"https:\/\/api.w.org\/{rel}","templated":true}]}}