{"id":12920,"date":"2022-09-29T13:48:19","date_gmt":"2022-09-29T11:48:19","guid":{"rendered":"https:\/\/miguelcabello.com\/?post_type=product&#038;p=12920"},"modified":"2022-10-11T13:15:45","modified_gmt":"2022-10-11T11:15:45","slug":"brazo-basculante-0-90o","status":"publish","type":"product","link":"https:\/\/miguelcabello.com\/en\/producto\/brazo-basculante-0-90o\/","title":{"rendered":"BRAZO BASCULANTE 0-90\u00ba"},"content":{"rendered":"<div id=\"product-description-short-2822\" class=\"product-description-short\">\n<p>Brazo regulable para farola LED con un di\u00e1metro 60mm.<\/p>\n<\/div>\n<div class=\"product-actions\">\n<form id=\"add-to-cart-or-refresh\" action=\"https:\/\/iglux.es\/b2b\/carrito\" method=\"post\">\n<div class=\"product-variants\">\u00cdndice Protecci\u00f3n IP65<\/div>\n<div class=\"product-variants\">Medidas 60mm<\/div>\n<div class=\"product-variants\">Color Gris-Plata<\/div>\n<\/form>\n<\/div>\n<p><script><\/script><\/p>\n","protected":false},"excerpt":{"rendered":"<p>Brazo regulable para farola LED con un di\u00e1metro 60mm. \u00cdndice Protecci\u00f3n IP65 Medidas 60mm Color Gris-Plata<\/p>\n","protected":false},"featured_media":12921,"template":"","meta":[],"product_brand":[],"product_cat":[15,53],"product_tag":[],"class_list":{"0":"post-12920","1":"product","2":"type-product","3":"status-publish","4":"has-post-thumbnail","6":"product_cat-jardin","7":"product_cat-iluminacion","8":"product_shipping_class-paquete-hasta-1kg","10":"first","11":"instock","12":"taxable","13":"shipping-taxable","14":"purchasable","15":"product-type-simple"},"bundled_by":[],"bundle_stock_status":"instock","bundle_stock_quantity":null,"bundle_virtual":false,"bundle_layout":"","bundle_add_to_cart_form_location":"","bundle_editable_in_cart":false,"bundle_sold_individually_context":"","bundle_item_grouping":"","bundle_min_size":"","bundle_max_size":"","bundle_price":[],"bundled_items":[],"bundle_sell_ids":[],"yoast_head":"<!-- This site is optimized with the Yoast SEO plugin v26.8 - https:\/\/yoast.com\/product\/yoast-seo-wordpress\/ -->\n<title>BRAZO BASCULANTE 0-90\u00ba - Piscinas Miguel Cabello Elena<\/title>\n<meta name=\"robots\" content=\"index, follow, max-snippet:-1, max-image-preview:large, max-video-preview:-1\" \/>\n<link rel=\"canonical\" href=\"https:\/\/miguelcabello.com\/producto\/brazo-basculante-0-90o\/\" \/>\n<meta property=\"og:locale\" content=\"en_US\" \/>\n<meta property=\"og:type\" content=\"article\" \/>\n<meta property=\"og:title\" content=\"BRAZO BASCULANTE 0-90\u00ba - Piscinas Miguel Cabello Elena\" \/>\n<meta property=\"og:description\" content=\"Brazo regulable para farola LED con un di\u00e1metro 60mm. \u00cdndice Protecci\u00f3n IP65 Medidas 60mm Color Gris-Plata\" \/>\n<meta property=\"og:url\" content=\"https:\/\/miguelcabello.com\/producto\/brazo-basculante-0-90o\/\" \/>\n<meta property=\"og:site_name\" content=\"Piscinas Miguel Cabello Elena\" \/>\n<meta property=\"article:modified_time\" content=\"2022-10-11T11:15:45+00:00\" \/>\n<meta property=\"og:image\" content=\"https:\/\/miguelcabello.com\/wp-content\/uploads\/2022\/09\/brazo-basculante-0-90-para-farola-solar-piscinas-miguel-cabello.png\" \/>\n\t<meta property=\"og:image:width\" content=\"500\" \/>\n\t<meta property=\"og:image:height\" content=\"500\" \/>\n\t<meta property=\"og:image:type\" content=\"image\/png\" \/>\n<meta name=\"twitter:card\" content=\"summary_large_image\" \/>\n<meta name=\"twitter:label1\" content=\"Est. reading time\" \/>\n\t<meta name=\"twitter:data1\" content=\"1 minute\" \/>\n<script type=\"application\/ld+json\" class=\"yoast-schema-graph\">{\"@context\":\"https:\/\/schema.org\",\"@graph\":[{\"@type\":\"WebPage\",\"@id\":\"https:\/\/miguelcabello.com\/producto\/brazo-basculante-0-90o\/\",\"url\":\"https:\/\/miguelcabello.com\/producto\/brazo-basculante-0-90o\/\",\"name\":\"BRAZO BASCULANTE 0-90\u00ba - Piscinas Miguel Cabello Elena\",\"isPartOf\":{\"@id\":\"https:\/\/miguelcabello.com\/#website\"},\"primaryImageOfPage\":{\"@id\":\"https:\/\/miguelcabello.com\/producto\/brazo-basculante-0-90o\/#primaryimage\"},\"image\":{\"@id\":\"https:\/\/miguelcabello.com\/producto\/brazo-basculante-0-90o\/#primaryimage\"},\"thumbnailUrl\":\"https:\/\/miguelcabello.com\/wp-content\/uploads\/2022\/09\/brazo-basculante-0-90-para-farola-solar-piscinas-miguel-cabello.png\",\"datePublished\":\"2022-09-29T11:48:19+00:00\",\"dateModified\":\"2022-10-11T11:15:45+00:00\",\"breadcrumb\":{\"@id\":\"https:\/\/miguelcabello.com\/producto\/brazo-basculante-0-90o\/#breadcrumb\"},\"inLanguage\":\"en-US\",\"potentialAction\":[{\"@type\":\"ReadAction\",\"target\":[\"https:\/\/miguelcabello.com\/producto\/brazo-basculante-0-90o\/\"]}]},{\"@type\":\"ImageObject\",\"inLanguage\":\"en-US\",\"@id\":\"https:\/\/miguelcabello.com\/producto\/brazo-basculante-0-90o\/#primaryimage\",\"url\":\"https:\/\/miguelcabello.com\/wp-content\/uploads\/2022\/09\/brazo-basculante-0-90-para-farola-solar-piscinas-miguel-cabello.png\",\"contentUrl\":\"https:\/\/miguelcabello.com\/wp-content\/uploads\/2022\/09\/brazo-basculante-0-90-para-farola-solar-piscinas-miguel-cabello.png\",\"width\":500,\"height\":500,\"caption\":\"brazo-basculante-0-90-para-farola-solar-piscinas-miguel-cabello\"},{\"@type\":\"BreadcrumbList\",\"@id\":\"https:\/\/miguelcabello.com\/producto\/brazo-basculante-0-90o\/#breadcrumb\",\"itemListElement\":[{\"@type\":\"ListItem\",\"position\":1,\"name\":\"Portada\",\"item\":\"https:\/\/miguelcabello.com\/en\/\"},{\"@type\":\"ListItem\",\"position\":2,\"name\":\"Shop\",\"item\":\"https:\/\/miguelcabello.com\/en\/shop-swimming-pool-products-online\/\"},{\"@type\":\"ListItem\",\"position\":3,\"name\":\"BRAZO BASCULANTE 0-90\u00ba\"}]},{\"@type\":\"WebSite\",\"@id\":\"https:\/\/miguelcabello.com\/#website\",\"url\":\"https:\/\/miguelcabello.com\/\",\"name\":\"Piscinas Miguel Cabello Elena\",\"description\":\"Profesionales en piscinas y recambios\",\"publisher\":{\"@id\":\"https:\/\/miguelcabello.com\/#organization\"},\"potentialAction\":[{\"@type\":\"SearchAction\",\"target\":{\"@type\":\"EntryPoint\",\"urlTemplate\":\"https:\/\/miguelcabello.com\/?s={search_term_string}\"},\"query-input\":{\"@type\":\"PropertyValueSpecification\",\"valueRequired\":true,\"valueName\":\"search_term_string\"}}],\"inLanguage\":\"en-US\"},{\"@type\":\"Organization\",\"@id\":\"https:\/\/miguelcabello.com\/#organization\",\"name\":\"Piscinas Miguel Cabello\",\"url\":\"https:\/\/miguelcabello.com\/\",\"logo\":{\"@type\":\"ImageObject\",\"inLanguage\":\"en-US\",\"@id\":\"https:\/\/miguelcabello.com\/#\/schema\/logo\/image\/\",\"url\":\"https:\/\/miguelcabello.com\/wp-content\/uploads\/2020\/01\/Logo-Miguel-Cabello-Piscinas.png\",\"contentUrl\":\"https:\/\/miguelcabello.com\/wp-content\/uploads\/2020\/01\/Logo-Miguel-Cabello-Piscinas.png\",\"width\":428,\"height\":41,\"caption\":\"Piscinas Miguel Cabello\"},\"image\":{\"@id\":\"https:\/\/miguelcabello.com\/#\/schema\/logo\/image\/\"}}]}<\/script>\n<!-- \/ Yoast SEO plugin. -->","yoast_head_json":{"title":"BRAZO BASCULANTE 0-90\u00ba - Piscinas Miguel Cabello Elena","robots":{"index":"index","follow":"follow","max-snippet":"max-snippet:-1","max-image-preview":"max-image-preview:large","max-video-preview":"max-video-preview:-1"},"canonical":"https:\/\/miguelcabello.com\/producto\/brazo-basculante-0-90o\/","og_locale":"en_US","og_type":"article","og_title":"BRAZO BASCULANTE 0-90\u00ba - Piscinas Miguel Cabello Elena","og_description":"Brazo regulable para farola LED con un di\u00e1metro 60mm. \u00cdndice Protecci\u00f3n IP65 Medidas 60mm Color Gris-Plata","og_url":"https:\/\/miguelcabello.com\/producto\/brazo-basculante-0-90o\/","og_site_name":"Piscinas Miguel Cabello Elena","article_modified_time":"2022-10-11T11:15:45+00:00","og_image":[{"width":500,"height":500,"url":"https:\/\/miguelcabello.com\/wp-content\/uploads\/2022\/09\/brazo-basculante-0-90-para-farola-solar-piscinas-miguel-cabello.png","type":"image\/png"}],"twitter_card":"summary_large_image","twitter_misc":{"Est. reading time":"1 minute"},"schema":{"@context":"https:\/\/schema.org","@graph":[{"@type":"WebPage","@id":"https:\/\/miguelcabello.com\/producto\/brazo-basculante-0-90o\/","url":"https:\/\/miguelcabello.com\/producto\/brazo-basculante-0-90o\/","name":"BRAZO BASCULANTE 0-90\u00ba - Piscinas Miguel Cabello Elena","isPartOf":{"@id":"https:\/\/miguelcabello.com\/#website"},"primaryImageOfPage":{"@id":"https:\/\/miguelcabello.com\/producto\/brazo-basculante-0-90o\/#primaryimage"},"image":{"@id":"https:\/\/miguelcabello.com\/producto\/brazo-basculante-0-90o\/#primaryimage"},"thumbnailUrl":"https:\/\/miguelcabello.com\/wp-content\/uploads\/2022\/09\/brazo-basculante-0-90-para-farola-solar-piscinas-miguel-cabello.png","datePublished":"2022-09-29T11:48:19+00:00","dateModified":"2022-10-11T11:15:45+00:00","breadcrumb":{"@id":"https:\/\/miguelcabello.com\/producto\/brazo-basculante-0-90o\/#breadcrumb"},"inLanguage":"en-US","potentialAction":[{"@type":"ReadAction","target":["https:\/\/miguelcabello.com\/producto\/brazo-basculante-0-90o\/"]}]},{"@type":"ImageObject","inLanguage":"en-US","@id":"https:\/\/miguelcabello.com\/producto\/brazo-basculante-0-90o\/#primaryimage","url":"https:\/\/miguelcabello.com\/wp-content\/uploads\/2022\/09\/brazo-basculante-0-90-para-farola-solar-piscinas-miguel-cabello.png","contentUrl":"https:\/\/miguelcabello.com\/wp-content\/uploads\/2022\/09\/brazo-basculante-0-90-para-farola-solar-piscinas-miguel-cabello.png","width":500,"height":500,"caption":"brazo-basculante-0-90-para-farola-solar-piscinas-miguel-cabello"},{"@type":"BreadcrumbList","@id":"https:\/\/miguelcabello.com\/producto\/brazo-basculante-0-90o\/#breadcrumb","itemListElement":[{"@type":"ListItem","position":1,"name":"Portada","item":"https:\/\/miguelcabello.com\/en\/"},{"@type":"ListItem","position":2,"name":"Shop","item":"https:\/\/miguelcabello.com\/en\/shop-swimming-pool-products-online\/"},{"@type":"ListItem","position":3,"name":"BRAZO BASCULANTE 0-90\u00ba"}]},{"@type":"WebSite","@id":"https:\/\/miguelcabello.com\/#website","url":"https:\/\/miguelcabello.com\/","name":"Piscinas Miguel Cabello Elena","description":"Profesionales en piscinas y recambios","publisher":{"@id":"https:\/\/miguelcabello.com\/#organization"},"potentialAction":[{"@type":"SearchAction","target":{"@type":"EntryPoint","urlTemplate":"https:\/\/miguelcabello.com\/?s={search_term_string}"},"query-input":{"@type":"PropertyValueSpecification","valueRequired":true,"valueName":"search_term_string"}}],"inLanguage":"en-US"},{"@type":"Organization","@id":"https:\/\/miguelcabello.com\/#organization","name":"Piscinas Miguel Cabello","url":"https:\/\/miguelcabello.com\/","logo":{"@type":"ImageObject","inLanguage":"en-US","@id":"https:\/\/miguelcabello.com\/#\/schema\/logo\/image\/","url":"https:\/\/miguelcabello.com\/wp-content\/uploads\/2020\/01\/Logo-Miguel-Cabello-Piscinas.png","contentUrl":"https:\/\/miguelcabello.com\/wp-content\/uploads\/2020\/01\/Logo-Miguel-Cabello-Piscinas.png","width":428,"height":41,"caption":"Piscinas Miguel Cabello"},"image":{"@id":"https:\/\/miguelcabello.com\/#\/schema\/logo\/image\/"}}]}},"_links":{"self":[{"href":"https:\/\/miguelcabello.com\/en\/wp-json\/wp\/v2\/product\/12920","targetHints":{"allow":["GET"]}}],"collection":[{"href":"https:\/\/miguelcabello.com\/en\/wp-json\/wp\/v2\/product"}],"about":[{"href":"https:\/\/miguelcabello.com\/en\/wp-json\/wp\/v2\/types\/product"}],"wp:featuredmedia":[{"embeddable":true,"href":"https:\/\/miguelcabello.com\/en\/wp-json\/wp\/v2\/media\/12921"}],"wp:attachment":[{"href":"https:\/\/miguelcabello.com\/en\/wp-json\/wp\/v2\/media?parent=12920"}],"wp:term":[{"taxonomy":"product_brand","embeddable":true,"href":"https:\/\/miguelcabello.com\/en\/wp-json\/wp\/v2\/product_brand?post=12920"},{"taxonomy":"product_cat","embeddable":true,"href":"https:\/\/miguelcabello.com\/en\/wp-json\/wp\/v2\/product_cat?post=12920"},{"taxonomy":"product_tag","embeddable":true,"href":"https:\/\/miguelcabello.com\/en\/wp-json\/wp\/v2\/product_tag?post=12920"}],"curies":[{"name":"wp","href":"https:\/\/api.w.org\/{rel}","templated":true}]}}