{"id":12910,"date":"2022-09-29T13:36:13","date_gmt":"2022-09-29T11:36:13","guid":{"rendered":"https:\/\/miguelcabello.com\/?post_type=product&#038;p=12910"},"modified":"2022-09-29T13:36:14","modified_gmt":"2022-09-29T11:36:14","slug":"farola-solar-arizona-20w-5000k","status":"publish","type":"product","link":"https:\/\/miguelcabello.com\/en\/producto\/farola-solar-arizona-20w-5000k\/","title":{"rendered":"FAROLA SOLAR ARIZONA 20W 5000K"},"content":{"rendered":"<p>Farola LED solar fabricada en ABS, cuenta con una potencia de 20W 2000 l\u00famenes, un \u00edndice de protecci\u00f3n IP65, 4-6h de carga y unas 10-12h de autonom\u00eda. Compatible con los tubos de \u00d840-60 de di\u00e1metro.<\/p>\n<p>Potencia 20w<\/p>\n<p>\u00cdndice Protecci\u00f3n IP65<\/p>\n<p>L\u00famenes 2000 Lm<\/p>\n<p>Tonalidad 5000\u00baK<\/p>\n<p>Autonom\u00eda 10-12 Horas<\/p>\n<p>Tiempo De Carga 4-6 Horas<\/p>\n<p>Bater\u00eda 8000 MAh<br \/>\n<script><\/script><\/p>\n","protected":false},"excerpt":{"rendered":"<p>Farola LED solar fabricada en ABS, cuenta con una potencia de 20W 2000 l\u00famenes, un \u00edndice de protecci\u00f3n IP65, 4-6h de carga y unas 10-12h de autonom\u00eda. Compatible con los tubos de \u00d840-60 de di\u00e1metro. Potencia 20w \u00cdndice Protecci\u00f3n IP65 L\u00famenes 2000 Lm Tonalidad 5000\u00baK Autonom\u00eda 10-12 Horas Tiempo De Carga 4-6 Horas Bater\u00eda 8000 [&hellip;]<\/p>\n","protected":false},"featured_media":12911,"template":"","meta":[],"product_brand":[],"product_cat":[15,53],"product_tag":[],"class_list":{"0":"post-12910","1":"product","2":"type-product","3":"status-publish","4":"has-post-thumbnail","6":"product_cat-jardin","7":"product_cat-iluminacion","8":"product_shipping_class-paquete-hasta-1kg","10":"first","11":"instock","12":"taxable","13":"shipping-taxable","14":"purchasable","15":"product-type-simple"},"bundled_by":[],"bundle_stock_status":"instock","bundle_stock_quantity":null,"bundle_virtual":false,"bundle_layout":"","bundle_add_to_cart_form_location":"","bundle_editable_in_cart":false,"bundle_sold_individually_context":"","bundle_item_grouping":"","bundle_min_size":"","bundle_max_size":"","bundle_price":[],"bundled_items":[],"bundle_sell_ids":[],"yoast_head":"<!-- This site is optimized with the Yoast SEO plugin v26.8 - https:\/\/yoast.com\/product\/yoast-seo-wordpress\/ -->\n<title>FAROLA SOLAR ARIZONA 20W 5000K - Piscinas Miguel Cabello Elena<\/title>\n<meta name=\"robots\" content=\"index, follow, max-snippet:-1, max-image-preview:large, max-video-preview:-1\" \/>\n<link rel=\"canonical\" href=\"https:\/\/miguelcabello.com\/producto\/farola-solar-arizona-20w-5000k\/\" \/>\n<meta property=\"og:locale\" content=\"en_US\" \/>\n<meta property=\"og:type\" content=\"article\" \/>\n<meta property=\"og:title\" content=\"FAROLA SOLAR ARIZONA 20W 5000K - Piscinas Miguel Cabello Elena\" \/>\n<meta property=\"og:description\" content=\"Farola LED solar fabricada en ABS, cuenta con una potencia de 20W 2000 l\u00famenes, un \u00edndice de protecci\u00f3n IP65, 4-6h de carga y unas 10-12h de autonom\u00eda. Compatible con los tubos de \u00d840-60 de di\u00e1metro. Potencia 20w \u00cdndice Protecci\u00f3n IP65 L\u00famenes 2000 Lm Tonalidad 5000\u00baK Autonom\u00eda 10-12 Horas Tiempo De Carga 4-6 Horas Bater\u00eda 8000 [&hellip;]\" \/>\n<meta property=\"og:url\" content=\"https:\/\/miguelcabello.com\/producto\/farola-solar-arizona-20w-5000k\/\" \/>\n<meta property=\"og:site_name\" content=\"Piscinas Miguel Cabello Elena\" \/>\n<meta property=\"article:modified_time\" content=\"2022-09-29T11:36:14+00:00\" \/>\n<meta property=\"og:image\" content=\"https:\/\/miguelcabello.com\/wp-content\/uploads\/2022\/09\/farola-solar-arizona-20w-5000ko-iluminacion-casa-jardin-piscinas-miguel-cabello.png\" \/>\n\t<meta property=\"og:image:width\" content=\"500\" \/>\n\t<meta property=\"og:image:height\" content=\"500\" \/>\n\t<meta property=\"og:image:type\" content=\"image\/png\" \/>\n<meta name=\"twitter:card\" content=\"summary_large_image\" \/>\n<meta name=\"twitter:label1\" content=\"Est. reading time\" \/>\n\t<meta name=\"twitter:data1\" content=\"1 minute\" \/>\n<script type=\"application\/ld+json\" class=\"yoast-schema-graph\">{\"@context\":\"https:\/\/schema.org\",\"@graph\":[{\"@type\":\"WebPage\",\"@id\":\"https:\/\/miguelcabello.com\/producto\/farola-solar-arizona-20w-5000k\/\",\"url\":\"https:\/\/miguelcabello.com\/producto\/farola-solar-arizona-20w-5000k\/\",\"name\":\"FAROLA SOLAR ARIZONA 20W 5000K - Piscinas Miguel Cabello Elena\",\"isPartOf\":{\"@id\":\"https:\/\/miguelcabello.com\/#website\"},\"primaryImageOfPage\":{\"@id\":\"https:\/\/miguelcabello.com\/producto\/farola-solar-arizona-20w-5000k\/#primaryimage\"},\"image\":{\"@id\":\"https:\/\/miguelcabello.com\/producto\/farola-solar-arizona-20w-5000k\/#primaryimage\"},\"thumbnailUrl\":\"https:\/\/miguelcabello.com\/wp-content\/uploads\/2022\/09\/farola-solar-arizona-20w-5000ko-iluminacion-casa-jardin-piscinas-miguel-cabello.png\",\"datePublished\":\"2022-09-29T11:36:13+00:00\",\"dateModified\":\"2022-09-29T11:36:14+00:00\",\"breadcrumb\":{\"@id\":\"https:\/\/miguelcabello.com\/producto\/farola-solar-arizona-20w-5000k\/#breadcrumb\"},\"inLanguage\":\"en-US\",\"potentialAction\":[{\"@type\":\"ReadAction\",\"target\":[\"https:\/\/miguelcabello.com\/producto\/farola-solar-arizona-20w-5000k\/\"]}]},{\"@type\":\"ImageObject\",\"inLanguage\":\"en-US\",\"@id\":\"https:\/\/miguelcabello.com\/producto\/farola-solar-arizona-20w-5000k\/#primaryimage\",\"url\":\"https:\/\/miguelcabello.com\/wp-content\/uploads\/2022\/09\/farola-solar-arizona-20w-5000ko-iluminacion-casa-jardin-piscinas-miguel-cabello.png\",\"contentUrl\":\"https:\/\/miguelcabello.com\/wp-content\/uploads\/2022\/09\/farola-solar-arizona-20w-5000ko-iluminacion-casa-jardin-piscinas-miguel-cabello.png\",\"width\":500,\"height\":500,\"caption\":\"farola-solar-arizona-20w-5000ko-iluminacion-casa-jardin-piscinas-miguel-cabello\"},{\"@type\":\"BreadcrumbList\",\"@id\":\"https:\/\/miguelcabello.com\/producto\/farola-solar-arizona-20w-5000k\/#breadcrumb\",\"itemListElement\":[{\"@type\":\"ListItem\",\"position\":1,\"name\":\"Portada\",\"item\":\"https:\/\/miguelcabello.com\/en\/\"},{\"@type\":\"ListItem\",\"position\":2,\"name\":\"Shop\",\"item\":\"https:\/\/miguelcabello.com\/en\/shop-swimming-pool-products-online\/\"},{\"@type\":\"ListItem\",\"position\":3,\"name\":\"FAROLA SOLAR ARIZONA 20W 5000K\"}]},{\"@type\":\"WebSite\",\"@id\":\"https:\/\/miguelcabello.com\/#website\",\"url\":\"https:\/\/miguelcabello.com\/\",\"name\":\"Piscinas Miguel Cabello Elena\",\"description\":\"Profesionales en piscinas y recambios\",\"publisher\":{\"@id\":\"https:\/\/miguelcabello.com\/#organization\"},\"potentialAction\":[{\"@type\":\"SearchAction\",\"target\":{\"@type\":\"EntryPoint\",\"urlTemplate\":\"https:\/\/miguelcabello.com\/?s={search_term_string}\"},\"query-input\":{\"@type\":\"PropertyValueSpecification\",\"valueRequired\":true,\"valueName\":\"search_term_string\"}}],\"inLanguage\":\"en-US\"},{\"@type\":\"Organization\",\"@id\":\"https:\/\/miguelcabello.com\/#organization\",\"name\":\"Piscinas Miguel Cabello\",\"url\":\"https:\/\/miguelcabello.com\/\",\"logo\":{\"@type\":\"ImageObject\",\"inLanguage\":\"en-US\",\"@id\":\"https:\/\/miguelcabello.com\/#\/schema\/logo\/image\/\",\"url\":\"https:\/\/miguelcabello.com\/wp-content\/uploads\/2020\/01\/Logo-Miguel-Cabello-Piscinas.png\",\"contentUrl\":\"https:\/\/miguelcabello.com\/wp-content\/uploads\/2020\/01\/Logo-Miguel-Cabello-Piscinas.png\",\"width\":428,\"height\":41,\"caption\":\"Piscinas Miguel Cabello\"},\"image\":{\"@id\":\"https:\/\/miguelcabello.com\/#\/schema\/logo\/image\/\"}}]}<\/script>\n<!-- \/ Yoast SEO plugin. -->","yoast_head_json":{"title":"FAROLA SOLAR ARIZONA 20W 5000K - Piscinas Miguel Cabello Elena","robots":{"index":"index","follow":"follow","max-snippet":"max-snippet:-1","max-image-preview":"max-image-preview:large","max-video-preview":"max-video-preview:-1"},"canonical":"https:\/\/miguelcabello.com\/producto\/farola-solar-arizona-20w-5000k\/","og_locale":"en_US","og_type":"article","og_title":"FAROLA SOLAR ARIZONA 20W 5000K - Piscinas Miguel Cabello Elena","og_description":"Farola LED solar fabricada en ABS, cuenta con una potencia de 20W 2000 l\u00famenes, un \u00edndice de protecci\u00f3n IP65, 4-6h de carga y unas 10-12h de autonom\u00eda. Compatible con los tubos de \u00d840-60 de di\u00e1metro. Potencia 20w \u00cdndice Protecci\u00f3n IP65 L\u00famenes 2000 Lm Tonalidad 5000\u00baK Autonom\u00eda 10-12 Horas Tiempo De Carga 4-6 Horas Bater\u00eda 8000 [&hellip;]","og_url":"https:\/\/miguelcabello.com\/producto\/farola-solar-arizona-20w-5000k\/","og_site_name":"Piscinas Miguel Cabello Elena","article_modified_time":"2022-09-29T11:36:14+00:00","og_image":[{"width":500,"height":500,"url":"https:\/\/miguelcabello.com\/wp-content\/uploads\/2022\/09\/farola-solar-arizona-20w-5000ko-iluminacion-casa-jardin-piscinas-miguel-cabello.png","type":"image\/png"}],"twitter_card":"summary_large_image","twitter_misc":{"Est. reading time":"1 minute"},"schema":{"@context":"https:\/\/schema.org","@graph":[{"@type":"WebPage","@id":"https:\/\/miguelcabello.com\/producto\/farola-solar-arizona-20w-5000k\/","url":"https:\/\/miguelcabello.com\/producto\/farola-solar-arizona-20w-5000k\/","name":"FAROLA SOLAR ARIZONA 20W 5000K - Piscinas Miguel Cabello Elena","isPartOf":{"@id":"https:\/\/miguelcabello.com\/#website"},"primaryImageOfPage":{"@id":"https:\/\/miguelcabello.com\/producto\/farola-solar-arizona-20w-5000k\/#primaryimage"},"image":{"@id":"https:\/\/miguelcabello.com\/producto\/farola-solar-arizona-20w-5000k\/#primaryimage"},"thumbnailUrl":"https:\/\/miguelcabello.com\/wp-content\/uploads\/2022\/09\/farola-solar-arizona-20w-5000ko-iluminacion-casa-jardin-piscinas-miguel-cabello.png","datePublished":"2022-09-29T11:36:13+00:00","dateModified":"2022-09-29T11:36:14+00:00","breadcrumb":{"@id":"https:\/\/miguelcabello.com\/producto\/farola-solar-arizona-20w-5000k\/#breadcrumb"},"inLanguage":"en-US","potentialAction":[{"@type":"ReadAction","target":["https:\/\/miguelcabello.com\/producto\/farola-solar-arizona-20w-5000k\/"]}]},{"@type":"ImageObject","inLanguage":"en-US","@id":"https:\/\/miguelcabello.com\/producto\/farola-solar-arizona-20w-5000k\/#primaryimage","url":"https:\/\/miguelcabello.com\/wp-content\/uploads\/2022\/09\/farola-solar-arizona-20w-5000ko-iluminacion-casa-jardin-piscinas-miguel-cabello.png","contentUrl":"https:\/\/miguelcabello.com\/wp-content\/uploads\/2022\/09\/farola-solar-arizona-20w-5000ko-iluminacion-casa-jardin-piscinas-miguel-cabello.png","width":500,"height":500,"caption":"farola-solar-arizona-20w-5000ko-iluminacion-casa-jardin-piscinas-miguel-cabello"},{"@type":"BreadcrumbList","@id":"https:\/\/miguelcabello.com\/producto\/farola-solar-arizona-20w-5000k\/#breadcrumb","itemListElement":[{"@type":"ListItem","position":1,"name":"Portada","item":"https:\/\/miguelcabello.com\/en\/"},{"@type":"ListItem","position":2,"name":"Shop","item":"https:\/\/miguelcabello.com\/en\/shop-swimming-pool-products-online\/"},{"@type":"ListItem","position":3,"name":"FAROLA SOLAR ARIZONA 20W 5000K"}]},{"@type":"WebSite","@id":"https:\/\/miguelcabello.com\/#website","url":"https:\/\/miguelcabello.com\/","name":"Piscinas Miguel Cabello Elena","description":"Profesionales en piscinas y recambios","publisher":{"@id":"https:\/\/miguelcabello.com\/#organization"},"potentialAction":[{"@type":"SearchAction","target":{"@type":"EntryPoint","urlTemplate":"https:\/\/miguelcabello.com\/?s={search_term_string}"},"query-input":{"@type":"PropertyValueSpecification","valueRequired":true,"valueName":"search_term_string"}}],"inLanguage":"en-US"},{"@type":"Organization","@id":"https:\/\/miguelcabello.com\/#organization","name":"Piscinas Miguel Cabello","url":"https:\/\/miguelcabello.com\/","logo":{"@type":"ImageObject","inLanguage":"en-US","@id":"https:\/\/miguelcabello.com\/#\/schema\/logo\/image\/","url":"https:\/\/miguelcabello.com\/wp-content\/uploads\/2020\/01\/Logo-Miguel-Cabello-Piscinas.png","contentUrl":"https:\/\/miguelcabello.com\/wp-content\/uploads\/2020\/01\/Logo-Miguel-Cabello-Piscinas.png","width":428,"height":41,"caption":"Piscinas Miguel Cabello"},"image":{"@id":"https:\/\/miguelcabello.com\/#\/schema\/logo\/image\/"}}]}},"_links":{"self":[{"href":"https:\/\/miguelcabello.com\/en\/wp-json\/wp\/v2\/product\/12910","targetHints":{"allow":["GET"]}}],"collection":[{"href":"https:\/\/miguelcabello.com\/en\/wp-json\/wp\/v2\/product"}],"about":[{"href":"https:\/\/miguelcabello.com\/en\/wp-json\/wp\/v2\/types\/product"}],"wp:featuredmedia":[{"embeddable":true,"href":"https:\/\/miguelcabello.com\/en\/wp-json\/wp\/v2\/media\/12911"}],"wp:attachment":[{"href":"https:\/\/miguelcabello.com\/en\/wp-json\/wp\/v2\/media?parent=12910"}],"wp:term":[{"taxonomy":"product_brand","embeddable":true,"href":"https:\/\/miguelcabello.com\/en\/wp-json\/wp\/v2\/product_brand?post=12910"},{"taxonomy":"product_cat","embeddable":true,"href":"https:\/\/miguelcabello.com\/en\/wp-json\/wp\/v2\/product_cat?post=12910"},{"taxonomy":"product_tag","embeddable":true,"href":"https:\/\/miguelcabello.com\/en\/wp-json\/wp\/v2\/product_tag?post=12910"}],"curies":[{"name":"wp","href":"https:\/\/api.w.org\/{rel}","templated":true}]}}