{"id":12405,"date":"2021-08-04T11:03:33","date_gmt":"2021-08-04T09:03:33","guid":{"rendered":"https:\/\/miguelcabello.com\/?post_type=product&#038;p=12405"},"modified":"2023-03-17T11:32:11","modified_gmt":"2023-03-17T10:32:11","slug":"potenciador-ph-minus-activator-1l","status":"publish","type":"product","link":"https:\/\/miguelcabello.com\/en\/producto\/potenciador-ph-minus-activator-1l\/","title":{"rendered":"Potenciador, pH Minus Activator 1L"},"content":{"rendered":"<p>Producto que activa y potencia al PM-601L Baja pH L\u00edquido y PM-611L pH Minus 15. Es una combinaci\u00f3n de agentes secuestrantes, potenciadores de acidez y un colorante naranja. Se a\u00f1ade directamente en la garrafa de estos para reducir su consumo y proteger la instalaci\u00f3n de corrosiones. El colorante naranja permite visualizar la carga de este a lo largo de los tubos de aspiraci\u00f3n e inyecci\u00f3n.<\/p>\n<div class=\"elementor-element elementor-element-74d732b elementor-widget elementor-widget-theme-post-content\" data-id=\"74d732b\" data-element_type=\"widget\" data-widget_type=\"theme-post-content.default\">\n<div class=\"elementor-widget-container\">\n<p class=\"p1\"><span class=\"s1\"><b>Dosis empleo: 250 mL por garrafa de 25 Kg de PM-601L Baja pH L\u00edquido o PM-611L pH Minus 15<\/b><\/span><\/p>\n<\/div>\n<\/div>\n<div class=\"elementor-element elementor-element-58ffee2 elementor-widget elementor-widget-heading\" data-id=\"58ffee2\" data-element_type=\"widget\" data-widget_type=\"heading.default\">\n<div class=\"elementor-widget-container\"><span class=\"elementor-heading-title elementor-size-default\">Informaci\u00f3n adicional<\/span><\/div>\n<\/div>\n<div class=\"elementor-element elementor-element-3decc4b elementor-widget elementor-widget-heading\" data-id=\"3decc4b\" data-element_type=\"widget\" data-widget_type=\"heading.default\">\n<div class=\"elementor-widget-container\"><span class=\"elementor-heading-title elementor-size-default\">Liner y Poli\u00e9ster, Electr\u00f3lisis Salina<\/span><\/div>\n<\/div>\n<p><a href=\"https:\/\/miguelcabello.com\/wp-content\/uploads\/2021\/08\/FT_PM-621-PH-MINUS-ACTIVATOR.pdf\">FT_PM-621 PH MINUS ACTIVATOR<\/a><br \/>\n<script><\/script><\/p>\n","protected":false},"excerpt":{"rendered":"<p>PM-621<\/p>\n","protected":false},"featured_media":12408,"template":"","meta":[],"product_brand":[],"product_cat":[131,99,82],"product_tag":[493,206],"class_list":{"0":"post-12405","1":"product","2":"type-product","3":"status-publish","4":"has-post-thumbnail","6":"product_cat-all-stars-piscimar","7":"product_cat-productos-para-cloradores","8":"product_cat-reguladores-de-ph","9":"product_tag-behq","10":"product_tag-piscimar","11":"product_shipping_class-paquete-hasta-1kg","13":"first","14":"instock","15":"taxable","16":"shipping-taxable","17":"purchasable","18":"product-type-simple"},"bundled_by":[],"bundle_stock_status":"instock","bundle_stock_quantity":null,"bundle_virtual":false,"bundle_layout":"","bundle_add_to_cart_form_location":"","bundle_editable_in_cart":false,"bundle_sold_individually_context":"","bundle_item_grouping":"","bundle_min_size":"","bundle_max_size":"","bundle_price":[],"bundled_items":[],"bundle_sell_ids":[],"yoast_head":"<!-- This site is optimized with the Yoast SEO plugin v26.8 - https:\/\/yoast.com\/product\/yoast-seo-wordpress\/ -->\n<title>Potenciador, pH Minus Activator 1L - Piscinas Miguel Cabello Elena<\/title>\n<meta name=\"robots\" content=\"index, follow, max-snippet:-1, max-image-preview:large, max-video-preview:-1\" \/>\n<link rel=\"canonical\" href=\"https:\/\/miguelcabello.com\/producto\/potenciador-ph-minus-activator-1l\/\" \/>\n<meta property=\"og:locale\" content=\"en_US\" \/>\n<meta property=\"og:type\" content=\"article\" \/>\n<meta property=\"og:title\" content=\"Potenciador, pH Minus Activator 1L - Piscinas Miguel Cabello Elena\" \/>\n<meta property=\"og:description\" content=\"PM-621\" \/>\n<meta property=\"og:url\" content=\"https:\/\/miguelcabello.com\/producto\/potenciador-ph-minus-activator-1l\/\" \/>\n<meta property=\"og:site_name\" content=\"Piscinas Miguel Cabello Elena\" \/>\n<meta property=\"article:modified_time\" content=\"2023-03-17T10:32:11+00:00\" \/>\n<meta property=\"og:image\" content=\"https:\/\/miguelcabello.com\/wp-content\/uploads\/2021\/08\/PM-621-PH-MINUS-ACTIVATOR-piscimar-miguel-cabello-potenciador-ph-menos.jpg\" \/>\n\t<meta property=\"og:image:width\" content=\"1000\" \/>\n\t<meta property=\"og:image:height\" content=\"1000\" \/>\n\t<meta property=\"og:image:type\" content=\"image\/jpeg\" \/>\n<meta name=\"twitter:card\" content=\"summary_large_image\" \/>\n<meta name=\"twitter:label1\" content=\"Est. reading time\" \/>\n\t<meta name=\"twitter:data1\" content=\"1 minute\" \/>\n<script type=\"application\/ld+json\" class=\"yoast-schema-graph\">{\"@context\":\"https:\/\/schema.org\",\"@graph\":[{\"@type\":\"WebPage\",\"@id\":\"https:\/\/miguelcabello.com\/producto\/potenciador-ph-minus-activator-1l\/\",\"url\":\"https:\/\/miguelcabello.com\/producto\/potenciador-ph-minus-activator-1l\/\",\"name\":\"Potenciador, pH Minus Activator 1L - Piscinas Miguel Cabello Elena\",\"isPartOf\":{\"@id\":\"https:\/\/miguelcabello.com\/#website\"},\"primaryImageOfPage\":{\"@id\":\"https:\/\/miguelcabello.com\/producto\/potenciador-ph-minus-activator-1l\/#primaryimage\"},\"image\":{\"@id\":\"https:\/\/miguelcabello.com\/producto\/potenciador-ph-minus-activator-1l\/#primaryimage\"},\"thumbnailUrl\":\"https:\/\/miguelcabello.com\/wp-content\/uploads\/2021\/08\/PM-621-PH-MINUS-ACTIVATOR-piscimar-miguel-cabello-potenciador-ph-menos.jpg\",\"datePublished\":\"2021-08-04T09:03:33+00:00\",\"dateModified\":\"2023-03-17T10:32:11+00:00\",\"breadcrumb\":{\"@id\":\"https:\/\/miguelcabello.com\/producto\/potenciador-ph-minus-activator-1l\/#breadcrumb\"},\"inLanguage\":\"en-US\",\"potentialAction\":[{\"@type\":\"ReadAction\",\"target\":[\"https:\/\/miguelcabello.com\/producto\/potenciador-ph-minus-activator-1l\/\"]}]},{\"@type\":\"ImageObject\",\"inLanguage\":\"en-US\",\"@id\":\"https:\/\/miguelcabello.com\/producto\/potenciador-ph-minus-activator-1l\/#primaryimage\",\"url\":\"https:\/\/miguelcabello.com\/wp-content\/uploads\/2021\/08\/PM-621-PH-MINUS-ACTIVATOR-piscimar-miguel-cabello-potenciador-ph-menos.jpg\",\"contentUrl\":\"https:\/\/miguelcabello.com\/wp-content\/uploads\/2021\/08\/PM-621-PH-MINUS-ACTIVATOR-piscimar-miguel-cabello-potenciador-ph-menos.jpg\",\"width\":1000,\"height\":1000,\"caption\":\"PM-621-PH-MINUS-ACTIVATOR- piscimar- miguel cabello-potenciador ph menos\"},{\"@type\":\"BreadcrumbList\",\"@id\":\"https:\/\/miguelcabello.com\/producto\/potenciador-ph-minus-activator-1l\/#breadcrumb\",\"itemListElement\":[{\"@type\":\"ListItem\",\"position\":1,\"name\":\"Portada\",\"item\":\"https:\/\/miguelcabello.com\/en\/\"},{\"@type\":\"ListItem\",\"position\":2,\"name\":\"Shop\",\"item\":\"https:\/\/miguelcabello.com\/en\/shop-swimming-pool-products-online\/\"},{\"@type\":\"ListItem\",\"position\":3,\"name\":\"Potenciador, pH Minus Activator 1L\"}]},{\"@type\":\"WebSite\",\"@id\":\"https:\/\/miguelcabello.com\/#website\",\"url\":\"https:\/\/miguelcabello.com\/\",\"name\":\"Piscinas Miguel Cabello Elena\",\"description\":\"Profesionales en piscinas y recambios\",\"publisher\":{\"@id\":\"https:\/\/miguelcabello.com\/#organization\"},\"potentialAction\":[{\"@type\":\"SearchAction\",\"target\":{\"@type\":\"EntryPoint\",\"urlTemplate\":\"https:\/\/miguelcabello.com\/?s={search_term_string}\"},\"query-input\":{\"@type\":\"PropertyValueSpecification\",\"valueRequired\":true,\"valueName\":\"search_term_string\"}}],\"inLanguage\":\"en-US\"},{\"@type\":\"Organization\",\"@id\":\"https:\/\/miguelcabello.com\/#organization\",\"name\":\"Piscinas Miguel Cabello\",\"url\":\"https:\/\/miguelcabello.com\/\",\"logo\":{\"@type\":\"ImageObject\",\"inLanguage\":\"en-US\",\"@id\":\"https:\/\/miguelcabello.com\/#\/schema\/logo\/image\/\",\"url\":\"https:\/\/miguelcabello.com\/wp-content\/uploads\/2020\/01\/Logo-Miguel-Cabello-Piscinas.png\",\"contentUrl\":\"https:\/\/miguelcabello.com\/wp-content\/uploads\/2020\/01\/Logo-Miguel-Cabello-Piscinas.png\",\"width\":428,\"height\":41,\"caption\":\"Piscinas Miguel Cabello\"},\"image\":{\"@id\":\"https:\/\/miguelcabello.com\/#\/schema\/logo\/image\/\"}}]}<\/script>\n<!-- \/ Yoast SEO plugin. -->","yoast_head_json":{"title":"Potenciador, pH Minus Activator 1L - Piscinas Miguel Cabello Elena","robots":{"index":"index","follow":"follow","max-snippet":"max-snippet:-1","max-image-preview":"max-image-preview:large","max-video-preview":"max-video-preview:-1"},"canonical":"https:\/\/miguelcabello.com\/producto\/potenciador-ph-minus-activator-1l\/","og_locale":"en_US","og_type":"article","og_title":"Potenciador, pH Minus Activator 1L - Piscinas Miguel Cabello Elena","og_description":"PM-621","og_url":"https:\/\/miguelcabello.com\/producto\/potenciador-ph-minus-activator-1l\/","og_site_name":"Piscinas Miguel Cabello Elena","article_modified_time":"2023-03-17T10:32:11+00:00","og_image":[{"width":1000,"height":1000,"url":"https:\/\/miguelcabello.com\/wp-content\/uploads\/2021\/08\/PM-621-PH-MINUS-ACTIVATOR-piscimar-miguel-cabello-potenciador-ph-menos.jpg","type":"image\/jpeg"}],"twitter_card":"summary_large_image","twitter_misc":{"Est. reading time":"1 minute"},"schema":{"@context":"https:\/\/schema.org","@graph":[{"@type":"WebPage","@id":"https:\/\/miguelcabello.com\/producto\/potenciador-ph-minus-activator-1l\/","url":"https:\/\/miguelcabello.com\/producto\/potenciador-ph-minus-activator-1l\/","name":"Potenciador, pH Minus Activator 1L - Piscinas Miguel Cabello Elena","isPartOf":{"@id":"https:\/\/miguelcabello.com\/#website"},"primaryImageOfPage":{"@id":"https:\/\/miguelcabello.com\/producto\/potenciador-ph-minus-activator-1l\/#primaryimage"},"image":{"@id":"https:\/\/miguelcabello.com\/producto\/potenciador-ph-minus-activator-1l\/#primaryimage"},"thumbnailUrl":"https:\/\/miguelcabello.com\/wp-content\/uploads\/2021\/08\/PM-621-PH-MINUS-ACTIVATOR-piscimar-miguel-cabello-potenciador-ph-menos.jpg","datePublished":"2021-08-04T09:03:33+00:00","dateModified":"2023-03-17T10:32:11+00:00","breadcrumb":{"@id":"https:\/\/miguelcabello.com\/producto\/potenciador-ph-minus-activator-1l\/#breadcrumb"},"inLanguage":"en-US","potentialAction":[{"@type":"ReadAction","target":["https:\/\/miguelcabello.com\/producto\/potenciador-ph-minus-activator-1l\/"]}]},{"@type":"ImageObject","inLanguage":"en-US","@id":"https:\/\/miguelcabello.com\/producto\/potenciador-ph-minus-activator-1l\/#primaryimage","url":"https:\/\/miguelcabello.com\/wp-content\/uploads\/2021\/08\/PM-621-PH-MINUS-ACTIVATOR-piscimar-miguel-cabello-potenciador-ph-menos.jpg","contentUrl":"https:\/\/miguelcabello.com\/wp-content\/uploads\/2021\/08\/PM-621-PH-MINUS-ACTIVATOR-piscimar-miguel-cabello-potenciador-ph-menos.jpg","width":1000,"height":1000,"caption":"PM-621-PH-MINUS-ACTIVATOR- piscimar- miguel cabello-potenciador ph menos"},{"@type":"BreadcrumbList","@id":"https:\/\/miguelcabello.com\/producto\/potenciador-ph-minus-activator-1l\/#breadcrumb","itemListElement":[{"@type":"ListItem","position":1,"name":"Portada","item":"https:\/\/miguelcabello.com\/en\/"},{"@type":"ListItem","position":2,"name":"Shop","item":"https:\/\/miguelcabello.com\/en\/shop-swimming-pool-products-online\/"},{"@type":"ListItem","position":3,"name":"Potenciador, pH Minus Activator 1L"}]},{"@type":"WebSite","@id":"https:\/\/miguelcabello.com\/#website","url":"https:\/\/miguelcabello.com\/","name":"Piscinas Miguel Cabello Elena","description":"Profesionales en piscinas y recambios","publisher":{"@id":"https:\/\/miguelcabello.com\/#organization"},"potentialAction":[{"@type":"SearchAction","target":{"@type":"EntryPoint","urlTemplate":"https:\/\/miguelcabello.com\/?s={search_term_string}"},"query-input":{"@type":"PropertyValueSpecification","valueRequired":true,"valueName":"search_term_string"}}],"inLanguage":"en-US"},{"@type":"Organization","@id":"https:\/\/miguelcabello.com\/#organization","name":"Piscinas Miguel Cabello","url":"https:\/\/miguelcabello.com\/","logo":{"@type":"ImageObject","inLanguage":"en-US","@id":"https:\/\/miguelcabello.com\/#\/schema\/logo\/image\/","url":"https:\/\/miguelcabello.com\/wp-content\/uploads\/2020\/01\/Logo-Miguel-Cabello-Piscinas.png","contentUrl":"https:\/\/miguelcabello.com\/wp-content\/uploads\/2020\/01\/Logo-Miguel-Cabello-Piscinas.png","width":428,"height":41,"caption":"Piscinas Miguel Cabello"},"image":{"@id":"https:\/\/miguelcabello.com\/#\/schema\/logo\/image\/"}}]}},"_links":{"self":[{"href":"https:\/\/miguelcabello.com\/en\/wp-json\/wp\/v2\/product\/12405","targetHints":{"allow":["GET"]}}],"collection":[{"href":"https:\/\/miguelcabello.com\/en\/wp-json\/wp\/v2\/product"}],"about":[{"href":"https:\/\/miguelcabello.com\/en\/wp-json\/wp\/v2\/types\/product"}],"wp:featuredmedia":[{"embeddable":true,"href":"https:\/\/miguelcabello.com\/en\/wp-json\/wp\/v2\/media\/12408"}],"wp:attachment":[{"href":"https:\/\/miguelcabello.com\/en\/wp-json\/wp\/v2\/media?parent=12405"}],"wp:term":[{"taxonomy":"product_brand","embeddable":true,"href":"https:\/\/miguelcabello.com\/en\/wp-json\/wp\/v2\/product_brand?post=12405"},{"taxonomy":"product_cat","embeddable":true,"href":"https:\/\/miguelcabello.com\/en\/wp-json\/wp\/v2\/product_cat?post=12405"},{"taxonomy":"product_tag","embeddable":true,"href":"https:\/\/miguelcabello.com\/en\/wp-json\/wp\/v2\/product_tag?post=12405"}],"curies":[{"name":"wp","href":"https:\/\/api.w.org\/{rel}","templated":true}]}}