{"id":12392,"date":"2021-08-03T18:11:01","date_gmt":"2021-08-03T16:11:01","guid":{"rendered":"https:\/\/miguelcabello.com\/?post_type=product&#038;p=12392"},"modified":"2023-03-16T18:02:30","modified_gmt":"2023-03-16T17:02:30","slug":"coagulante-abrillantador-cleanpool-mini","status":"publish","type":"product","link":"https:\/\/miguelcabello.com\/en\/producto\/coagulante-abrillantador-cleanpool-mini\/","title":{"rendered":"Coagulante abrillantador, Cleanpool MINI"},"content":{"rendered":"<div class=\"elementor-element elementor-element-74d732b elementor-widget elementor-widget-theme-post-content\" data-id=\"74d732b\" data-element_type=\"widget\" data-widget_type=\"theme-post-content.default\">\n<div class=\"elementor-widget-container\">\n<p>Mejora el grado de filtraci\u00f3n y clarifica el agua atrapando todo tipo de part\u00edculas (Bronceadores, grasas, polvo, restos org\u00e1nicos, etc..) en el filtro. Compatible con cualquier tipo de medio filtrante (arena, cartucho, bolsas filtrantes, cristal, diatomea, zeolita). Preserva el ambiente. No modifica el pH ni la alcalinidad total. Contiene 8 tabletas de 8g emblistadas individualmente.<\/p>\n<p><strong>Dosis de empleo: 1 tableta\/10-15 m\u00b3 cada semana.<\/strong><\/p>\n<\/div>\n<\/div>\n<div class=\"elementor-element elementor-element-58ffee2 elementor-widget elementor-widget-heading\" data-id=\"58ffee2\" data-element_type=\"widget\" data-widget_type=\"heading.default\">\n<div class=\"elementor-widget-container\"><span class=\"elementor-heading-title elementor-size-default\">Informaci\u00f3n adicional<\/span><\/div>\n<\/div>\n<div class=\"elementor-element elementor-element-3decc4b elementor-widget elementor-widget-heading\" data-id=\"3decc4b\" data-element_type=\"widget\" data-widget_type=\"heading.default\">\n<div class=\"elementor-widget-container\"><span class=\"elementor-heading-title elementor-size-default\">Liner y Poli\u00e9ster, Electr\u00f3lisis Salina<\/span><\/div>\n<\/div>\n<p>&nbsp;<\/p>\n<p><a href=\"https:\/\/miguelcabello.com\/wp-content\/uploads\/2021\/08\/FT_PM-683-CLEANPOOL-MINI.pdf\">FT_PM-683 CLEANPOOL MINI<\/a><br \/>\n<script><\/script><\/p>\n","protected":false},"excerpt":{"rendered":"<p>PM-683 especial mini piscinas<\/p>\n","protected":false},"featured_media":12395,"template":"","meta":[],"product_brand":[],"product_cat":[131,81,99,97,479,473,39],"product_tag":[493,206],"class_list":{"0":"post-12392","1":"product","2":"type-product","3":"status-publish","4":"has-post-thumbnail","6":"product_cat-all-stars-piscimar","7":"product_cat-floculantes-y-clarificantes","8":"product_cat-productos-para-cloradores","9":"product_cat-productos-especificos","10":"product_cat-productos-para-mini-piscinas-2","11":"product_cat-productos-para-mini-piscinas","12":"product_cat-productos-quimicos","13":"product_tag-behq","14":"product_tag-piscimar","15":"product_shipping_class-paquete-hasta-1kg","17":"first","18":"instock","19":"taxable","20":"shipping-taxable","21":"purchasable","22":"product-type-simple"},"bundled_by":[],"bundle_stock_status":"instock","bundle_stock_quantity":null,"bundle_virtual":false,"bundle_layout":"","bundle_add_to_cart_form_location":"","bundle_editable_in_cart":false,"bundle_sold_individually_context":"","bundle_item_grouping":"","bundle_min_size":"","bundle_max_size":"","bundle_price":[],"bundled_items":[],"bundle_sell_ids":[],"yoast_head":"<!-- This site is optimized with the Yoast SEO plugin v26.8 - https:\/\/yoast.com\/product\/yoast-seo-wordpress\/ -->\n<title>Coagulante abrillantador, Cleanpool MINI - Piscinas Miguel Cabello Elena<\/title>\n<meta name=\"robots\" content=\"index, follow, max-snippet:-1, max-image-preview:large, max-video-preview:-1\" \/>\n<link rel=\"canonical\" href=\"https:\/\/miguelcabello.com\/producto\/coagulante-abrillantador-cleanpool-mini\/\" \/>\n<meta property=\"og:locale\" content=\"en_US\" \/>\n<meta property=\"og:type\" content=\"article\" \/>\n<meta property=\"og:title\" content=\"Coagulante abrillantador, Cleanpool MINI - Piscinas Miguel Cabello Elena\" \/>\n<meta property=\"og:description\" content=\"PM-683 especial mini piscinas\" \/>\n<meta property=\"og:url\" content=\"https:\/\/miguelcabello.com\/producto\/coagulante-abrillantador-cleanpool-mini\/\" \/>\n<meta property=\"og:site_name\" content=\"Piscinas Miguel Cabello Elena\" \/>\n<meta property=\"article:modified_time\" content=\"2023-03-16T17:02:30+00:00\" \/>\n<meta property=\"og:image\" content=\"https:\/\/miguelcabello.com\/wp-content\/uploads\/2021\/08\/pm-683-cleanpool-mini-piscimar-miguel-cabello-coagulante.jpg\" \/>\n\t<meta property=\"og:image:width\" content=\"1000\" \/>\n\t<meta property=\"og:image:height\" content=\"1000\" \/>\n\t<meta property=\"og:image:type\" content=\"image\/jpeg\" \/>\n<meta name=\"twitter:card\" content=\"summary_large_image\" \/>\n<meta name=\"twitter:label1\" content=\"Est. reading time\" \/>\n\t<meta name=\"twitter:data1\" content=\"1 minute\" \/>\n<script type=\"application\/ld+json\" class=\"yoast-schema-graph\">{\"@context\":\"https:\/\/schema.org\",\"@graph\":[{\"@type\":\"WebPage\",\"@id\":\"https:\/\/miguelcabello.com\/producto\/coagulante-abrillantador-cleanpool-mini\/\",\"url\":\"https:\/\/miguelcabello.com\/producto\/coagulante-abrillantador-cleanpool-mini\/\",\"name\":\"Coagulante abrillantador, Cleanpool MINI - Piscinas Miguel Cabello Elena\",\"isPartOf\":{\"@id\":\"https:\/\/miguelcabello.com\/#website\"},\"primaryImageOfPage\":{\"@id\":\"https:\/\/miguelcabello.com\/producto\/coagulante-abrillantador-cleanpool-mini\/#primaryimage\"},\"image\":{\"@id\":\"https:\/\/miguelcabello.com\/producto\/coagulante-abrillantador-cleanpool-mini\/#primaryimage\"},\"thumbnailUrl\":\"https:\/\/miguelcabello.com\/wp-content\/uploads\/2021\/08\/pm-683-cleanpool-mini-piscimar-miguel-cabello-coagulante.jpg\",\"datePublished\":\"2021-08-03T16:11:01+00:00\",\"dateModified\":\"2023-03-16T17:02:30+00:00\",\"breadcrumb\":{\"@id\":\"https:\/\/miguelcabello.com\/producto\/coagulante-abrillantador-cleanpool-mini\/#breadcrumb\"},\"inLanguage\":\"en-US\",\"potentialAction\":[{\"@type\":\"ReadAction\",\"target\":[\"https:\/\/miguelcabello.com\/producto\/coagulante-abrillantador-cleanpool-mini\/\"]}]},{\"@type\":\"ImageObject\",\"inLanguage\":\"en-US\",\"@id\":\"https:\/\/miguelcabello.com\/producto\/coagulante-abrillantador-cleanpool-mini\/#primaryimage\",\"url\":\"https:\/\/miguelcabello.com\/wp-content\/uploads\/2021\/08\/pm-683-cleanpool-mini-piscimar-miguel-cabello-coagulante.jpg\",\"contentUrl\":\"https:\/\/miguelcabello.com\/wp-content\/uploads\/2021\/08\/pm-683-cleanpool-mini-piscimar-miguel-cabello-coagulante.jpg\",\"width\":1000,\"height\":1000},{\"@type\":\"BreadcrumbList\",\"@id\":\"https:\/\/miguelcabello.com\/producto\/coagulante-abrillantador-cleanpool-mini\/#breadcrumb\",\"itemListElement\":[{\"@type\":\"ListItem\",\"position\":1,\"name\":\"Portada\",\"item\":\"https:\/\/miguelcabello.com\/en\/\"},{\"@type\":\"ListItem\",\"position\":2,\"name\":\"Shop\",\"item\":\"https:\/\/miguelcabello.com\/en\/shop-swimming-pool-products-online\/\"},{\"@type\":\"ListItem\",\"position\":3,\"name\":\"Coagulante abrillantador, Cleanpool MINI\"}]},{\"@type\":\"WebSite\",\"@id\":\"https:\/\/miguelcabello.com\/#website\",\"url\":\"https:\/\/miguelcabello.com\/\",\"name\":\"Piscinas Miguel Cabello Elena\",\"description\":\"Profesionales en piscinas y recambios\",\"publisher\":{\"@id\":\"https:\/\/miguelcabello.com\/#organization\"},\"potentialAction\":[{\"@type\":\"SearchAction\",\"target\":{\"@type\":\"EntryPoint\",\"urlTemplate\":\"https:\/\/miguelcabello.com\/?s={search_term_string}\"},\"query-input\":{\"@type\":\"PropertyValueSpecification\",\"valueRequired\":true,\"valueName\":\"search_term_string\"}}],\"inLanguage\":\"en-US\"},{\"@type\":\"Organization\",\"@id\":\"https:\/\/miguelcabello.com\/#organization\",\"name\":\"Piscinas Miguel Cabello\",\"url\":\"https:\/\/miguelcabello.com\/\",\"logo\":{\"@type\":\"ImageObject\",\"inLanguage\":\"en-US\",\"@id\":\"https:\/\/miguelcabello.com\/#\/schema\/logo\/image\/\",\"url\":\"https:\/\/miguelcabello.com\/wp-content\/uploads\/2020\/01\/Logo-Miguel-Cabello-Piscinas.png\",\"contentUrl\":\"https:\/\/miguelcabello.com\/wp-content\/uploads\/2020\/01\/Logo-Miguel-Cabello-Piscinas.png\",\"width\":428,\"height\":41,\"caption\":\"Piscinas Miguel Cabello\"},\"image\":{\"@id\":\"https:\/\/miguelcabello.com\/#\/schema\/logo\/image\/\"}}]}<\/script>\n<!-- \/ Yoast SEO plugin. -->","yoast_head_json":{"title":"Coagulante abrillantador, Cleanpool MINI - Piscinas Miguel Cabello Elena","robots":{"index":"index","follow":"follow","max-snippet":"max-snippet:-1","max-image-preview":"max-image-preview:large","max-video-preview":"max-video-preview:-1"},"canonical":"https:\/\/miguelcabello.com\/producto\/coagulante-abrillantador-cleanpool-mini\/","og_locale":"en_US","og_type":"article","og_title":"Coagulante abrillantador, Cleanpool MINI - Piscinas Miguel Cabello Elena","og_description":"PM-683 especial mini piscinas","og_url":"https:\/\/miguelcabello.com\/producto\/coagulante-abrillantador-cleanpool-mini\/","og_site_name":"Piscinas Miguel Cabello Elena","article_modified_time":"2023-03-16T17:02:30+00:00","og_image":[{"width":1000,"height":1000,"url":"https:\/\/miguelcabello.com\/wp-content\/uploads\/2021\/08\/pm-683-cleanpool-mini-piscimar-miguel-cabello-coagulante.jpg","type":"image\/jpeg"}],"twitter_card":"summary_large_image","twitter_misc":{"Est. reading time":"1 minute"},"schema":{"@context":"https:\/\/schema.org","@graph":[{"@type":"WebPage","@id":"https:\/\/miguelcabello.com\/producto\/coagulante-abrillantador-cleanpool-mini\/","url":"https:\/\/miguelcabello.com\/producto\/coagulante-abrillantador-cleanpool-mini\/","name":"Coagulante abrillantador, Cleanpool MINI - Piscinas Miguel Cabello Elena","isPartOf":{"@id":"https:\/\/miguelcabello.com\/#website"},"primaryImageOfPage":{"@id":"https:\/\/miguelcabello.com\/producto\/coagulante-abrillantador-cleanpool-mini\/#primaryimage"},"image":{"@id":"https:\/\/miguelcabello.com\/producto\/coagulante-abrillantador-cleanpool-mini\/#primaryimage"},"thumbnailUrl":"https:\/\/miguelcabello.com\/wp-content\/uploads\/2021\/08\/pm-683-cleanpool-mini-piscimar-miguel-cabello-coagulante.jpg","datePublished":"2021-08-03T16:11:01+00:00","dateModified":"2023-03-16T17:02:30+00:00","breadcrumb":{"@id":"https:\/\/miguelcabello.com\/producto\/coagulante-abrillantador-cleanpool-mini\/#breadcrumb"},"inLanguage":"en-US","potentialAction":[{"@type":"ReadAction","target":["https:\/\/miguelcabello.com\/producto\/coagulante-abrillantador-cleanpool-mini\/"]}]},{"@type":"ImageObject","inLanguage":"en-US","@id":"https:\/\/miguelcabello.com\/producto\/coagulante-abrillantador-cleanpool-mini\/#primaryimage","url":"https:\/\/miguelcabello.com\/wp-content\/uploads\/2021\/08\/pm-683-cleanpool-mini-piscimar-miguel-cabello-coagulante.jpg","contentUrl":"https:\/\/miguelcabello.com\/wp-content\/uploads\/2021\/08\/pm-683-cleanpool-mini-piscimar-miguel-cabello-coagulante.jpg","width":1000,"height":1000},{"@type":"BreadcrumbList","@id":"https:\/\/miguelcabello.com\/producto\/coagulante-abrillantador-cleanpool-mini\/#breadcrumb","itemListElement":[{"@type":"ListItem","position":1,"name":"Portada","item":"https:\/\/miguelcabello.com\/en\/"},{"@type":"ListItem","position":2,"name":"Shop","item":"https:\/\/miguelcabello.com\/en\/shop-swimming-pool-products-online\/"},{"@type":"ListItem","position":3,"name":"Coagulante abrillantador, Cleanpool MINI"}]},{"@type":"WebSite","@id":"https:\/\/miguelcabello.com\/#website","url":"https:\/\/miguelcabello.com\/","name":"Piscinas Miguel Cabello Elena","description":"Profesionales en piscinas y recambios","publisher":{"@id":"https:\/\/miguelcabello.com\/#organization"},"potentialAction":[{"@type":"SearchAction","target":{"@type":"EntryPoint","urlTemplate":"https:\/\/miguelcabello.com\/?s={search_term_string}"},"query-input":{"@type":"PropertyValueSpecification","valueRequired":true,"valueName":"search_term_string"}}],"inLanguage":"en-US"},{"@type":"Organization","@id":"https:\/\/miguelcabello.com\/#organization","name":"Piscinas Miguel Cabello","url":"https:\/\/miguelcabello.com\/","logo":{"@type":"ImageObject","inLanguage":"en-US","@id":"https:\/\/miguelcabello.com\/#\/schema\/logo\/image\/","url":"https:\/\/miguelcabello.com\/wp-content\/uploads\/2020\/01\/Logo-Miguel-Cabello-Piscinas.png","contentUrl":"https:\/\/miguelcabello.com\/wp-content\/uploads\/2020\/01\/Logo-Miguel-Cabello-Piscinas.png","width":428,"height":41,"caption":"Piscinas Miguel Cabello"},"image":{"@id":"https:\/\/miguelcabello.com\/#\/schema\/logo\/image\/"}}]}},"_links":{"self":[{"href":"https:\/\/miguelcabello.com\/en\/wp-json\/wp\/v2\/product\/12392","targetHints":{"allow":["GET"]}}],"collection":[{"href":"https:\/\/miguelcabello.com\/en\/wp-json\/wp\/v2\/product"}],"about":[{"href":"https:\/\/miguelcabello.com\/en\/wp-json\/wp\/v2\/types\/product"}],"wp:featuredmedia":[{"embeddable":true,"href":"https:\/\/miguelcabello.com\/en\/wp-json\/wp\/v2\/media\/12395"}],"wp:attachment":[{"href":"https:\/\/miguelcabello.com\/en\/wp-json\/wp\/v2\/media?parent=12392"}],"wp:term":[{"taxonomy":"product_brand","embeddable":true,"href":"https:\/\/miguelcabello.com\/en\/wp-json\/wp\/v2\/product_brand?post=12392"},{"taxonomy":"product_cat","embeddable":true,"href":"https:\/\/miguelcabello.com\/en\/wp-json\/wp\/v2\/product_cat?post=12392"},{"taxonomy":"product_tag","embeddable":true,"href":"https:\/\/miguelcabello.com\/en\/wp-json\/wp\/v2\/product_tag?post=12392"}],"curies":[{"name":"wp","href":"https:\/\/api.w.org\/{rel}","templated":true}]}}