{"id":12384,"date":"2021-08-03T17:55:20","date_gmt":"2021-08-03T15:55:20","guid":{"rendered":"https:\/\/miguelcabello.com\/?post_type=product&#038;p=12384"},"modified":"2024-05-06T18:11:21","modified_gmt":"2024-05-06T16:11:21","slug":"coagulante-abrillantador-cleanpool-20grs","status":"publish","type":"product","link":"https:\/\/miguelcabello.com\/en\/producto\/coagulante-abrillantador-cleanpool-20grs\/","title":{"rendered":"Coagulante abrillantador, Cleanpool 20grs"},"content":{"rendered":"<p>Abrillantador t\u00e9cnico, contiene 5 tabletas de 20g emblistadas individualmente en bolsa de pl\u00e1stico. Clarifica el agua en 24 horas y mejora el rendimiento de la filtraci\u00f3n. Se puede usar con S\u00edlex, Vidrio, Diatomeas y filtros de cartucho. No modifica el pH ni la alcalinidad y tampoco satura el agua. Se recomienda realizar un lavado de filtro antes de aplicar el producto.<\/p>\n<p>&nbsp;<\/p>\n<div class=\"elementor-element elementor-element-74d732b elementor-widget elementor-widget-theme-post-content\" data-id=\"74d732b\" data-element_type=\"widget\" data-widget_type=\"theme-post-content.default\">\n<div class=\"elementor-widget-container\">\n<p><strong>Dosis de empleo: Inicialmente a\u00f1adir 2 tabletas\/50 m3 en el skimmer.<\/strong><\/p>\n<p><strong>Mantenimiento: a\u00f1adir 1 tableta\/50 m3 en el skimmer cada semana.<\/strong><\/p>\n<\/div>\n<\/div>\n<div class=\"elementor-element elementor-element-58ffee2 elementor-widget elementor-widget-heading\" data-id=\"58ffee2\" data-element_type=\"widget\" data-widget_type=\"heading.default\">\n<div class=\"elementor-widget-container\"><span class=\"elementor-heading-title elementor-size-default\">Informaci\u00f3n adicional<\/span><\/div>\n<\/div>\n<div class=\"elementor-element elementor-element-3decc4b elementor-widget elementor-widget-heading\" data-id=\"3decc4b\" data-element_type=\"widget\" data-widget_type=\"heading.default\">\n<div class=\"elementor-widget-container\"><span class=\"elementor-heading-title elementor-size-default\">Liner y Poli\u00e9ster, Electr\u00f3lisis Salina<\/span><\/div>\n<div><\/div>\n<div><a href=\"https:\/\/miguelcabello.com\/wp-content\/uploads\/2021\/08\/FT_PM-663-CLEANPOOL-TAB-20.pdf\">FT_PM-663 CLEANPOOL TAB 20<\/a><\/div>\n<\/div>\n<p><script><\/script><\/p>\n","protected":false},"excerpt":{"rendered":"<p>PM-663 clarifica el agua en 24 horas<\/p>\n","protected":false},"featured_media":12385,"template":"","meta":[],"product_brand":[],"product_cat":[131,81,99,97,39],"product_tag":[493,206],"class_list":{"0":"post-12384","1":"product","2":"type-product","3":"status-publish","4":"has-post-thumbnail","6":"product_cat-all-stars-piscimar","7":"product_cat-floculantes-y-clarificantes","8":"product_cat-productos-para-cloradores","9":"product_cat-productos-especificos","10":"product_cat-productos-quimicos","11":"product_tag-behq","12":"product_tag-piscimar","13":"product_shipping_class-paquete-hasta-1kg","15":"first","16":"instock","17":"taxable","18":"shipping-taxable","19":"purchasable","20":"product-type-simple"},"bundled_by":[],"bundle_stock_status":"instock","bundle_stock_quantity":null,"bundle_virtual":false,"bundle_layout":"","bundle_add_to_cart_form_location":"","bundle_editable_in_cart":false,"bundle_sold_individually_context":"","bundle_item_grouping":"","bundle_min_size":"","bundle_max_size":"","bundle_price":[],"bundled_items":[],"bundle_sell_ids":[],"yoast_head":"<!-- This site is optimized with the Yoast SEO plugin v26.8 - https:\/\/yoast.com\/product\/yoast-seo-wordpress\/ -->\n<title>Coagulante abrillantador, Cleanpool 20grs - Piscinas Miguel Cabello Elena<\/title>\n<meta name=\"robots\" content=\"index, follow, max-snippet:-1, max-image-preview:large, max-video-preview:-1\" \/>\n<link rel=\"canonical\" href=\"https:\/\/miguelcabello.com\/producto\/coagulante-abrillantador-cleanpool-20grs\/\" \/>\n<meta property=\"og:locale\" content=\"en_US\" \/>\n<meta property=\"og:type\" content=\"article\" \/>\n<meta property=\"og:title\" content=\"Coagulante abrillantador, Cleanpool 20grs - Piscinas Miguel Cabello Elena\" \/>\n<meta property=\"og:description\" content=\"PM-663 clarifica el agua en 24 horas\" \/>\n<meta property=\"og:url\" content=\"https:\/\/miguelcabello.com\/producto\/coagulante-abrillantador-cleanpool-20grs\/\" \/>\n<meta property=\"og:site_name\" content=\"Piscinas Miguel Cabello Elena\" \/>\n<meta property=\"article:modified_time\" content=\"2024-05-06T16:11:21+00:00\" \/>\n<meta property=\"og:image\" content=\"https:\/\/miguelcabello.com\/wp-content\/uploads\/2021\/08\/pm-663-cleanpool-tab-20-coagulante-miguel-cabello-piscimar.jpg\" \/>\n\t<meta property=\"og:image:width\" content=\"1000\" \/>\n\t<meta property=\"og:image:height\" content=\"1000\" \/>\n\t<meta property=\"og:image:type\" content=\"image\/jpeg\" \/>\n<meta name=\"twitter:card\" content=\"summary_large_image\" \/>\n<meta name=\"twitter:label1\" content=\"Est. reading time\" \/>\n\t<meta name=\"twitter:data1\" content=\"1 minute\" \/>\n<script type=\"application\/ld+json\" class=\"yoast-schema-graph\">{\"@context\":\"https:\/\/schema.org\",\"@graph\":[{\"@type\":\"WebPage\",\"@id\":\"https:\/\/miguelcabello.com\/producto\/coagulante-abrillantador-cleanpool-20grs\/\",\"url\":\"https:\/\/miguelcabello.com\/producto\/coagulante-abrillantador-cleanpool-20grs\/\",\"name\":\"Coagulante abrillantador, Cleanpool 20grs - Piscinas Miguel Cabello Elena\",\"isPartOf\":{\"@id\":\"https:\/\/miguelcabello.com\/#website\"},\"primaryImageOfPage\":{\"@id\":\"https:\/\/miguelcabello.com\/producto\/coagulante-abrillantador-cleanpool-20grs\/#primaryimage\"},\"image\":{\"@id\":\"https:\/\/miguelcabello.com\/producto\/coagulante-abrillantador-cleanpool-20grs\/#primaryimage\"},\"thumbnailUrl\":\"https:\/\/miguelcabello.com\/wp-content\/uploads\/2021\/08\/pm-663-cleanpool-tab-20-coagulante-miguel-cabello-piscimar.jpg\",\"datePublished\":\"2021-08-03T15:55:20+00:00\",\"dateModified\":\"2024-05-06T16:11:21+00:00\",\"breadcrumb\":{\"@id\":\"https:\/\/miguelcabello.com\/producto\/coagulante-abrillantador-cleanpool-20grs\/#breadcrumb\"},\"inLanguage\":\"en-US\",\"potentialAction\":[{\"@type\":\"ReadAction\",\"target\":[\"https:\/\/miguelcabello.com\/producto\/coagulante-abrillantador-cleanpool-20grs\/\"]}]},{\"@type\":\"ImageObject\",\"inLanguage\":\"en-US\",\"@id\":\"https:\/\/miguelcabello.com\/producto\/coagulante-abrillantador-cleanpool-20grs\/#primaryimage\",\"url\":\"https:\/\/miguelcabello.com\/wp-content\/uploads\/2021\/08\/pm-663-cleanpool-tab-20-coagulante-miguel-cabello-piscimar.jpg\",\"contentUrl\":\"https:\/\/miguelcabello.com\/wp-content\/uploads\/2021\/08\/pm-663-cleanpool-tab-20-coagulante-miguel-cabello-piscimar.jpg\",\"width\":1000,\"height\":1000,\"caption\":\"pm-663-cleanpool-tab-20- coagulante- miguel cabello-piscimar\"},{\"@type\":\"BreadcrumbList\",\"@id\":\"https:\/\/miguelcabello.com\/producto\/coagulante-abrillantador-cleanpool-20grs\/#breadcrumb\",\"itemListElement\":[{\"@type\":\"ListItem\",\"position\":1,\"name\":\"Portada\",\"item\":\"https:\/\/miguelcabello.com\/en\/\"},{\"@type\":\"ListItem\",\"position\":2,\"name\":\"Shop\",\"item\":\"https:\/\/miguelcabello.com\/en\/shop-swimming-pool-products-online\/\"},{\"@type\":\"ListItem\",\"position\":3,\"name\":\"Coagulante abrillantador, Cleanpool 20grs\"}]},{\"@type\":\"WebSite\",\"@id\":\"https:\/\/miguelcabello.com\/#website\",\"url\":\"https:\/\/miguelcabello.com\/\",\"name\":\"Piscinas Miguel Cabello Elena\",\"description\":\"Profesionales en piscinas y recambios\",\"publisher\":{\"@id\":\"https:\/\/miguelcabello.com\/#organization\"},\"potentialAction\":[{\"@type\":\"SearchAction\",\"target\":{\"@type\":\"EntryPoint\",\"urlTemplate\":\"https:\/\/miguelcabello.com\/?s={search_term_string}\"},\"query-input\":{\"@type\":\"PropertyValueSpecification\",\"valueRequired\":true,\"valueName\":\"search_term_string\"}}],\"inLanguage\":\"en-US\"},{\"@type\":\"Organization\",\"@id\":\"https:\/\/miguelcabello.com\/#organization\",\"name\":\"Piscinas Miguel Cabello\",\"url\":\"https:\/\/miguelcabello.com\/\",\"logo\":{\"@type\":\"ImageObject\",\"inLanguage\":\"en-US\",\"@id\":\"https:\/\/miguelcabello.com\/#\/schema\/logo\/image\/\",\"url\":\"https:\/\/miguelcabello.com\/wp-content\/uploads\/2020\/01\/Logo-Miguel-Cabello-Piscinas.png\",\"contentUrl\":\"https:\/\/miguelcabello.com\/wp-content\/uploads\/2020\/01\/Logo-Miguel-Cabello-Piscinas.png\",\"width\":428,\"height\":41,\"caption\":\"Piscinas Miguel Cabello\"},\"image\":{\"@id\":\"https:\/\/miguelcabello.com\/#\/schema\/logo\/image\/\"}}]}<\/script>\n<!-- \/ Yoast SEO plugin. -->","yoast_head_json":{"title":"Coagulante abrillantador, Cleanpool 20grs - Piscinas Miguel Cabello Elena","robots":{"index":"index","follow":"follow","max-snippet":"max-snippet:-1","max-image-preview":"max-image-preview:large","max-video-preview":"max-video-preview:-1"},"canonical":"https:\/\/miguelcabello.com\/producto\/coagulante-abrillantador-cleanpool-20grs\/","og_locale":"en_US","og_type":"article","og_title":"Coagulante abrillantador, Cleanpool 20grs - Piscinas Miguel Cabello Elena","og_description":"PM-663 clarifica el agua en 24 horas","og_url":"https:\/\/miguelcabello.com\/producto\/coagulante-abrillantador-cleanpool-20grs\/","og_site_name":"Piscinas Miguel Cabello Elena","article_modified_time":"2024-05-06T16:11:21+00:00","og_image":[{"width":1000,"height":1000,"url":"https:\/\/miguelcabello.com\/wp-content\/uploads\/2021\/08\/pm-663-cleanpool-tab-20-coagulante-miguel-cabello-piscimar.jpg","type":"image\/jpeg"}],"twitter_card":"summary_large_image","twitter_misc":{"Est. reading time":"1 minute"},"schema":{"@context":"https:\/\/schema.org","@graph":[{"@type":"WebPage","@id":"https:\/\/miguelcabello.com\/producto\/coagulante-abrillantador-cleanpool-20grs\/","url":"https:\/\/miguelcabello.com\/producto\/coagulante-abrillantador-cleanpool-20grs\/","name":"Coagulante abrillantador, Cleanpool 20grs - Piscinas Miguel Cabello Elena","isPartOf":{"@id":"https:\/\/miguelcabello.com\/#website"},"primaryImageOfPage":{"@id":"https:\/\/miguelcabello.com\/producto\/coagulante-abrillantador-cleanpool-20grs\/#primaryimage"},"image":{"@id":"https:\/\/miguelcabello.com\/producto\/coagulante-abrillantador-cleanpool-20grs\/#primaryimage"},"thumbnailUrl":"https:\/\/miguelcabello.com\/wp-content\/uploads\/2021\/08\/pm-663-cleanpool-tab-20-coagulante-miguel-cabello-piscimar.jpg","datePublished":"2021-08-03T15:55:20+00:00","dateModified":"2024-05-06T16:11:21+00:00","breadcrumb":{"@id":"https:\/\/miguelcabello.com\/producto\/coagulante-abrillantador-cleanpool-20grs\/#breadcrumb"},"inLanguage":"en-US","potentialAction":[{"@type":"ReadAction","target":["https:\/\/miguelcabello.com\/producto\/coagulante-abrillantador-cleanpool-20grs\/"]}]},{"@type":"ImageObject","inLanguage":"en-US","@id":"https:\/\/miguelcabello.com\/producto\/coagulante-abrillantador-cleanpool-20grs\/#primaryimage","url":"https:\/\/miguelcabello.com\/wp-content\/uploads\/2021\/08\/pm-663-cleanpool-tab-20-coagulante-miguel-cabello-piscimar.jpg","contentUrl":"https:\/\/miguelcabello.com\/wp-content\/uploads\/2021\/08\/pm-663-cleanpool-tab-20-coagulante-miguel-cabello-piscimar.jpg","width":1000,"height":1000,"caption":"pm-663-cleanpool-tab-20- coagulante- miguel cabello-piscimar"},{"@type":"BreadcrumbList","@id":"https:\/\/miguelcabello.com\/producto\/coagulante-abrillantador-cleanpool-20grs\/#breadcrumb","itemListElement":[{"@type":"ListItem","position":1,"name":"Portada","item":"https:\/\/miguelcabello.com\/en\/"},{"@type":"ListItem","position":2,"name":"Shop","item":"https:\/\/miguelcabello.com\/en\/shop-swimming-pool-products-online\/"},{"@type":"ListItem","position":3,"name":"Coagulante abrillantador, Cleanpool 20grs"}]},{"@type":"WebSite","@id":"https:\/\/miguelcabello.com\/#website","url":"https:\/\/miguelcabello.com\/","name":"Piscinas Miguel Cabello Elena","description":"Profesionales en piscinas y recambios","publisher":{"@id":"https:\/\/miguelcabello.com\/#organization"},"potentialAction":[{"@type":"SearchAction","target":{"@type":"EntryPoint","urlTemplate":"https:\/\/miguelcabello.com\/?s={search_term_string}"},"query-input":{"@type":"PropertyValueSpecification","valueRequired":true,"valueName":"search_term_string"}}],"inLanguage":"en-US"},{"@type":"Organization","@id":"https:\/\/miguelcabello.com\/#organization","name":"Piscinas Miguel Cabello","url":"https:\/\/miguelcabello.com\/","logo":{"@type":"ImageObject","inLanguage":"en-US","@id":"https:\/\/miguelcabello.com\/#\/schema\/logo\/image\/","url":"https:\/\/miguelcabello.com\/wp-content\/uploads\/2020\/01\/Logo-Miguel-Cabello-Piscinas.png","contentUrl":"https:\/\/miguelcabello.com\/wp-content\/uploads\/2020\/01\/Logo-Miguel-Cabello-Piscinas.png","width":428,"height":41,"caption":"Piscinas Miguel Cabello"},"image":{"@id":"https:\/\/miguelcabello.com\/#\/schema\/logo\/image\/"}}]}},"_links":{"self":[{"href":"https:\/\/miguelcabello.com\/en\/wp-json\/wp\/v2\/product\/12384","targetHints":{"allow":["GET"]}}],"collection":[{"href":"https:\/\/miguelcabello.com\/en\/wp-json\/wp\/v2\/product"}],"about":[{"href":"https:\/\/miguelcabello.com\/en\/wp-json\/wp\/v2\/types\/product"}],"wp:featuredmedia":[{"embeddable":true,"href":"https:\/\/miguelcabello.com\/en\/wp-json\/wp\/v2\/media\/12385"}],"wp:attachment":[{"href":"https:\/\/miguelcabello.com\/en\/wp-json\/wp\/v2\/media?parent=12384"}],"wp:term":[{"taxonomy":"product_brand","embeddable":true,"href":"https:\/\/miguelcabello.com\/en\/wp-json\/wp\/v2\/product_brand?post=12384"},{"taxonomy":"product_cat","embeddable":true,"href":"https:\/\/miguelcabello.com\/en\/wp-json\/wp\/v2\/product_cat?post=12384"},{"taxonomy":"product_tag","embeddable":true,"href":"https:\/\/miguelcabello.com\/en\/wp-json\/wp\/v2\/product_tag?post=12384"}],"curies":[{"name":"wp","href":"https:\/\/api.w.org\/{rel}","templated":true}]}}