{"id":12358,"date":"2021-08-02T11:32:19","date_gmt":"2021-08-02T09:32:19","guid":{"rendered":"https:\/\/miguelcabello.com\/?post_type=product&#038;p=12358"},"modified":"2023-08-10T12:14:24","modified_gmt":"2023-08-10T10:14:24","slug":"bomba-espa-nox-75-15m","status":"publish","type":"product","link":"https:\/\/miguelcabello.com\/en\/producto\/bomba-espa-nox-75-15m\/","title":{"rendered":"Bomba ESPA NOX 75 15M"},"content":{"rendered":"<ul>\n<li>Bomba centr\u00edfuga monocelular autoaspirante (4 metros)\u00a0<strong>con prefiltro incorporado<\/strong>.<\/li>\n<li><strong>Funcionamiento silencioso<\/strong>.<\/li>\n<li>Su aplicaci\u00f3n es la recirculaci\u00f3n y filtraci\u00f3n de agua en\u00a0<strong>piscinas medianas y de grandes dimensiones<\/strong>.<\/li>\n<li>Compatible con agua clorada y con agua salada (hasta 7 g\/litro).<\/li>\n<li>Conexiones \u00d8 aspiraci\u00f3n e impulsi\u00f3n: racores para encolar \u00d8 50 mm.<\/li>\n<li>Cuerpo bomba, pie bomba, rodete, soporte sello y difusor en tecnopol\u00edmero.<\/li>\n<li>Este modelo\u00a0<strong>sustituye la bomba ESPA Silen\u00a0(modelo antiguo)<\/strong>, con la que comparte las mismas medidas y prestaciones.<\/li>\n<li>2 a\u00f1os de garant\u00eda.<\/li>\n<li>Marca ESPA.<\/li>\n<\/ul>\n<p><script><\/script><\/p>\n","protected":false},"excerpt":{"rendered":"<p>Compatible con SILEN 75M<\/p>\n","protected":false},"featured_media":12359,"template":"","meta":[],"product_brand":[],"product_cat":[114],"product_tag":[490],"class_list":{"0":"post-12358","1":"product","2":"type-product","3":"status-publish","4":"has-post-thumbnail","6":"product_cat-bombas","7":"product_tag-espa","8":"product_shipping_class-paquete-hasta-5kg","10":"first","11":"outofstock","12":"taxable","13":"shipping-taxable","14":"product-type-simple"},"bundled_by":[],"bundle_stock_status":"outofstock","bundle_stock_quantity":null,"bundle_virtual":false,"bundle_layout":"","bundle_add_to_cart_form_location":"","bundle_editable_in_cart":false,"bundle_sold_individually_context":"","bundle_item_grouping":"","bundle_min_size":"","bundle_max_size":"","bundle_price":[],"bundled_items":[],"bundle_sell_ids":[],"yoast_head":"<!-- This site is optimized with the Yoast SEO plugin v26.8 - https:\/\/yoast.com\/product\/yoast-seo-wordpress\/ -->\n<title>Bomba ESPA NOX 75 15M - Piscinas Miguel Cabello Elena<\/title>\n<meta name=\"robots\" content=\"index, follow, max-snippet:-1, max-image-preview:large, max-video-preview:-1\" \/>\n<link rel=\"canonical\" href=\"https:\/\/miguelcabello.com\/producto\/bomba-espa-nox-75-15m\/\" \/>\n<meta property=\"og:locale\" content=\"en_US\" \/>\n<meta property=\"og:type\" content=\"article\" \/>\n<meta property=\"og:title\" content=\"Bomba ESPA NOX 75 15M - Piscinas Miguel Cabello Elena\" \/>\n<meta property=\"og:description\" content=\"Compatible con SILEN 75M\" \/>\n<meta property=\"og:url\" content=\"https:\/\/miguelcabello.com\/producto\/bomba-espa-nox-75-15m\/\" \/>\n<meta property=\"og:site_name\" content=\"Piscinas Miguel Cabello Elena\" \/>\n<meta property=\"article:modified_time\" content=\"2023-08-10T10:14:24+00:00\" \/>\n<meta property=\"og:image\" content=\"https:\/\/miguelcabello.com\/wp-content\/uploads\/2021\/08\/bomba-espa-nox-75-100-150-silen-75M-miguel-cabello-piscina-filtracion.jpg\" \/>\n\t<meta property=\"og:image:width\" content=\"800\" \/>\n\t<meta property=\"og:image:height\" content=\"800\" \/>\n\t<meta property=\"og:image:type\" content=\"image\/jpeg\" \/>\n<meta name=\"twitter:card\" content=\"summary_large_image\" \/>\n<meta name=\"twitter:label1\" content=\"Est. reading time\" \/>\n\t<meta name=\"twitter:data1\" content=\"1 minute\" \/>\n<script type=\"application\/ld+json\" class=\"yoast-schema-graph\">{\"@context\":\"https:\/\/schema.org\",\"@graph\":[{\"@type\":\"WebPage\",\"@id\":\"https:\/\/miguelcabello.com\/producto\/bomba-espa-nox-75-15m\/\",\"url\":\"https:\/\/miguelcabello.com\/producto\/bomba-espa-nox-75-15m\/\",\"name\":\"Bomba ESPA NOX 75 15M - Piscinas Miguel Cabello Elena\",\"isPartOf\":{\"@id\":\"https:\/\/miguelcabello.com\/#website\"},\"primaryImageOfPage\":{\"@id\":\"https:\/\/miguelcabello.com\/producto\/bomba-espa-nox-75-15m\/#primaryimage\"},\"image\":{\"@id\":\"https:\/\/miguelcabello.com\/producto\/bomba-espa-nox-75-15m\/#primaryimage\"},\"thumbnailUrl\":\"https:\/\/miguelcabello.com\/wp-content\/uploads\/2021\/08\/bomba-espa-nox-75-100-150-silen-75M-miguel-cabello-piscina-filtracion.jpg\",\"datePublished\":\"2021-08-02T09:32:19+00:00\",\"dateModified\":\"2023-08-10T10:14:24+00:00\",\"breadcrumb\":{\"@id\":\"https:\/\/miguelcabello.com\/producto\/bomba-espa-nox-75-15m\/#breadcrumb\"},\"inLanguage\":\"en-US\",\"potentialAction\":[{\"@type\":\"ReadAction\",\"target\":[\"https:\/\/miguelcabello.com\/producto\/bomba-espa-nox-75-15m\/\"]}]},{\"@type\":\"ImageObject\",\"inLanguage\":\"en-US\",\"@id\":\"https:\/\/miguelcabello.com\/producto\/bomba-espa-nox-75-15m\/#primaryimage\",\"url\":\"https:\/\/miguelcabello.com\/wp-content\/uploads\/2021\/08\/bomba-espa-nox-75-100-150-silen-75M-miguel-cabello-piscina-filtracion.jpg\",\"contentUrl\":\"https:\/\/miguelcabello.com\/wp-content\/uploads\/2021\/08\/bomba-espa-nox-75-100-150-silen-75M-miguel-cabello-piscina-filtracion.jpg\",\"width\":800,\"height\":800,\"caption\":\"bomba-espa-nox-75-100-150- silen 75M- miguel cabello- piscina- filtracion\"},{\"@type\":\"BreadcrumbList\",\"@id\":\"https:\/\/miguelcabello.com\/producto\/bomba-espa-nox-75-15m\/#breadcrumb\",\"itemListElement\":[{\"@type\":\"ListItem\",\"position\":1,\"name\":\"Portada\",\"item\":\"https:\/\/miguelcabello.com\/en\/\"},{\"@type\":\"ListItem\",\"position\":2,\"name\":\"Shop\",\"item\":\"https:\/\/miguelcabello.com\/en\/shop-swimming-pool-products-online\/\"},{\"@type\":\"ListItem\",\"position\":3,\"name\":\"Bomba ESPA NOX 75 15M\"}]},{\"@type\":\"WebSite\",\"@id\":\"https:\/\/miguelcabello.com\/#website\",\"url\":\"https:\/\/miguelcabello.com\/\",\"name\":\"Piscinas Miguel Cabello Elena\",\"description\":\"Profesionales en piscinas y recambios\",\"publisher\":{\"@id\":\"https:\/\/miguelcabello.com\/#organization\"},\"potentialAction\":[{\"@type\":\"SearchAction\",\"target\":{\"@type\":\"EntryPoint\",\"urlTemplate\":\"https:\/\/miguelcabello.com\/?s={search_term_string}\"},\"query-input\":{\"@type\":\"PropertyValueSpecification\",\"valueRequired\":true,\"valueName\":\"search_term_string\"}}],\"inLanguage\":\"en-US\"},{\"@type\":\"Organization\",\"@id\":\"https:\/\/miguelcabello.com\/#organization\",\"name\":\"Piscinas Miguel Cabello\",\"url\":\"https:\/\/miguelcabello.com\/\",\"logo\":{\"@type\":\"ImageObject\",\"inLanguage\":\"en-US\",\"@id\":\"https:\/\/miguelcabello.com\/#\/schema\/logo\/image\/\",\"url\":\"https:\/\/miguelcabello.com\/wp-content\/uploads\/2020\/01\/Logo-Miguel-Cabello-Piscinas.png\",\"contentUrl\":\"https:\/\/miguelcabello.com\/wp-content\/uploads\/2020\/01\/Logo-Miguel-Cabello-Piscinas.png\",\"width\":428,\"height\":41,\"caption\":\"Piscinas Miguel Cabello\"},\"image\":{\"@id\":\"https:\/\/miguelcabello.com\/#\/schema\/logo\/image\/\"}}]}<\/script>\n<!-- \/ Yoast SEO plugin. -->","yoast_head_json":{"title":"Bomba ESPA NOX 75 15M - Piscinas Miguel Cabello Elena","robots":{"index":"index","follow":"follow","max-snippet":"max-snippet:-1","max-image-preview":"max-image-preview:large","max-video-preview":"max-video-preview:-1"},"canonical":"https:\/\/miguelcabello.com\/producto\/bomba-espa-nox-75-15m\/","og_locale":"en_US","og_type":"article","og_title":"Bomba ESPA NOX 75 15M - Piscinas Miguel Cabello Elena","og_description":"Compatible con SILEN 75M","og_url":"https:\/\/miguelcabello.com\/producto\/bomba-espa-nox-75-15m\/","og_site_name":"Piscinas Miguel Cabello Elena","article_modified_time":"2023-08-10T10:14:24+00:00","og_image":[{"width":800,"height":800,"url":"https:\/\/miguelcabello.com\/wp-content\/uploads\/2021\/08\/bomba-espa-nox-75-100-150-silen-75M-miguel-cabello-piscina-filtracion.jpg","type":"image\/jpeg"}],"twitter_card":"summary_large_image","twitter_misc":{"Est. reading time":"1 minute"},"schema":{"@context":"https:\/\/schema.org","@graph":[{"@type":"WebPage","@id":"https:\/\/miguelcabello.com\/producto\/bomba-espa-nox-75-15m\/","url":"https:\/\/miguelcabello.com\/producto\/bomba-espa-nox-75-15m\/","name":"Bomba ESPA NOX 75 15M - Piscinas Miguel Cabello Elena","isPartOf":{"@id":"https:\/\/miguelcabello.com\/#website"},"primaryImageOfPage":{"@id":"https:\/\/miguelcabello.com\/producto\/bomba-espa-nox-75-15m\/#primaryimage"},"image":{"@id":"https:\/\/miguelcabello.com\/producto\/bomba-espa-nox-75-15m\/#primaryimage"},"thumbnailUrl":"https:\/\/miguelcabello.com\/wp-content\/uploads\/2021\/08\/bomba-espa-nox-75-100-150-silen-75M-miguel-cabello-piscina-filtracion.jpg","datePublished":"2021-08-02T09:32:19+00:00","dateModified":"2023-08-10T10:14:24+00:00","breadcrumb":{"@id":"https:\/\/miguelcabello.com\/producto\/bomba-espa-nox-75-15m\/#breadcrumb"},"inLanguage":"en-US","potentialAction":[{"@type":"ReadAction","target":["https:\/\/miguelcabello.com\/producto\/bomba-espa-nox-75-15m\/"]}]},{"@type":"ImageObject","inLanguage":"en-US","@id":"https:\/\/miguelcabello.com\/producto\/bomba-espa-nox-75-15m\/#primaryimage","url":"https:\/\/miguelcabello.com\/wp-content\/uploads\/2021\/08\/bomba-espa-nox-75-100-150-silen-75M-miguel-cabello-piscina-filtracion.jpg","contentUrl":"https:\/\/miguelcabello.com\/wp-content\/uploads\/2021\/08\/bomba-espa-nox-75-100-150-silen-75M-miguel-cabello-piscina-filtracion.jpg","width":800,"height":800,"caption":"bomba-espa-nox-75-100-150- silen 75M- miguel cabello- piscina- filtracion"},{"@type":"BreadcrumbList","@id":"https:\/\/miguelcabello.com\/producto\/bomba-espa-nox-75-15m\/#breadcrumb","itemListElement":[{"@type":"ListItem","position":1,"name":"Portada","item":"https:\/\/miguelcabello.com\/en\/"},{"@type":"ListItem","position":2,"name":"Shop","item":"https:\/\/miguelcabello.com\/en\/shop-swimming-pool-products-online\/"},{"@type":"ListItem","position":3,"name":"Bomba ESPA NOX 75 15M"}]},{"@type":"WebSite","@id":"https:\/\/miguelcabello.com\/#website","url":"https:\/\/miguelcabello.com\/","name":"Piscinas Miguel Cabello Elena","description":"Profesionales en piscinas y recambios","publisher":{"@id":"https:\/\/miguelcabello.com\/#organization"},"potentialAction":[{"@type":"SearchAction","target":{"@type":"EntryPoint","urlTemplate":"https:\/\/miguelcabello.com\/?s={search_term_string}"},"query-input":{"@type":"PropertyValueSpecification","valueRequired":true,"valueName":"search_term_string"}}],"inLanguage":"en-US"},{"@type":"Organization","@id":"https:\/\/miguelcabello.com\/#organization","name":"Piscinas Miguel Cabello","url":"https:\/\/miguelcabello.com\/","logo":{"@type":"ImageObject","inLanguage":"en-US","@id":"https:\/\/miguelcabello.com\/#\/schema\/logo\/image\/","url":"https:\/\/miguelcabello.com\/wp-content\/uploads\/2020\/01\/Logo-Miguel-Cabello-Piscinas.png","contentUrl":"https:\/\/miguelcabello.com\/wp-content\/uploads\/2020\/01\/Logo-Miguel-Cabello-Piscinas.png","width":428,"height":41,"caption":"Piscinas Miguel Cabello"},"image":{"@id":"https:\/\/miguelcabello.com\/#\/schema\/logo\/image\/"}}]}},"_links":{"self":[{"href":"https:\/\/miguelcabello.com\/en\/wp-json\/wp\/v2\/product\/12358","targetHints":{"allow":["GET"]}}],"collection":[{"href":"https:\/\/miguelcabello.com\/en\/wp-json\/wp\/v2\/product"}],"about":[{"href":"https:\/\/miguelcabello.com\/en\/wp-json\/wp\/v2\/types\/product"}],"wp:featuredmedia":[{"embeddable":true,"href":"https:\/\/miguelcabello.com\/en\/wp-json\/wp\/v2\/media\/12359"}],"wp:attachment":[{"href":"https:\/\/miguelcabello.com\/en\/wp-json\/wp\/v2\/media?parent=12358"}],"wp:term":[{"taxonomy":"product_brand","embeddable":true,"href":"https:\/\/miguelcabello.com\/en\/wp-json\/wp\/v2\/product_brand?post=12358"},{"taxonomy":"product_cat","embeddable":true,"href":"https:\/\/miguelcabello.com\/en\/wp-json\/wp\/v2\/product_cat?post=12358"},{"taxonomy":"product_tag","embeddable":true,"href":"https:\/\/miguelcabello.com\/en\/wp-json\/wp\/v2\/product_tag?post=12358"}],"curies":[{"name":"wp","href":"https:\/\/api.w.org\/{rel}","templated":true}]}}