{"id":12346,"date":"2021-08-02T10:38:33","date_gmt":"2021-08-02T08:38:33","guid":{"rendered":"https:\/\/miguelcabello.com\/?post_type=product&#038;p=12346"},"modified":"2023-09-22T09:44:05","modified_gmt":"2023-09-22T07:44:05","slug":"valvula-6-vias-con-enlaces-1-1-2","status":"publish","type":"product","link":"https:\/\/miguelcabello.com\/en\/producto\/valvula-6-vias-con-enlaces-1-1-2\/","title":{"rendered":"V\u00e1lvula 6 V\u00edas con Enlaces 1 1\/2&#8243;"},"content":{"rendered":"<p>V\u00e1lvula lateral.<\/p>\n<p>V\u00e1lvulas selectoras de 6 v\u00edas construidas en pl\u00e1sticos inalterables para diferentes tipos de filtros, Volc\u00e1n, Alska, QP, Cicl\u00f3n y Rub\u00ed.<\/p>\n<p>Garant\u00eda 2 a\u00f1os seg\u00fan condiciones del fabricante.<br \/>\n<script><\/script><\/p>\n","protected":false},"excerpt":{"rendered":"<h1 id=\"title\" class=\"a-size-large a-spacing-none\"><span id=\"productTitle\" class=\"a-size-large product-title-word-break\">500490N<\/span><\/h1>\n","protected":false},"featured_media":12354,"template":"","meta":[],"product_brand":[],"product_cat":[86],"product_tag":[208],"class_list":{"0":"post-12346","1":"product","2":"type-product","3":"status-publish","4":"has-post-thumbnail","6":"product_cat-valvulas-selectoras","7":"product_tag-quimicamp","8":"product_shipping_class-paquete-hasta-3kg","10":"first","11":"instock","12":"sale","13":"taxable","14":"shipping-taxable","15":"purchasable","16":"product-type-simple"},"bundled_by":[],"bundle_stock_status":"instock","bundle_stock_quantity":null,"bundle_virtual":false,"bundle_layout":"","bundle_add_to_cart_form_location":"","bundle_editable_in_cart":false,"bundle_sold_individually_context":"","bundle_item_grouping":"","bundle_min_size":"","bundle_max_size":"","bundle_price":[],"bundled_items":[],"bundle_sell_ids":[],"yoast_head":"<!-- This site is optimized with the Yoast SEO plugin v26.8 - https:\/\/yoast.com\/product\/yoast-seo-wordpress\/ -->\n<title>V\u00e1lvula 6 V\u00edas con Enlaces 1 1\/2&quot; - Piscinas Miguel Cabello Elena<\/title>\n<meta name=\"robots\" content=\"index, follow, max-snippet:-1, max-image-preview:large, max-video-preview:-1\" \/>\n<link rel=\"canonical\" href=\"https:\/\/miguelcabello.com\/producto\/valvula-6-vias-con-enlaces-1-1-2\/\" \/>\n<meta property=\"og:locale\" content=\"en_US\" \/>\n<meta property=\"og:type\" content=\"article\" \/>\n<meta property=\"og:title\" content=\"V\u00e1lvula 6 V\u00edas con Enlaces 1 1\/2&quot; - Piscinas Miguel Cabello Elena\" \/>\n<meta property=\"og:description\" content=\"500490N\" \/>\n<meta property=\"og:url\" content=\"https:\/\/miguelcabello.com\/producto\/valvula-6-vias-con-enlaces-1-1-2\/\" \/>\n<meta property=\"og:site_name\" content=\"Piscinas Miguel Cabello Elena\" \/>\n<meta property=\"article:modified_time\" content=\"2023-09-22T07:44:05+00:00\" \/>\n<meta property=\"og:image\" content=\"https:\/\/miguelcabello.com\/wp-content\/uploads\/2021\/08\/valvua-6-vias-completa-1-con-enlaces-grupo-qp-quimicamp-coral-miguel-cabello-piscina-filtro.jpg\" \/>\n\t<meta property=\"og:image:width\" content=\"700\" \/>\n\t<meta property=\"og:image:height\" content=\"700\" \/>\n\t<meta property=\"og:image:type\" content=\"image\/jpeg\" \/>\n<meta name=\"twitter:card\" content=\"summary_large_image\" \/>\n<meta name=\"twitter:label1\" content=\"Est. reading time\" \/>\n\t<meta name=\"twitter:data1\" content=\"1 minute\" \/>\n<script type=\"application\/ld+json\" class=\"yoast-schema-graph\">{\"@context\":\"https:\/\/schema.org\",\"@graph\":[{\"@type\":\"WebPage\",\"@id\":\"https:\/\/miguelcabello.com\/producto\/valvula-6-vias-con-enlaces-1-1-2\/\",\"url\":\"https:\/\/miguelcabello.com\/producto\/valvula-6-vias-con-enlaces-1-1-2\/\",\"name\":\"V\u00e1lvula 6 V\u00edas con Enlaces 1 1\/2\\\" - Piscinas Miguel Cabello Elena\",\"isPartOf\":{\"@id\":\"https:\/\/miguelcabello.com\/#website\"},\"primaryImageOfPage\":{\"@id\":\"https:\/\/miguelcabello.com\/producto\/valvula-6-vias-con-enlaces-1-1-2\/#primaryimage\"},\"image\":{\"@id\":\"https:\/\/miguelcabello.com\/producto\/valvula-6-vias-con-enlaces-1-1-2\/#primaryimage\"},\"thumbnailUrl\":\"https:\/\/miguelcabello.com\/wp-content\/uploads\/2021\/08\/valvua-6-vias-completa-1-con-enlaces-grupo-qp-quimicamp-coral-miguel-cabello-piscina-filtro.jpg\",\"datePublished\":\"2021-08-02T08:38:33+00:00\",\"dateModified\":\"2023-09-22T07:44:05+00:00\",\"breadcrumb\":{\"@id\":\"https:\/\/miguelcabello.com\/producto\/valvula-6-vias-con-enlaces-1-1-2\/#breadcrumb\"},\"inLanguage\":\"en-US\",\"potentialAction\":[{\"@type\":\"ReadAction\",\"target\":[\"https:\/\/miguelcabello.com\/producto\/valvula-6-vias-con-enlaces-1-1-2\/\"]}]},{\"@type\":\"ImageObject\",\"inLanguage\":\"en-US\",\"@id\":\"https:\/\/miguelcabello.com\/producto\/valvula-6-vias-con-enlaces-1-1-2\/#primaryimage\",\"url\":\"https:\/\/miguelcabello.com\/wp-content\/uploads\/2021\/08\/valvua-6-vias-completa-1-con-enlaces-grupo-qp-quimicamp-coral-miguel-cabello-piscina-filtro.jpg\",\"contentUrl\":\"https:\/\/miguelcabello.com\/wp-content\/uploads\/2021\/08\/valvua-6-vias-completa-1-con-enlaces-grupo-qp-quimicamp-coral-miguel-cabello-piscina-filtro.jpg\",\"width\":700,\"height\":700,\"caption\":\"valvua-6-vias-completa-1- con enlaces- grupo qp-quimicamp-coral-miguel cabello-piscina- filtro\"},{\"@type\":\"BreadcrumbList\",\"@id\":\"https:\/\/miguelcabello.com\/producto\/valvula-6-vias-con-enlaces-1-1-2\/#breadcrumb\",\"itemListElement\":[{\"@type\":\"ListItem\",\"position\":1,\"name\":\"Portada\",\"item\":\"https:\/\/miguelcabello.com\/en\/\"},{\"@type\":\"ListItem\",\"position\":2,\"name\":\"Shop\",\"item\":\"https:\/\/miguelcabello.com\/en\/shop-swimming-pool-products-online\/\"},{\"@type\":\"ListItem\",\"position\":3,\"name\":\"V\u00e1lvula 6 Vias con Enlaces 1 1\/2&#8243;\"}]},{\"@type\":\"WebSite\",\"@id\":\"https:\/\/miguelcabello.com\/#website\",\"url\":\"https:\/\/miguelcabello.com\/\",\"name\":\"Piscinas Miguel Cabello Elena\",\"description\":\"Profesionales en piscinas y recambios\",\"publisher\":{\"@id\":\"https:\/\/miguelcabello.com\/#organization\"},\"potentialAction\":[{\"@type\":\"SearchAction\",\"target\":{\"@type\":\"EntryPoint\",\"urlTemplate\":\"https:\/\/miguelcabello.com\/?s={search_term_string}\"},\"query-input\":{\"@type\":\"PropertyValueSpecification\",\"valueRequired\":true,\"valueName\":\"search_term_string\"}}],\"inLanguage\":\"en-US\"},{\"@type\":\"Organization\",\"@id\":\"https:\/\/miguelcabello.com\/#organization\",\"name\":\"Piscinas Miguel Cabello\",\"url\":\"https:\/\/miguelcabello.com\/\",\"logo\":{\"@type\":\"ImageObject\",\"inLanguage\":\"en-US\",\"@id\":\"https:\/\/miguelcabello.com\/#\/schema\/logo\/image\/\",\"url\":\"https:\/\/miguelcabello.com\/wp-content\/uploads\/2020\/01\/Logo-Miguel-Cabello-Piscinas.png\",\"contentUrl\":\"https:\/\/miguelcabello.com\/wp-content\/uploads\/2020\/01\/Logo-Miguel-Cabello-Piscinas.png\",\"width\":428,\"height\":41,\"caption\":\"Piscinas Miguel Cabello\"},\"image\":{\"@id\":\"https:\/\/miguelcabello.com\/#\/schema\/logo\/image\/\"}}]}<\/script>\n<!-- \/ Yoast SEO plugin. -->","yoast_head_json":{"title":"V\u00e1lvula 6 V\u00edas con Enlaces 1 1\/2\" - Piscinas Miguel Cabello Elena","robots":{"index":"index","follow":"follow","max-snippet":"max-snippet:-1","max-image-preview":"max-image-preview:large","max-video-preview":"max-video-preview:-1"},"canonical":"https:\/\/miguelcabello.com\/producto\/valvula-6-vias-con-enlaces-1-1-2\/","og_locale":"en_US","og_type":"article","og_title":"V\u00e1lvula 6 V\u00edas con Enlaces 1 1\/2\" - Piscinas Miguel Cabello Elena","og_description":"500490N","og_url":"https:\/\/miguelcabello.com\/producto\/valvula-6-vias-con-enlaces-1-1-2\/","og_site_name":"Piscinas Miguel Cabello Elena","article_modified_time":"2023-09-22T07:44:05+00:00","og_image":[{"width":700,"height":700,"url":"https:\/\/miguelcabello.com\/wp-content\/uploads\/2021\/08\/valvua-6-vias-completa-1-con-enlaces-grupo-qp-quimicamp-coral-miguel-cabello-piscina-filtro.jpg","type":"image\/jpeg"}],"twitter_card":"summary_large_image","twitter_misc":{"Est. reading time":"1 minute"},"schema":{"@context":"https:\/\/schema.org","@graph":[{"@type":"WebPage","@id":"https:\/\/miguelcabello.com\/producto\/valvula-6-vias-con-enlaces-1-1-2\/","url":"https:\/\/miguelcabello.com\/producto\/valvula-6-vias-con-enlaces-1-1-2\/","name":"V\u00e1lvula 6 V\u00edas con Enlaces 1 1\/2\" - Piscinas Miguel Cabello Elena","isPartOf":{"@id":"https:\/\/miguelcabello.com\/#website"},"primaryImageOfPage":{"@id":"https:\/\/miguelcabello.com\/producto\/valvula-6-vias-con-enlaces-1-1-2\/#primaryimage"},"image":{"@id":"https:\/\/miguelcabello.com\/producto\/valvula-6-vias-con-enlaces-1-1-2\/#primaryimage"},"thumbnailUrl":"https:\/\/miguelcabello.com\/wp-content\/uploads\/2021\/08\/valvua-6-vias-completa-1-con-enlaces-grupo-qp-quimicamp-coral-miguel-cabello-piscina-filtro.jpg","datePublished":"2021-08-02T08:38:33+00:00","dateModified":"2023-09-22T07:44:05+00:00","breadcrumb":{"@id":"https:\/\/miguelcabello.com\/producto\/valvula-6-vias-con-enlaces-1-1-2\/#breadcrumb"},"inLanguage":"en-US","potentialAction":[{"@type":"ReadAction","target":["https:\/\/miguelcabello.com\/producto\/valvula-6-vias-con-enlaces-1-1-2\/"]}]},{"@type":"ImageObject","inLanguage":"en-US","@id":"https:\/\/miguelcabello.com\/producto\/valvula-6-vias-con-enlaces-1-1-2\/#primaryimage","url":"https:\/\/miguelcabello.com\/wp-content\/uploads\/2021\/08\/valvua-6-vias-completa-1-con-enlaces-grupo-qp-quimicamp-coral-miguel-cabello-piscina-filtro.jpg","contentUrl":"https:\/\/miguelcabello.com\/wp-content\/uploads\/2021\/08\/valvua-6-vias-completa-1-con-enlaces-grupo-qp-quimicamp-coral-miguel-cabello-piscina-filtro.jpg","width":700,"height":700,"caption":"valvua-6-vias-completa-1- con enlaces- grupo qp-quimicamp-coral-miguel cabello-piscina- filtro"},{"@type":"BreadcrumbList","@id":"https:\/\/miguelcabello.com\/producto\/valvula-6-vias-con-enlaces-1-1-2\/#breadcrumb","itemListElement":[{"@type":"ListItem","position":1,"name":"Portada","item":"https:\/\/miguelcabello.com\/en\/"},{"@type":"ListItem","position":2,"name":"Shop","item":"https:\/\/miguelcabello.com\/en\/shop-swimming-pool-products-online\/"},{"@type":"ListItem","position":3,"name":"V\u00e1lvula 6 Vias con Enlaces 1 1\/2&#8243;"}]},{"@type":"WebSite","@id":"https:\/\/miguelcabello.com\/#website","url":"https:\/\/miguelcabello.com\/","name":"Piscinas Miguel Cabello Elena","description":"Profesionales en piscinas y recambios","publisher":{"@id":"https:\/\/miguelcabello.com\/#organization"},"potentialAction":[{"@type":"SearchAction","target":{"@type":"EntryPoint","urlTemplate":"https:\/\/miguelcabello.com\/?s={search_term_string}"},"query-input":{"@type":"PropertyValueSpecification","valueRequired":true,"valueName":"search_term_string"}}],"inLanguage":"en-US"},{"@type":"Organization","@id":"https:\/\/miguelcabello.com\/#organization","name":"Piscinas Miguel Cabello","url":"https:\/\/miguelcabello.com\/","logo":{"@type":"ImageObject","inLanguage":"en-US","@id":"https:\/\/miguelcabello.com\/#\/schema\/logo\/image\/","url":"https:\/\/miguelcabello.com\/wp-content\/uploads\/2020\/01\/Logo-Miguel-Cabello-Piscinas.png","contentUrl":"https:\/\/miguelcabello.com\/wp-content\/uploads\/2020\/01\/Logo-Miguel-Cabello-Piscinas.png","width":428,"height":41,"caption":"Piscinas Miguel Cabello"},"image":{"@id":"https:\/\/miguelcabello.com\/#\/schema\/logo\/image\/"}}]}},"_links":{"self":[{"href":"https:\/\/miguelcabello.com\/en\/wp-json\/wp\/v2\/product\/12346","targetHints":{"allow":["GET"]}}],"collection":[{"href":"https:\/\/miguelcabello.com\/en\/wp-json\/wp\/v2\/product"}],"about":[{"href":"https:\/\/miguelcabello.com\/en\/wp-json\/wp\/v2\/types\/product"}],"wp:featuredmedia":[{"embeddable":true,"href":"https:\/\/miguelcabello.com\/en\/wp-json\/wp\/v2\/media\/12354"}],"wp:attachment":[{"href":"https:\/\/miguelcabello.com\/en\/wp-json\/wp\/v2\/media?parent=12346"}],"wp:term":[{"taxonomy":"product_brand","embeddable":true,"href":"https:\/\/miguelcabello.com\/en\/wp-json\/wp\/v2\/product_brand?post=12346"},{"taxonomy":"product_cat","embeddable":true,"href":"https:\/\/miguelcabello.com\/en\/wp-json\/wp\/v2\/product_cat?post=12346"},{"taxonomy":"product_tag","embeddable":true,"href":"https:\/\/miguelcabello.com\/en\/wp-json\/wp\/v2\/product_tag?post=12346"}],"curies":[{"name":"wp","href":"https:\/\/api.w.org\/{rel}","templated":true}]}}