{"id":12271,"date":"2021-04-30T12:54:21","date_gmt":"2021-04-30T10:54:21","guid":{"rendered":"https:\/\/miguelcabello.com\/?post_type=product&#038;p=12271"},"modified":"2021-04-30T12:54:22","modified_gmt":"2021-04-30T10:54:22","slug":"cobertor-solar-termico-400-micras-burbuja-clasica-azul","status":"publish","type":"product","link":"https:\/\/miguelcabello.com\/en\/producto\/cobertor-solar-termico-400-micras-burbuja-clasica-azul\/","title":{"rendered":"Cobertor solar-t\u00e9rmico  400 micras burbuja cl\u00e1sica Azul"},"content":{"rendered":"<h3 class=\"uk-panel-title\">CARACTER\u00cdSTICAS T\u00c9CNICAS<\/h3>\n<div class=\"uk-margin-top\">\n<ul>\n<li><i class=\"uk-icon-check-circle\"><\/i>\u00a0Polietileno extruido doble de alta resistencia<\/li>\n<li><i class=\"uk-icon-check-circle\"><\/i>\u00a0Tratamiento rayos solares UVA\/UVB<\/li>\n<li><i class=\"uk-icon-check-circle\"><\/i>\u00a0Color: azul<\/li>\n<li><i class=\"uk-icon-check-circle\"><\/i>\u00a0Espesor 400 micras<\/li>\n<\/ul>\n<h3>BURBUJA ESTANDAR<\/h3>\n<ul>\n<li><i class=\"uk-icon-check-circle\"><\/i>\u00a0Di\u00e1metro burbuja 12mm<\/li>\n<li><i class=\"uk-icon-check-circle\"><\/i>\u00a0Altura burbuja 4.9mm<\/li>\n<li><i class=\"uk-icon-check-circle\"><\/i>\u00a0Burbujas por m2 5801<\/li>\n<\/ul>\n<\/div>\n<p>Los Cobertores solares t\u00e9rmicos usan la energ\u00eda solar para calentar el agua, adem\u00e1s de presentar una barrera f\u00edsica contra la evaporaci\u00f3n del agua y el paso de suciedad a la piscina.<\/p>\n<p>El cobertor solar por su poco peso y poder de flotaci\u00f3n se extiende y recoge con facilidad. Esta operaci\u00f3n se facilita a\u00fan m\u00e1s utilizando un enrollador.<\/p>\n<ul>\n<li><i class=\"uk-icon-check-circle\"><\/i>\u00a0Usa la energ\u00eda del sol para calentar el agua durante el d\u00eda y mantiene el agua caliente<\/li>\n<li><i class=\"uk-icon-check-circle\"><\/i>\u00a0Reduce la evaporaci\u00f3n del agua hasta en un 95 %<\/li>\n<li><i class=\"uk-icon-check-circle\"><\/i>\u00a0Ahorra agua y productos de tratamiento<\/li>\n<li><i class=\"uk-icon-check-circle\"><\/i>\u00a0Protege la piscina de la suciedad<\/li>\n<li><i class=\"uk-icon-check-circle\"><\/i>\u00a0Ahorra hasta el 60% de la factura de climatizaci\u00f3n<\/li>\n<li><i class=\"uk-icon-check-circle\"><\/i>\u00a0Imprescindible en piscinas climatizadas<\/li>\n<\/ul>\n<p><script><\/script><\/p>\n","protected":false},"excerpt":{"rendered":"<p>confecci\u00f3n a medida<\/p>\n","protected":false},"featured_media":12272,"template":"","meta":[],"product_brand":[],"product_cat":[36,105],"product_tag":[],"class_list":{"0":"post-12271","1":"product","2":"type-product","3":"status-publish","4":"has-post-thumbnail","6":"product_cat-cubiertas","7":"product_cat-termicas","8":"product_shipping_class-paquete-por-fabricante","10":"first","11":"instock","12":"taxable","13":"shipping-taxable","14":"product-type-simple"},"bundled_by":[],"bundle_stock_status":"instock","bundle_stock_quantity":null,"bundle_virtual":false,"bundle_layout":"","bundle_add_to_cart_form_location":"","bundle_editable_in_cart":false,"bundle_sold_individually_context":"","bundle_item_grouping":"","bundle_min_size":"","bundle_max_size":"","bundle_price":[],"bundled_items":[],"bundle_sell_ids":[],"yoast_head":"<!-- This site is optimized with the Yoast SEO plugin v26.8 - https:\/\/yoast.com\/product\/yoast-seo-wordpress\/ -->\n<title>Cobertor solar-t\u00e9rmico 400 micras burbuja cl\u00e1sica Azul - Piscinas Miguel Cabello Elena<\/title>\n<meta name=\"robots\" content=\"index, follow, max-snippet:-1, max-image-preview:large, max-video-preview:-1\" \/>\n<link rel=\"canonical\" href=\"https:\/\/miguelcabello.com\/en\/producto\/cobertor-solar-termico-400-micras-burbuja-clasica-azul\/\" \/>\n<meta property=\"og:locale\" content=\"en_US\" \/>\n<meta property=\"og:type\" content=\"article\" \/>\n<meta property=\"og:title\" content=\"Cobertor solar-t\u00e9rmico 400 micras burbuja cl\u00e1sica Azul - Piscinas Miguel Cabello Elena\" \/>\n<meta property=\"og:description\" content=\"confecci\u00f3n a medida\" \/>\n<meta property=\"og:url\" content=\"https:\/\/miguelcabello.com\/en\/producto\/cobertor-solar-termico-400-micras-burbuja-clasica-azul\/\" \/>\n<meta property=\"og:site_name\" content=\"Piscinas Miguel Cabello Elena\" \/>\n<meta property=\"article:modified_time\" content=\"2021-04-30T10:54:22+00:00\" \/>\n<meta property=\"og:image\" content=\"https:\/\/miguelcabello.com\/wp-content\/uploads\/2021\/04\/BURBUJA-AZUL.jpg\" \/>\n\t<meta property=\"og:image:width\" content=\"128\" \/>\n\t<meta property=\"og:image:height\" content=\"131\" \/>\n\t<meta property=\"og:image:type\" content=\"image\/jpeg\" \/>\n<meta name=\"twitter:card\" content=\"summary_large_image\" \/>\n<meta name=\"twitter:label1\" content=\"Est. reading time\" \/>\n\t<meta name=\"twitter:data1\" content=\"1 minute\" \/>\n<script type=\"application\/ld+json\" class=\"yoast-schema-graph\">{\"@context\":\"https:\/\/schema.org\",\"@graph\":[{\"@type\":\"WebPage\",\"@id\":\"https:\/\/miguelcabello.com\/en\/producto\/cobertor-solar-termico-400-micras-burbuja-clasica-azul\/\",\"url\":\"https:\/\/miguelcabello.com\/en\/producto\/cobertor-solar-termico-400-micras-burbuja-clasica-azul\/\",\"name\":\"Cobertor solar-t\u00e9rmico 400 micras burbuja cl\u00e1sica Azul - Piscinas Miguel Cabello Elena\",\"isPartOf\":{\"@id\":\"https:\/\/miguelcabello.com\/#website\"},\"primaryImageOfPage\":{\"@id\":\"https:\/\/miguelcabello.com\/en\/producto\/cobertor-solar-termico-400-micras-burbuja-clasica-azul\/#primaryimage\"},\"image\":{\"@id\":\"https:\/\/miguelcabello.com\/en\/producto\/cobertor-solar-termico-400-micras-burbuja-clasica-azul\/#primaryimage\"},\"thumbnailUrl\":\"https:\/\/miguelcabello.com\/wp-content\/uploads\/2021\/04\/BURBUJA-AZUL.jpg\",\"datePublished\":\"2021-04-30T10:54:21+00:00\",\"dateModified\":\"2021-04-30T10:54:22+00:00\",\"breadcrumb\":{\"@id\":\"https:\/\/miguelcabello.com\/en\/producto\/cobertor-solar-termico-400-micras-burbuja-clasica-azul\/#breadcrumb\"},\"inLanguage\":\"en-US\",\"potentialAction\":[{\"@type\":\"ReadAction\",\"target\":[\"https:\/\/miguelcabello.com\/en\/producto\/cobertor-solar-termico-400-micras-burbuja-clasica-azul\/\"]}]},{\"@type\":\"ImageObject\",\"inLanguage\":\"en-US\",\"@id\":\"https:\/\/miguelcabello.com\/en\/producto\/cobertor-solar-termico-400-micras-burbuja-clasica-azul\/#primaryimage\",\"url\":\"https:\/\/miguelcabello.com\/wp-content\/uploads\/2021\/04\/BURBUJA-AZUL.jpg\",\"contentUrl\":\"https:\/\/miguelcabello.com\/wp-content\/uploads\/2021\/04\/BURBUJA-AZUL.jpg\",\"width\":128,\"height\":131,\"caption\":\"BURBUJA AZUL cobertor solar termico miguel cabello piscina\"},{\"@type\":\"BreadcrumbList\",\"@id\":\"https:\/\/miguelcabello.com\/en\/producto\/cobertor-solar-termico-400-micras-burbuja-clasica-azul\/#breadcrumb\",\"itemListElement\":[{\"@type\":\"ListItem\",\"position\":1,\"name\":\"Portada\",\"item\":\"https:\/\/miguelcabello.com\/en\/\"},{\"@type\":\"ListItem\",\"position\":2,\"name\":\"Shop\",\"item\":\"https:\/\/miguelcabello.com\/en\/shop-swimming-pool-products-online\/\"},{\"@type\":\"ListItem\",\"position\":3,\"name\":\"Cobertor solar-t\u00e9rmico 400 micras burbuja cl\u00e1sica Azul\"}]},{\"@type\":\"WebSite\",\"@id\":\"https:\/\/miguelcabello.com\/#website\",\"url\":\"https:\/\/miguelcabello.com\/\",\"name\":\"Piscinas Miguel Cabello Elena\",\"description\":\"Profesionales en piscinas y recambios\",\"publisher\":{\"@id\":\"https:\/\/miguelcabello.com\/#organization\"},\"potentialAction\":[{\"@type\":\"SearchAction\",\"target\":{\"@type\":\"EntryPoint\",\"urlTemplate\":\"https:\/\/miguelcabello.com\/?s={search_term_string}\"},\"query-input\":{\"@type\":\"PropertyValueSpecification\",\"valueRequired\":true,\"valueName\":\"search_term_string\"}}],\"inLanguage\":\"en-US\"},{\"@type\":\"Organization\",\"@id\":\"https:\/\/miguelcabello.com\/#organization\",\"name\":\"Piscinas Miguel Cabello\",\"url\":\"https:\/\/miguelcabello.com\/\",\"logo\":{\"@type\":\"ImageObject\",\"inLanguage\":\"en-US\",\"@id\":\"https:\/\/miguelcabello.com\/#\/schema\/logo\/image\/\",\"url\":\"https:\/\/miguelcabello.com\/wp-content\/uploads\/2020\/01\/Logo-Miguel-Cabello-Piscinas.png\",\"contentUrl\":\"https:\/\/miguelcabello.com\/wp-content\/uploads\/2020\/01\/Logo-Miguel-Cabello-Piscinas.png\",\"width\":428,\"height\":41,\"caption\":\"Piscinas Miguel Cabello\"},\"image\":{\"@id\":\"https:\/\/miguelcabello.com\/#\/schema\/logo\/image\/\"}}]}<\/script>\n<!-- \/ Yoast SEO plugin. -->","yoast_head_json":{"title":"Cobertor solar-t\u00e9rmico 400 micras burbuja cl\u00e1sica Azul - Piscinas Miguel Cabello Elena","robots":{"index":"index","follow":"follow","max-snippet":"max-snippet:-1","max-image-preview":"max-image-preview:large","max-video-preview":"max-video-preview:-1"},"canonical":"https:\/\/miguelcabello.com\/en\/producto\/cobertor-solar-termico-400-micras-burbuja-clasica-azul\/","og_locale":"en_US","og_type":"article","og_title":"Cobertor solar-t\u00e9rmico 400 micras burbuja cl\u00e1sica Azul - Piscinas Miguel Cabello Elena","og_description":"confecci\u00f3n a medida","og_url":"https:\/\/miguelcabello.com\/en\/producto\/cobertor-solar-termico-400-micras-burbuja-clasica-azul\/","og_site_name":"Piscinas Miguel Cabello Elena","article_modified_time":"2021-04-30T10:54:22+00:00","og_image":[{"width":128,"height":131,"url":"https:\/\/miguelcabello.com\/wp-content\/uploads\/2021\/04\/BURBUJA-AZUL.jpg","type":"image\/jpeg"}],"twitter_card":"summary_large_image","twitter_misc":{"Est. reading time":"1 minute"},"schema":{"@context":"https:\/\/schema.org","@graph":[{"@type":"WebPage","@id":"https:\/\/miguelcabello.com\/en\/producto\/cobertor-solar-termico-400-micras-burbuja-clasica-azul\/","url":"https:\/\/miguelcabello.com\/en\/producto\/cobertor-solar-termico-400-micras-burbuja-clasica-azul\/","name":"Cobertor solar-t\u00e9rmico 400 micras burbuja cl\u00e1sica Azul - Piscinas Miguel Cabello Elena","isPartOf":{"@id":"https:\/\/miguelcabello.com\/#website"},"primaryImageOfPage":{"@id":"https:\/\/miguelcabello.com\/en\/producto\/cobertor-solar-termico-400-micras-burbuja-clasica-azul\/#primaryimage"},"image":{"@id":"https:\/\/miguelcabello.com\/en\/producto\/cobertor-solar-termico-400-micras-burbuja-clasica-azul\/#primaryimage"},"thumbnailUrl":"https:\/\/miguelcabello.com\/wp-content\/uploads\/2021\/04\/BURBUJA-AZUL.jpg","datePublished":"2021-04-30T10:54:21+00:00","dateModified":"2021-04-30T10:54:22+00:00","breadcrumb":{"@id":"https:\/\/miguelcabello.com\/en\/producto\/cobertor-solar-termico-400-micras-burbuja-clasica-azul\/#breadcrumb"},"inLanguage":"en-US","potentialAction":[{"@type":"ReadAction","target":["https:\/\/miguelcabello.com\/en\/producto\/cobertor-solar-termico-400-micras-burbuja-clasica-azul\/"]}]},{"@type":"ImageObject","inLanguage":"en-US","@id":"https:\/\/miguelcabello.com\/en\/producto\/cobertor-solar-termico-400-micras-burbuja-clasica-azul\/#primaryimage","url":"https:\/\/miguelcabello.com\/wp-content\/uploads\/2021\/04\/BURBUJA-AZUL.jpg","contentUrl":"https:\/\/miguelcabello.com\/wp-content\/uploads\/2021\/04\/BURBUJA-AZUL.jpg","width":128,"height":131,"caption":"BURBUJA AZUL cobertor solar termico miguel cabello piscina"},{"@type":"BreadcrumbList","@id":"https:\/\/miguelcabello.com\/en\/producto\/cobertor-solar-termico-400-micras-burbuja-clasica-azul\/#breadcrumb","itemListElement":[{"@type":"ListItem","position":1,"name":"Portada","item":"https:\/\/miguelcabello.com\/en\/"},{"@type":"ListItem","position":2,"name":"Shop","item":"https:\/\/miguelcabello.com\/en\/shop-swimming-pool-products-online\/"},{"@type":"ListItem","position":3,"name":"Cobertor solar-t\u00e9rmico 400 micras burbuja cl\u00e1sica Azul"}]},{"@type":"WebSite","@id":"https:\/\/miguelcabello.com\/#website","url":"https:\/\/miguelcabello.com\/","name":"Piscinas Miguel Cabello Elena","description":"Profesionales en piscinas y recambios","publisher":{"@id":"https:\/\/miguelcabello.com\/#organization"},"potentialAction":[{"@type":"SearchAction","target":{"@type":"EntryPoint","urlTemplate":"https:\/\/miguelcabello.com\/?s={search_term_string}"},"query-input":{"@type":"PropertyValueSpecification","valueRequired":true,"valueName":"search_term_string"}}],"inLanguage":"en-US"},{"@type":"Organization","@id":"https:\/\/miguelcabello.com\/#organization","name":"Piscinas Miguel Cabello","url":"https:\/\/miguelcabello.com\/","logo":{"@type":"ImageObject","inLanguage":"en-US","@id":"https:\/\/miguelcabello.com\/#\/schema\/logo\/image\/","url":"https:\/\/miguelcabello.com\/wp-content\/uploads\/2020\/01\/Logo-Miguel-Cabello-Piscinas.png","contentUrl":"https:\/\/miguelcabello.com\/wp-content\/uploads\/2020\/01\/Logo-Miguel-Cabello-Piscinas.png","width":428,"height":41,"caption":"Piscinas Miguel Cabello"},"image":{"@id":"https:\/\/miguelcabello.com\/#\/schema\/logo\/image\/"}}]}},"_links":{"self":[{"href":"https:\/\/miguelcabello.com\/en\/wp-json\/wp\/v2\/product\/12271","targetHints":{"allow":["GET"]}}],"collection":[{"href":"https:\/\/miguelcabello.com\/en\/wp-json\/wp\/v2\/product"}],"about":[{"href":"https:\/\/miguelcabello.com\/en\/wp-json\/wp\/v2\/types\/product"}],"wp:featuredmedia":[{"embeddable":true,"href":"https:\/\/miguelcabello.com\/en\/wp-json\/wp\/v2\/media\/12272"}],"wp:attachment":[{"href":"https:\/\/miguelcabello.com\/en\/wp-json\/wp\/v2\/media?parent=12271"}],"wp:term":[{"taxonomy":"product_brand","embeddable":true,"href":"https:\/\/miguelcabello.com\/en\/wp-json\/wp\/v2\/product_brand?post=12271"},{"taxonomy":"product_cat","embeddable":true,"href":"https:\/\/miguelcabello.com\/en\/wp-json\/wp\/v2\/product_cat?post=12271"},{"taxonomy":"product_tag","embeddable":true,"href":"https:\/\/miguelcabello.com\/en\/wp-json\/wp\/v2\/product_tag?post=12271"}],"curies":[{"name":"wp","href":"https:\/\/api.w.org\/{rel}","templated":true}]}}