{"id":12253,"date":"2021-07-31T11:52:45","date_gmt":"2021-07-31T09:52:45","guid":{"rendered":"https:\/\/miguelcabello.com\/?post_type=product&#038;p=12253"},"modified":"2023-09-22T10:20:28","modified_gmt":"2023-09-22T08:20:28","slug":"clorador-hydrosud-22","status":"publish","type":"product","link":"https:\/\/miguelcabello.com\/en\/producto\/clorador-hydrosud-22\/","title":{"rendered":"Electr\u00f3lisis salina 22g\/h  Grupo HydroSud (by Hayward)"},"content":{"rendered":"<p>Electr\u00f3lisis salina Grupo HydroSud (by Hayward)<\/p>\n<ul>\n<li>Disponible en varias potencias: 22 gr\/h.<\/li>\n<li>Kit Redox (ORP) opcional, para regular la producci\u00f3n de cloro.<\/li>\n<li>Kit pH opcional con la bomba dosificadora para la regulaci\u00f3n del pH.<\/li>\n<li>Sonda de temperatura incluida.<\/li>\n<li>Detector de caudal opcional.<\/li>\n<li>Carcasa de la c\u00e9lula trasparente. Permite un control visual de la producci\u00f3n.<\/li>\n<li>C\u00e9lula auto-limpiable\u00a0 y con sensor de gas (protecci\u00f3n).<\/li>\n<li>Detecci\u00f3n de cubierta cerrada, para reducir la producci\u00f3n de cloro.<\/li>\n<li>Lectura de contenido de sal.<\/li>\n<li>Utilizaci\u00f3n f\u00e1cil e intuitiva.<\/li>\n<\/ul>\n<p><script><\/script><\/p>\n<p><a href=\"https:\/\/miguelcabello.com\/wp-content\/uploads\/2021\/03\/aquarite-LT-HAYWARD-3-1.pdf\">aquarite-LT-HAYWARD-3<\/a><\/p>\n","protected":false},"excerpt":{"rendered":"<p>Electr\u00f3lisis salina Grupo HydroSud (by Hayward) Disponible en varias potencias: 22 gr\/h. Kit Redox (ORP) opcional, para regular la producci\u00f3n de cloro. Kit pH opcional con la bomba dosificadora para la regulaci\u00f3n del pH. Sonda de temperatura incluida. Detector de caudal opcional. Carcasa de la c\u00e9lula trasparente. Permite un control visual de la producci\u00f3n. C\u00e9lula [&hellip;]<\/p>\n","protected":false},"featured_media":13007,"template":"","meta":[],"product_brand":[],"product_cat":[118,115],"product_tag":[489,486],"class_list":{"0":"post-12253","1":"product","2":"type-product","3":"status-publish","4":"has-post-thumbnail","6":"product_cat-cloradores-salinos","7":"product_cat-dosificacion-y-control","8":"product_tag-hayward","9":"product_tag-hydrosud","10":"product_shipping_class-paquete-hasta-5kg","12":"first","13":"instock","14":"taxable","15":"shipping-taxable","16":"purchasable","17":"product-type-simple"},"bundled_by":[],"bundle_stock_status":"instock","bundle_stock_quantity":null,"bundle_virtual":false,"bundle_layout":"","bundle_add_to_cart_form_location":"","bundle_editable_in_cart":false,"bundle_sold_individually_context":"","bundle_item_grouping":"","bundle_min_size":"","bundle_max_size":"","bundle_price":[],"bundled_items":[],"bundle_sell_ids":[],"yoast_head":"<!-- This site is optimized with the Yoast SEO plugin v26.8 - https:\/\/yoast.com\/product\/yoast-seo-wordpress\/ -->\n<title>Electr\u00f3lisis salina 22g\/h Grupo HydroSud (by Hayward) - Piscinas Miguel Cabello Elena<\/title>\n<meta name=\"robots\" content=\"index, follow, max-snippet:-1, max-image-preview:large, max-video-preview:-1\" \/>\n<link rel=\"canonical\" href=\"https:\/\/miguelcabello.com\/producto\/clorador-hydrosud-22\/\" \/>\n<meta property=\"og:locale\" content=\"en_US\" \/>\n<meta property=\"og:type\" content=\"article\" \/>\n<meta property=\"og:title\" content=\"Electr\u00f3lisis salina 22g\/h Grupo HydroSud (by Hayward) - Piscinas Miguel Cabello Elena\" \/>\n<meta property=\"og:description\" content=\"Electr\u00f3lisis salina Grupo HydroSud (by Hayward) Disponible en varias potencias: 22 gr\/h. Kit Redox (ORP) opcional, para regular la producci\u00f3n de cloro. Kit pH opcional con la bomba dosificadora para la regulaci\u00f3n del pH. Sonda de temperatura incluida. Detector de caudal opcional. Carcasa de la c\u00e9lula trasparente. Permite un control visual de la producci\u00f3n. C\u00e9lula [&hellip;]\" \/>\n<meta property=\"og:url\" content=\"https:\/\/miguelcabello.com\/producto\/clorador-hydrosud-22\/\" \/>\n<meta property=\"og:site_name\" content=\"Piscinas Miguel Cabello Elena\" \/>\n<meta property=\"article:modified_time\" content=\"2023-09-22T08:20:28+00:00\" \/>\n<meta property=\"og:image\" content=\"https:\/\/miguelcabello.com\/wp-content\/uploads\/2021\/03\/Clorador-HYDROSUD-16GR-SAL-MIGUELCABELLO-PISCINAS-RONDA-22GR.jpg\" \/>\n\t<meta property=\"og:image:width\" content=\"800\" \/>\n\t<meta property=\"og:image:height\" content=\"600\" \/>\n\t<meta property=\"og:image:type\" content=\"image\/jpeg\" \/>\n<meta name=\"twitter:card\" content=\"summary_large_image\" \/>\n<script type=\"application\/ld+json\" class=\"yoast-schema-graph\">{\"@context\":\"https:\/\/schema.org\",\"@graph\":[{\"@type\":\"WebPage\",\"@id\":\"https:\/\/miguelcabello.com\/producto\/clorador-hydrosud-22\/\",\"url\":\"https:\/\/miguelcabello.com\/producto\/clorador-hydrosud-22\/\",\"name\":\"Electr\u00f3lisis salina 22g\/h Grupo HydroSud (by Hayward) - Piscinas Miguel Cabello Elena\",\"isPartOf\":{\"@id\":\"https:\/\/miguelcabello.com\/#website\"},\"primaryImageOfPage\":{\"@id\":\"https:\/\/miguelcabello.com\/producto\/clorador-hydrosud-22\/#primaryimage\"},\"image\":{\"@id\":\"https:\/\/miguelcabello.com\/producto\/clorador-hydrosud-22\/#primaryimage\"},\"thumbnailUrl\":\"https:\/\/miguelcabello.com\/wp-content\/uploads\/2021\/03\/CLORADOR-SALINO-HYDROSUD-HAYWARD-PISCINAS-MIGUEL-CABELLO.png\",\"datePublished\":\"2021-07-31T09:52:45+00:00\",\"dateModified\":\"2023-09-22T08:20:28+00:00\",\"breadcrumb\":{\"@id\":\"https:\/\/miguelcabello.com\/producto\/clorador-hydrosud-22\/#breadcrumb\"},\"inLanguage\":\"en-US\",\"potentialAction\":[{\"@type\":\"ReadAction\",\"target\":[\"https:\/\/miguelcabello.com\/producto\/clorador-hydrosud-22\/\"]}]},{\"@type\":\"ImageObject\",\"inLanguage\":\"en-US\",\"@id\":\"https:\/\/miguelcabello.com\/producto\/clorador-hydrosud-22\/#primaryimage\",\"url\":\"https:\/\/miguelcabello.com\/wp-content\/uploads\/2021\/03\/CLORADOR-SALINO-HYDROSUD-HAYWARD-PISCINAS-MIGUEL-CABELLO.png\",\"contentUrl\":\"https:\/\/miguelcabello.com\/wp-content\/uploads\/2021\/03\/CLORADOR-SALINO-HYDROSUD-HAYWARD-PISCINAS-MIGUEL-CABELLO.png\",\"width\":800,\"height\":600,\"caption\":\"CLORADOR-SALINO-HYDROSUD-HAYWARD-PISCINAS-MIGUEL-CABELLO\"},{\"@type\":\"BreadcrumbList\",\"@id\":\"https:\/\/miguelcabello.com\/producto\/clorador-hydrosud-22\/#breadcrumb\",\"itemListElement\":[{\"@type\":\"ListItem\",\"position\":1,\"name\":\"Portada\",\"item\":\"https:\/\/miguelcabello.com\/en\/\"},{\"@type\":\"ListItem\",\"position\":2,\"name\":\"Shop\",\"item\":\"https:\/\/miguelcabello.com\/en\/shop-swimming-pool-products-online\/\"},{\"@type\":\"ListItem\",\"position\":3,\"name\":\"Clorador HydroSud 22\"}]},{\"@type\":\"WebSite\",\"@id\":\"https:\/\/miguelcabello.com\/#website\",\"url\":\"https:\/\/miguelcabello.com\/\",\"name\":\"Piscinas Miguel Cabello Elena\",\"description\":\"Profesionales en piscinas y recambios\",\"publisher\":{\"@id\":\"https:\/\/miguelcabello.com\/#organization\"},\"potentialAction\":[{\"@type\":\"SearchAction\",\"target\":{\"@type\":\"EntryPoint\",\"urlTemplate\":\"https:\/\/miguelcabello.com\/?s={search_term_string}\"},\"query-input\":{\"@type\":\"PropertyValueSpecification\",\"valueRequired\":true,\"valueName\":\"search_term_string\"}}],\"inLanguage\":\"en-US\"},{\"@type\":\"Organization\",\"@id\":\"https:\/\/miguelcabello.com\/#organization\",\"name\":\"Piscinas Miguel Cabello\",\"url\":\"https:\/\/miguelcabello.com\/\",\"logo\":{\"@type\":\"ImageObject\",\"inLanguage\":\"en-US\",\"@id\":\"https:\/\/miguelcabello.com\/#\/schema\/logo\/image\/\",\"url\":\"https:\/\/miguelcabello.com\/wp-content\/uploads\/2020\/01\/Logo-Miguel-Cabello-Piscinas.png\",\"contentUrl\":\"https:\/\/miguelcabello.com\/wp-content\/uploads\/2020\/01\/Logo-Miguel-Cabello-Piscinas.png\",\"width\":428,\"height\":41,\"caption\":\"Piscinas Miguel Cabello\"},\"image\":{\"@id\":\"https:\/\/miguelcabello.com\/#\/schema\/logo\/image\/\"}}]}<\/script>\n<!-- \/ Yoast SEO plugin. -->","yoast_head_json":{"title":"Electr\u00f3lisis salina 22g\/h Grupo HydroSud (by Hayward) - Piscinas Miguel Cabello Elena","robots":{"index":"index","follow":"follow","max-snippet":"max-snippet:-1","max-image-preview":"max-image-preview:large","max-video-preview":"max-video-preview:-1"},"canonical":"https:\/\/miguelcabello.com\/producto\/clorador-hydrosud-22\/","og_locale":"en_US","og_type":"article","og_title":"Electr\u00f3lisis salina 22g\/h Grupo HydroSud (by Hayward) - Piscinas Miguel Cabello Elena","og_description":"Electr\u00f3lisis salina Grupo HydroSud (by Hayward) Disponible en varias potencias: 22 gr\/h. Kit Redox (ORP) opcional, para regular la producci\u00f3n de cloro. Kit pH opcional con la bomba dosificadora para la regulaci\u00f3n del pH. Sonda de temperatura incluida. Detector de caudal opcional. Carcasa de la c\u00e9lula trasparente. Permite un control visual de la producci\u00f3n. C\u00e9lula [&hellip;]","og_url":"https:\/\/miguelcabello.com\/producto\/clorador-hydrosud-22\/","og_site_name":"Piscinas Miguel Cabello Elena","article_modified_time":"2023-09-22T08:20:28+00:00","og_image":[{"width":800,"height":600,"url":"https:\/\/miguelcabello.com\/wp-content\/uploads\/2021\/03\/Clorador-HYDROSUD-16GR-SAL-MIGUELCABELLO-PISCINAS-RONDA-22GR.jpg","type":"image\/jpeg"}],"twitter_card":"summary_large_image","schema":{"@context":"https:\/\/schema.org","@graph":[{"@type":"WebPage","@id":"https:\/\/miguelcabello.com\/producto\/clorador-hydrosud-22\/","url":"https:\/\/miguelcabello.com\/producto\/clorador-hydrosud-22\/","name":"Electr\u00f3lisis salina 22g\/h Grupo HydroSud (by Hayward) - Piscinas Miguel Cabello Elena","isPartOf":{"@id":"https:\/\/miguelcabello.com\/#website"},"primaryImageOfPage":{"@id":"https:\/\/miguelcabello.com\/producto\/clorador-hydrosud-22\/#primaryimage"},"image":{"@id":"https:\/\/miguelcabello.com\/producto\/clorador-hydrosud-22\/#primaryimage"},"thumbnailUrl":"https:\/\/miguelcabello.com\/wp-content\/uploads\/2021\/03\/CLORADOR-SALINO-HYDROSUD-HAYWARD-PISCINAS-MIGUEL-CABELLO.png","datePublished":"2021-07-31T09:52:45+00:00","dateModified":"2023-09-22T08:20:28+00:00","breadcrumb":{"@id":"https:\/\/miguelcabello.com\/producto\/clorador-hydrosud-22\/#breadcrumb"},"inLanguage":"en-US","potentialAction":[{"@type":"ReadAction","target":["https:\/\/miguelcabello.com\/producto\/clorador-hydrosud-22\/"]}]},{"@type":"ImageObject","inLanguage":"en-US","@id":"https:\/\/miguelcabello.com\/producto\/clorador-hydrosud-22\/#primaryimage","url":"https:\/\/miguelcabello.com\/wp-content\/uploads\/2021\/03\/CLORADOR-SALINO-HYDROSUD-HAYWARD-PISCINAS-MIGUEL-CABELLO.png","contentUrl":"https:\/\/miguelcabello.com\/wp-content\/uploads\/2021\/03\/CLORADOR-SALINO-HYDROSUD-HAYWARD-PISCINAS-MIGUEL-CABELLO.png","width":800,"height":600,"caption":"CLORADOR-SALINO-HYDROSUD-HAYWARD-PISCINAS-MIGUEL-CABELLO"},{"@type":"BreadcrumbList","@id":"https:\/\/miguelcabello.com\/producto\/clorador-hydrosud-22\/#breadcrumb","itemListElement":[{"@type":"ListItem","position":1,"name":"Portada","item":"https:\/\/miguelcabello.com\/en\/"},{"@type":"ListItem","position":2,"name":"Shop","item":"https:\/\/miguelcabello.com\/en\/shop-swimming-pool-products-online\/"},{"@type":"ListItem","position":3,"name":"Clorador HydroSud 22"}]},{"@type":"WebSite","@id":"https:\/\/miguelcabello.com\/#website","url":"https:\/\/miguelcabello.com\/","name":"Piscinas Miguel Cabello Elena","description":"Profesionales en piscinas y recambios","publisher":{"@id":"https:\/\/miguelcabello.com\/#organization"},"potentialAction":[{"@type":"SearchAction","target":{"@type":"EntryPoint","urlTemplate":"https:\/\/miguelcabello.com\/?s={search_term_string}"},"query-input":{"@type":"PropertyValueSpecification","valueRequired":true,"valueName":"search_term_string"}}],"inLanguage":"en-US"},{"@type":"Organization","@id":"https:\/\/miguelcabello.com\/#organization","name":"Piscinas Miguel Cabello","url":"https:\/\/miguelcabello.com\/","logo":{"@type":"ImageObject","inLanguage":"en-US","@id":"https:\/\/miguelcabello.com\/#\/schema\/logo\/image\/","url":"https:\/\/miguelcabello.com\/wp-content\/uploads\/2020\/01\/Logo-Miguel-Cabello-Piscinas.png","contentUrl":"https:\/\/miguelcabello.com\/wp-content\/uploads\/2020\/01\/Logo-Miguel-Cabello-Piscinas.png","width":428,"height":41,"caption":"Piscinas Miguel Cabello"},"image":{"@id":"https:\/\/miguelcabello.com\/#\/schema\/logo\/image\/"}}]}},"_links":{"self":[{"href":"https:\/\/miguelcabello.com\/en\/wp-json\/wp\/v2\/product\/12253","targetHints":{"allow":["GET"]}}],"collection":[{"href":"https:\/\/miguelcabello.com\/en\/wp-json\/wp\/v2\/product"}],"about":[{"href":"https:\/\/miguelcabello.com\/en\/wp-json\/wp\/v2\/types\/product"}],"wp:featuredmedia":[{"embeddable":true,"href":"https:\/\/miguelcabello.com\/en\/wp-json\/wp\/v2\/media\/13007"}],"wp:attachment":[{"href":"https:\/\/miguelcabello.com\/en\/wp-json\/wp\/v2\/media?parent=12253"}],"wp:term":[{"taxonomy":"product_brand","embeddable":true,"href":"https:\/\/miguelcabello.com\/en\/wp-json\/wp\/v2\/product_brand?post=12253"},{"taxonomy":"product_cat","embeddable":true,"href":"https:\/\/miguelcabello.com\/en\/wp-json\/wp\/v2\/product_cat?post=12253"},{"taxonomy":"product_tag","embeddable":true,"href":"https:\/\/miguelcabello.com\/en\/wp-json\/wp\/v2\/product_tag?post=12253"}],"curies":[{"name":"wp","href":"https:\/\/api.w.org\/{rel}","templated":true}]}}