{"id":12233,"date":"2021-03-25T16:19:58","date_gmt":"2021-03-25T15:19:58","guid":{"rendered":"https:\/\/miguelcabello.com\/?post_type=product&#038;p=12233"},"modified":"2023-03-17T13:04:03","modified_gmt":"2023-03-17T12:04:03","slug":"ph-8kg","status":"publish","type":"product","link":"https:\/\/miguelcabello.com\/en\/producto\/ph-8kg\/","title":{"rendered":"pH- 8Kg HydroSud"},"content":{"rendered":"<p>Reductor de PH (PH-) granulado y de disoluci\u00f3n r\u00e1pida, que cuenta con un componente \u00e1cido que ayuda a reducir el PH.<\/p>\n<p>Reductor de pH para cuando el pH del agua excede de 7,6.<\/p>\n<p>Gr\u00e1nulo blanco-amarillento.<\/p>\n<p>Dosis:<\/p>\n<p>Por cada d\u00e9cima de pH a bajar, a\u00f1adir 10 g de pH- por cada m3 de agua. El producto se disolver\u00e1 previamente en agua y se adicionar\u00e1 sobre las boquillas de impulsi\u00f3n, estando el equipo depurador en marcha.<\/p>\n<p>Formato: 8 Kg<br \/>\n<script><\/script><\/p>\n","protected":false},"excerpt":{"rendered":"<p>Granulado.<\/p>\n","protected":false},"featured_media":12234,"template":"","meta":[],"product_brand":[],"product_cat":[485,39,82],"product_tag":[486,207],"class_list":{"0":"post-12233","1":"product","2":"type-product","3":"status-publish","4":"has-post-thumbnail","6":"product_cat-hydrosud-productos-quimicos","7":"product_cat-productos-quimicos","8":"product_cat-reguladores-de-ph","9":"product_tag-hydrosud","10":"product_tag-pqs","11":"product_shipping_class-paquete-hasta-5kg","13":"first","14":"instock","15":"taxable","16":"shipping-taxable","17":"purchasable","18":"product-type-simple"},"bundled_by":[],"bundle_stock_status":"instock","bundle_stock_quantity":null,"bundle_virtual":false,"bundle_layout":"","bundle_add_to_cart_form_location":"","bundle_editable_in_cart":false,"bundle_sold_individually_context":"","bundle_item_grouping":"","bundle_min_size":"","bundle_max_size":"","bundle_price":[],"bundled_items":[],"bundle_sell_ids":[],"yoast_head":"<!-- This site is optimized with the Yoast SEO plugin v26.8 - https:\/\/yoast.com\/product\/yoast-seo-wordpress\/ -->\n<title>pH- 8Kg HydroSud - Piscinas Miguel Cabello Elena<\/title>\n<meta name=\"robots\" content=\"index, follow, max-snippet:-1, max-image-preview:large, max-video-preview:-1\" \/>\n<link rel=\"canonical\" href=\"https:\/\/miguelcabello.com\/producto\/ph-8kg\/\" \/>\n<meta property=\"og:locale\" content=\"en_US\" \/>\n<meta property=\"og:type\" content=\"article\" \/>\n<meta property=\"og:title\" content=\"pH- 8Kg HydroSud - Piscinas Miguel Cabello Elena\" \/>\n<meta property=\"og:description\" content=\"Granulado.\" \/>\n<meta property=\"og:url\" content=\"https:\/\/miguelcabello.com\/producto\/ph-8kg\/\" \/>\n<meta property=\"og:site_name\" content=\"Piscinas Miguel Cabello Elena\" \/>\n<meta property=\"article:modified_time\" content=\"2023-03-17T12:04:03+00:00\" \/>\n<meta property=\"og:image\" content=\"https:\/\/miguelcabello.com\/wp-content\/uploads\/2021\/03\/REDUCTOR-PH-GRUPOHYDROSUD-MIGUELCABELLO-PISCINA-RONDA.jpg\" \/>\n\t<meta property=\"og:image:width\" content=\"750\" \/>\n\t<meta property=\"og:image:height\" content=\"550\" \/>\n\t<meta property=\"og:image:type\" content=\"image\/jpeg\" \/>\n<meta name=\"twitter:card\" content=\"summary_large_image\" \/>\n<meta name=\"twitter:label1\" content=\"Est. reading time\" \/>\n\t<meta name=\"twitter:data1\" content=\"1 minute\" \/>\n<script type=\"application\/ld+json\" class=\"yoast-schema-graph\">{\"@context\":\"https:\/\/schema.org\",\"@graph\":[{\"@type\":\"WebPage\",\"@id\":\"https:\/\/miguelcabello.com\/producto\/ph-8kg\/\",\"url\":\"https:\/\/miguelcabello.com\/producto\/ph-8kg\/\",\"name\":\"pH- 8Kg HydroSud - Piscinas Miguel Cabello Elena\",\"isPartOf\":{\"@id\":\"https:\/\/miguelcabello.com\/#website\"},\"primaryImageOfPage\":{\"@id\":\"https:\/\/miguelcabello.com\/producto\/ph-8kg\/#primaryimage\"},\"image\":{\"@id\":\"https:\/\/miguelcabello.com\/producto\/ph-8kg\/#primaryimage\"},\"thumbnailUrl\":\"https:\/\/miguelcabello.com\/wp-content\/uploads\/2021\/03\/REDUCTOR-PH-GRUPOHYDROSUD-MIGUELCABELLO-PISCINA-RONDA.jpg\",\"datePublished\":\"2021-03-25T15:19:58+00:00\",\"dateModified\":\"2023-03-17T12:04:03+00:00\",\"breadcrumb\":{\"@id\":\"https:\/\/miguelcabello.com\/producto\/ph-8kg\/#breadcrumb\"},\"inLanguage\":\"en-US\",\"potentialAction\":[{\"@type\":\"ReadAction\",\"target\":[\"https:\/\/miguelcabello.com\/producto\/ph-8kg\/\"]}]},{\"@type\":\"ImageObject\",\"inLanguage\":\"en-US\",\"@id\":\"https:\/\/miguelcabello.com\/producto\/ph-8kg\/#primaryimage\",\"url\":\"https:\/\/miguelcabello.com\/wp-content\/uploads\/2021\/03\/REDUCTOR-PH-GRUPOHYDROSUD-MIGUELCABELLO-PISCINA-RONDA.jpg\",\"contentUrl\":\"https:\/\/miguelcabello.com\/wp-content\/uploads\/2021\/03\/REDUCTOR-PH-GRUPOHYDROSUD-MIGUELCABELLO-PISCINA-RONDA.jpg\",\"width\":750,\"height\":550,\"caption\":\"REDUCTOR-PH-GRUPOHYDROSUD-MIGUELCABELLO-PISCINA-RONDA\"},{\"@type\":\"BreadcrumbList\",\"@id\":\"https:\/\/miguelcabello.com\/producto\/ph-8kg\/#breadcrumb\",\"itemListElement\":[{\"@type\":\"ListItem\",\"position\":1,\"name\":\"Portada\",\"item\":\"https:\/\/miguelcabello.com\/en\/\"},{\"@type\":\"ListItem\",\"position\":2,\"name\":\"Shop\",\"item\":\"https:\/\/miguelcabello.com\/en\/shop-swimming-pool-products-online\/\"},{\"@type\":\"ListItem\",\"position\":3,\"name\":\"pH- 8Kg HydroSud\"}]},{\"@type\":\"WebSite\",\"@id\":\"https:\/\/miguelcabello.com\/#website\",\"url\":\"https:\/\/miguelcabello.com\/\",\"name\":\"Piscinas Miguel Cabello Elena\",\"description\":\"Profesionales en piscinas y recambios\",\"publisher\":{\"@id\":\"https:\/\/miguelcabello.com\/#organization\"},\"potentialAction\":[{\"@type\":\"SearchAction\",\"target\":{\"@type\":\"EntryPoint\",\"urlTemplate\":\"https:\/\/miguelcabello.com\/?s={search_term_string}\"},\"query-input\":{\"@type\":\"PropertyValueSpecification\",\"valueRequired\":true,\"valueName\":\"search_term_string\"}}],\"inLanguage\":\"en-US\"},{\"@type\":\"Organization\",\"@id\":\"https:\/\/miguelcabello.com\/#organization\",\"name\":\"Piscinas Miguel Cabello\",\"url\":\"https:\/\/miguelcabello.com\/\",\"logo\":{\"@type\":\"ImageObject\",\"inLanguage\":\"en-US\",\"@id\":\"https:\/\/miguelcabello.com\/#\/schema\/logo\/image\/\",\"url\":\"https:\/\/miguelcabello.com\/wp-content\/uploads\/2020\/01\/Logo-Miguel-Cabello-Piscinas.png\",\"contentUrl\":\"https:\/\/miguelcabello.com\/wp-content\/uploads\/2020\/01\/Logo-Miguel-Cabello-Piscinas.png\",\"width\":428,\"height\":41,\"caption\":\"Piscinas Miguel Cabello\"},\"image\":{\"@id\":\"https:\/\/miguelcabello.com\/#\/schema\/logo\/image\/\"}}]}<\/script>\n<!-- \/ Yoast SEO plugin. -->","yoast_head_json":{"title":"pH- 8Kg HydroSud - Piscinas Miguel Cabello Elena","robots":{"index":"index","follow":"follow","max-snippet":"max-snippet:-1","max-image-preview":"max-image-preview:large","max-video-preview":"max-video-preview:-1"},"canonical":"https:\/\/miguelcabello.com\/producto\/ph-8kg\/","og_locale":"en_US","og_type":"article","og_title":"pH- 8Kg HydroSud - Piscinas Miguel Cabello Elena","og_description":"Granulado.","og_url":"https:\/\/miguelcabello.com\/producto\/ph-8kg\/","og_site_name":"Piscinas Miguel Cabello Elena","article_modified_time":"2023-03-17T12:04:03+00:00","og_image":[{"width":750,"height":550,"url":"https:\/\/miguelcabello.com\/wp-content\/uploads\/2021\/03\/REDUCTOR-PH-GRUPOHYDROSUD-MIGUELCABELLO-PISCINA-RONDA.jpg","type":"image\/jpeg"}],"twitter_card":"summary_large_image","twitter_misc":{"Est. reading time":"1 minute"},"schema":{"@context":"https:\/\/schema.org","@graph":[{"@type":"WebPage","@id":"https:\/\/miguelcabello.com\/producto\/ph-8kg\/","url":"https:\/\/miguelcabello.com\/producto\/ph-8kg\/","name":"pH- 8Kg HydroSud - Piscinas Miguel Cabello Elena","isPartOf":{"@id":"https:\/\/miguelcabello.com\/#website"},"primaryImageOfPage":{"@id":"https:\/\/miguelcabello.com\/producto\/ph-8kg\/#primaryimage"},"image":{"@id":"https:\/\/miguelcabello.com\/producto\/ph-8kg\/#primaryimage"},"thumbnailUrl":"https:\/\/miguelcabello.com\/wp-content\/uploads\/2021\/03\/REDUCTOR-PH-GRUPOHYDROSUD-MIGUELCABELLO-PISCINA-RONDA.jpg","datePublished":"2021-03-25T15:19:58+00:00","dateModified":"2023-03-17T12:04:03+00:00","breadcrumb":{"@id":"https:\/\/miguelcabello.com\/producto\/ph-8kg\/#breadcrumb"},"inLanguage":"en-US","potentialAction":[{"@type":"ReadAction","target":["https:\/\/miguelcabello.com\/producto\/ph-8kg\/"]}]},{"@type":"ImageObject","inLanguage":"en-US","@id":"https:\/\/miguelcabello.com\/producto\/ph-8kg\/#primaryimage","url":"https:\/\/miguelcabello.com\/wp-content\/uploads\/2021\/03\/REDUCTOR-PH-GRUPOHYDROSUD-MIGUELCABELLO-PISCINA-RONDA.jpg","contentUrl":"https:\/\/miguelcabello.com\/wp-content\/uploads\/2021\/03\/REDUCTOR-PH-GRUPOHYDROSUD-MIGUELCABELLO-PISCINA-RONDA.jpg","width":750,"height":550,"caption":"REDUCTOR-PH-GRUPOHYDROSUD-MIGUELCABELLO-PISCINA-RONDA"},{"@type":"BreadcrumbList","@id":"https:\/\/miguelcabello.com\/producto\/ph-8kg\/#breadcrumb","itemListElement":[{"@type":"ListItem","position":1,"name":"Portada","item":"https:\/\/miguelcabello.com\/en\/"},{"@type":"ListItem","position":2,"name":"Shop","item":"https:\/\/miguelcabello.com\/en\/shop-swimming-pool-products-online\/"},{"@type":"ListItem","position":3,"name":"pH- 8Kg HydroSud"}]},{"@type":"WebSite","@id":"https:\/\/miguelcabello.com\/#website","url":"https:\/\/miguelcabello.com\/","name":"Piscinas Miguel Cabello Elena","description":"Profesionales en piscinas y recambios","publisher":{"@id":"https:\/\/miguelcabello.com\/#organization"},"potentialAction":[{"@type":"SearchAction","target":{"@type":"EntryPoint","urlTemplate":"https:\/\/miguelcabello.com\/?s={search_term_string}"},"query-input":{"@type":"PropertyValueSpecification","valueRequired":true,"valueName":"search_term_string"}}],"inLanguage":"en-US"},{"@type":"Organization","@id":"https:\/\/miguelcabello.com\/#organization","name":"Piscinas Miguel Cabello","url":"https:\/\/miguelcabello.com\/","logo":{"@type":"ImageObject","inLanguage":"en-US","@id":"https:\/\/miguelcabello.com\/#\/schema\/logo\/image\/","url":"https:\/\/miguelcabello.com\/wp-content\/uploads\/2020\/01\/Logo-Miguel-Cabello-Piscinas.png","contentUrl":"https:\/\/miguelcabello.com\/wp-content\/uploads\/2020\/01\/Logo-Miguel-Cabello-Piscinas.png","width":428,"height":41,"caption":"Piscinas Miguel Cabello"},"image":{"@id":"https:\/\/miguelcabello.com\/#\/schema\/logo\/image\/"}}]}},"_links":{"self":[{"href":"https:\/\/miguelcabello.com\/en\/wp-json\/wp\/v2\/product\/12233","targetHints":{"allow":["GET"]}}],"collection":[{"href":"https:\/\/miguelcabello.com\/en\/wp-json\/wp\/v2\/product"}],"about":[{"href":"https:\/\/miguelcabello.com\/en\/wp-json\/wp\/v2\/types\/product"}],"wp:featuredmedia":[{"embeddable":true,"href":"https:\/\/miguelcabello.com\/en\/wp-json\/wp\/v2\/media\/12234"}],"wp:attachment":[{"href":"https:\/\/miguelcabello.com\/en\/wp-json\/wp\/v2\/media?parent=12233"}],"wp:term":[{"taxonomy":"product_brand","embeddable":true,"href":"https:\/\/miguelcabello.com\/en\/wp-json\/wp\/v2\/product_brand?post=12233"},{"taxonomy":"product_cat","embeddable":true,"href":"https:\/\/miguelcabello.com\/en\/wp-json\/wp\/v2\/product_cat?post=12233"},{"taxonomy":"product_tag","embeddable":true,"href":"https:\/\/miguelcabello.com\/en\/wp-json\/wp\/v2\/product_tag?post=12233"}],"curies":[{"name":"wp","href":"https:\/\/api.w.org\/{rel}","templated":true}]}}