{"id":12096,"date":"2020-06-09T19:53:39","date_gmt":"2020-06-09T17:53:39","guid":{"rendered":"https:\/\/miguelcabello.com\/?post_type=product&#038;p=12096"},"modified":"2020-06-09T19:56:36","modified_gmt":"2020-06-09T17:56:36","slug":"surfosan-5l-higienizante-de-superficies","status":"publish","type":"product","link":"https:\/\/miguelcabello.com\/en\/producto\/surfosan-5l-higienizante-de-superficies\/","title":{"rendered":"Surfosan 5L higienizante de superficies"},"content":{"rendered":"<p>Producto l\u00edquido neutro con potente acci\u00f3n higienizante para evitar la transmisi\u00f3n de virus, bacterias y hongos, que se pueda producir a trav\u00e9s del contacto de la piel con superficies h\u00famedas y contaminadas.<\/p>\n<p><strong>CARACTERISTICAS:<\/strong><br \/>\nCTX-70 SurfoSAN\u00ae higieniza todo tipo de superficies no hospitalarias (piscinas, saunas, solarium,<br \/>\nvestuarios, duchas, colegios, &#8230;):<\/p>\n<p>&#8211; No contiene lej\u00eda.<br \/>\n&#8211; Posee un excelente poder higienizante<br \/>\n&#8211; Producto con pH neutro, apto para todo tipo de superficies. No corrosivo (suelos, paredes, techos,<br \/>\nbancos en duchas, saunas, vestuarios, accesos de la piscina, etc. mediante pulverizaci\u00f3n)<br \/>\n&#8211; Producto con pH neutro, apto para todo tipo de materiales. No corrosivo (materiales pl\u00e1sticos, metal,<br \/>\nvidrio, cer\u00e1mica, piedra, porcelana, etc.)<br \/>\n&#8211; Exento de aldeh\u00eddos<br \/>\n&#8211; Con acci\u00f3n desodorante y agradable aroma a pino.<\/p>\n<p>-F\u00f3rmula no agresiva, apta para todas las superficies, sin da\u00f1arlas<br \/>\n-No altera los par\u00e1metros del agua (pH, Cloro)<br \/>\n-No necesita aclarado<br \/>\n-Modo de empleo: ready to use, no necesita disoluci\u00f3n previa<br \/>\n&#8211; Producto no ADR (para el transporte terrestre de mercanc\u00edas peligrosas) en formatos 1l, 5l y 25l<\/p>\n<p><a href=\"https:\/\/miguelcabello.com\/wp-content\/uploads\/2020\/06\/hoja_tecnica_ctx_70_04_2020_higienizanteprof_es-198566.pdf\">hoja_tecnica_ctx_70_04_2020_higienizanteprof_es-198566<\/a><br \/>\n<script><\/script><\/p>\n","protected":false},"excerpt":{"rendered":"<p>Producto l\u00edquido neutro con potente acci\u00f3n higienizante para evitar la transmisi\u00f3n de virus, bacterias y hongos, que se pueda producir a trav\u00e9s del contacto de la piel con superficies h\u00famedas y contaminadas. CARACTERISTICAS: CTX-70 SurfoSAN\u00ae higieniza todo tipo de superficies no hospitalarias (piscinas, saunas, solarium, vestuarios, duchas, colegios, &#8230;): &#8211; No contiene lej\u00eda. &#8211; Posee [&hellip;]<\/p>\n","protected":false},"featured_media":12097,"template":"","meta":[],"product_brand":[],"product_cat":[73,46,84,22,97,473,479],"product_tag":[],"class_list":{"0":"post-12096","1":"product","2":"type-product","3":"status-publish","4":"has-post-thumbnail","6":"product_cat-cloro","7":"product_cat-drogueria","8":"product_cat-limpiadores","9":"product_cat-piscina","10":"product_cat-productos-especificos","11":"product_cat-productos-para-mini-piscinas","12":"product_cat-productos-para-mini-piscinas-2","13":"product_shipping_class-paquete-hasta-3kg","15":"first","16":"instock","17":"taxable","18":"shipping-taxable","19":"purchasable","20":"product-type-simple"},"bundled_by":[],"bundle_stock_status":"instock","bundle_stock_quantity":null,"bundle_virtual":false,"bundle_layout":"","bundle_add_to_cart_form_location":"","bundle_editable_in_cart":false,"bundle_sold_individually_context":"","bundle_item_grouping":"","bundle_min_size":"","bundle_max_size":"","bundle_price":[],"bundled_items":[],"bundle_sell_ids":[],"yoast_head":"<!-- This site is optimized with the Yoast SEO plugin v26.8 - https:\/\/yoast.com\/product\/yoast-seo-wordpress\/ -->\n<title>Surfosan 5L higienizante de superficies - Piscinas Miguel Cabello Elena<\/title>\n<meta name=\"robots\" content=\"index, follow, max-snippet:-1, max-image-preview:large, max-video-preview:-1\" \/>\n<link rel=\"canonical\" href=\"https:\/\/miguelcabello.com\/en\/producto\/surfosan-5l-higienizante-de-superficies\/\" \/>\n<meta property=\"og:locale\" content=\"en_US\" \/>\n<meta property=\"og:type\" content=\"article\" \/>\n<meta property=\"og:title\" content=\"Surfosan 5L higienizante de superficies - Piscinas Miguel Cabello Elena\" \/>\n<meta property=\"og:description\" content=\"Producto l\u00edquido neutro con potente acci\u00f3n higienizante para evitar la transmisi\u00f3n de virus, bacterias y hongos, que se pueda producir a trav\u00e9s del contacto de la piel con superficies h\u00famedas y contaminadas. CARACTERISTICAS: CTX-70 SurfoSAN\u00ae higieniza todo tipo de superficies no hospitalarias (piscinas, saunas, solarium, vestuarios, duchas, colegios, &#8230;): &#8211; No contiene lej\u00eda. &#8211; Posee [&hellip;]\" \/>\n<meta property=\"og:url\" content=\"https:\/\/miguelcabello.com\/en\/producto\/surfosan-5l-higienizante-de-superficies\/\" \/>\n<meta property=\"og:site_name\" content=\"Piscinas Miguel Cabello Elena\" \/>\n<meta property=\"article:modified_time\" content=\"2020-06-09T17:56:36+00:00\" \/>\n<meta property=\"og:image\" content=\"https:\/\/miguelcabello.com\/wp-content\/uploads\/2020\/06\/surfosan.jpg\" \/>\n\t<meta property=\"og:image:width\" content=\"580\" \/>\n\t<meta property=\"og:image:height\" content=\"580\" \/>\n\t<meta property=\"og:image:type\" content=\"image\/jpeg\" \/>\n<meta name=\"twitter:card\" content=\"summary_large_image\" \/>\n<meta name=\"twitter:label1\" content=\"Est. reading time\" \/>\n\t<meta name=\"twitter:data1\" content=\"1 minute\" \/>\n<script type=\"application\/ld+json\" class=\"yoast-schema-graph\">{\"@context\":\"https:\/\/schema.org\",\"@graph\":[{\"@type\":\"WebPage\",\"@id\":\"https:\/\/miguelcabello.com\/en\/producto\/surfosan-5l-higienizante-de-superficies\/\",\"url\":\"https:\/\/miguelcabello.com\/en\/producto\/surfosan-5l-higienizante-de-superficies\/\",\"name\":\"Surfosan 5L higienizante de superficies - Piscinas Miguel Cabello Elena\",\"isPartOf\":{\"@id\":\"https:\/\/miguelcabello.com\/#website\"},\"primaryImageOfPage\":{\"@id\":\"https:\/\/miguelcabello.com\/en\/producto\/surfosan-5l-higienizante-de-superficies\/#primaryimage\"},\"image\":{\"@id\":\"https:\/\/miguelcabello.com\/en\/producto\/surfosan-5l-higienizante-de-superficies\/#primaryimage\"},\"thumbnailUrl\":\"https:\/\/miguelcabello.com\/wp-content\/uploads\/2020\/06\/surfosan.jpg\",\"datePublished\":\"2020-06-09T17:53:39+00:00\",\"dateModified\":\"2020-06-09T17:56:36+00:00\",\"breadcrumb\":{\"@id\":\"https:\/\/miguelcabello.com\/en\/producto\/surfosan-5l-higienizante-de-superficies\/#breadcrumb\"},\"inLanguage\":\"en-US\",\"potentialAction\":[{\"@type\":\"ReadAction\",\"target\":[\"https:\/\/miguelcabello.com\/en\/producto\/surfosan-5l-higienizante-de-superficies\/\"]}]},{\"@type\":\"ImageObject\",\"inLanguage\":\"en-US\",\"@id\":\"https:\/\/miguelcabello.com\/en\/producto\/surfosan-5l-higienizante-de-superficies\/#primaryimage\",\"url\":\"https:\/\/miguelcabello.com\/wp-content\/uploads\/2020\/06\/surfosan.jpg\",\"contentUrl\":\"https:\/\/miguelcabello.com\/wp-content\/uploads\/2020\/06\/surfosan.jpg\",\"width\":580,\"height\":580,\"caption\":\"surfosan_5l higienizante piscinas limpiador desinfectante covid-19 coronavirus\"},{\"@type\":\"BreadcrumbList\",\"@id\":\"https:\/\/miguelcabello.com\/en\/producto\/surfosan-5l-higienizante-de-superficies\/#breadcrumb\",\"itemListElement\":[{\"@type\":\"ListItem\",\"position\":1,\"name\":\"Portada\",\"item\":\"https:\/\/miguelcabello.com\/en\/\"},{\"@type\":\"ListItem\",\"position\":2,\"name\":\"Shop\",\"item\":\"https:\/\/miguelcabello.com\/en\/shop-swimming-pool-products-online\/\"},{\"@type\":\"ListItem\",\"position\":3,\"name\":\"Surfosan 5L higienizante de superficies\"}]},{\"@type\":\"WebSite\",\"@id\":\"https:\/\/miguelcabello.com\/#website\",\"url\":\"https:\/\/miguelcabello.com\/\",\"name\":\"Piscinas Miguel Cabello Elena\",\"description\":\"Profesionales en piscinas y recambios\",\"publisher\":{\"@id\":\"https:\/\/miguelcabello.com\/#organization\"},\"potentialAction\":[{\"@type\":\"SearchAction\",\"target\":{\"@type\":\"EntryPoint\",\"urlTemplate\":\"https:\/\/miguelcabello.com\/?s={search_term_string}\"},\"query-input\":{\"@type\":\"PropertyValueSpecification\",\"valueRequired\":true,\"valueName\":\"search_term_string\"}}],\"inLanguage\":\"en-US\"},{\"@type\":\"Organization\",\"@id\":\"https:\/\/miguelcabello.com\/#organization\",\"name\":\"Piscinas Miguel Cabello\",\"url\":\"https:\/\/miguelcabello.com\/\",\"logo\":{\"@type\":\"ImageObject\",\"inLanguage\":\"en-US\",\"@id\":\"https:\/\/miguelcabello.com\/#\/schema\/logo\/image\/\",\"url\":\"https:\/\/miguelcabello.com\/wp-content\/uploads\/2020\/01\/Logo-Miguel-Cabello-Piscinas.png\",\"contentUrl\":\"https:\/\/miguelcabello.com\/wp-content\/uploads\/2020\/01\/Logo-Miguel-Cabello-Piscinas.png\",\"width\":428,\"height\":41,\"caption\":\"Piscinas Miguel Cabello\"},\"image\":{\"@id\":\"https:\/\/miguelcabello.com\/#\/schema\/logo\/image\/\"}}]}<\/script>\n<!-- \/ Yoast SEO plugin. -->","yoast_head_json":{"title":"Surfosan 5L higienizante de superficies - Piscinas Miguel Cabello Elena","robots":{"index":"index","follow":"follow","max-snippet":"max-snippet:-1","max-image-preview":"max-image-preview:large","max-video-preview":"max-video-preview:-1"},"canonical":"https:\/\/miguelcabello.com\/en\/producto\/surfosan-5l-higienizante-de-superficies\/","og_locale":"en_US","og_type":"article","og_title":"Surfosan 5L higienizante de superficies - Piscinas Miguel Cabello Elena","og_description":"Producto l\u00edquido neutro con potente acci\u00f3n higienizante para evitar la transmisi\u00f3n de virus, bacterias y hongos, que se pueda producir a trav\u00e9s del contacto de la piel con superficies h\u00famedas y contaminadas. CARACTERISTICAS: CTX-70 SurfoSAN\u00ae higieniza todo tipo de superficies no hospitalarias (piscinas, saunas, solarium, vestuarios, duchas, colegios, &#8230;): &#8211; No contiene lej\u00eda. &#8211; Posee [&hellip;]","og_url":"https:\/\/miguelcabello.com\/en\/producto\/surfosan-5l-higienizante-de-superficies\/","og_site_name":"Piscinas Miguel Cabello Elena","article_modified_time":"2020-06-09T17:56:36+00:00","og_image":[{"width":580,"height":580,"url":"https:\/\/miguelcabello.com\/wp-content\/uploads\/2020\/06\/surfosan.jpg","type":"image\/jpeg"}],"twitter_card":"summary_large_image","twitter_misc":{"Est. reading time":"1 minute"},"schema":{"@context":"https:\/\/schema.org","@graph":[{"@type":"WebPage","@id":"https:\/\/miguelcabello.com\/en\/producto\/surfosan-5l-higienizante-de-superficies\/","url":"https:\/\/miguelcabello.com\/en\/producto\/surfosan-5l-higienizante-de-superficies\/","name":"Surfosan 5L higienizante de superficies - Piscinas Miguel Cabello Elena","isPartOf":{"@id":"https:\/\/miguelcabello.com\/#website"},"primaryImageOfPage":{"@id":"https:\/\/miguelcabello.com\/en\/producto\/surfosan-5l-higienizante-de-superficies\/#primaryimage"},"image":{"@id":"https:\/\/miguelcabello.com\/en\/producto\/surfosan-5l-higienizante-de-superficies\/#primaryimage"},"thumbnailUrl":"https:\/\/miguelcabello.com\/wp-content\/uploads\/2020\/06\/surfosan.jpg","datePublished":"2020-06-09T17:53:39+00:00","dateModified":"2020-06-09T17:56:36+00:00","breadcrumb":{"@id":"https:\/\/miguelcabello.com\/en\/producto\/surfosan-5l-higienizante-de-superficies\/#breadcrumb"},"inLanguage":"en-US","potentialAction":[{"@type":"ReadAction","target":["https:\/\/miguelcabello.com\/en\/producto\/surfosan-5l-higienizante-de-superficies\/"]}]},{"@type":"ImageObject","inLanguage":"en-US","@id":"https:\/\/miguelcabello.com\/en\/producto\/surfosan-5l-higienizante-de-superficies\/#primaryimage","url":"https:\/\/miguelcabello.com\/wp-content\/uploads\/2020\/06\/surfosan.jpg","contentUrl":"https:\/\/miguelcabello.com\/wp-content\/uploads\/2020\/06\/surfosan.jpg","width":580,"height":580,"caption":"surfosan_5l higienizante piscinas limpiador desinfectante covid-19 coronavirus"},{"@type":"BreadcrumbList","@id":"https:\/\/miguelcabello.com\/en\/producto\/surfosan-5l-higienizante-de-superficies\/#breadcrumb","itemListElement":[{"@type":"ListItem","position":1,"name":"Portada","item":"https:\/\/miguelcabello.com\/en\/"},{"@type":"ListItem","position":2,"name":"Shop","item":"https:\/\/miguelcabello.com\/en\/shop-swimming-pool-products-online\/"},{"@type":"ListItem","position":3,"name":"Surfosan 5L higienizante de superficies"}]},{"@type":"WebSite","@id":"https:\/\/miguelcabello.com\/#website","url":"https:\/\/miguelcabello.com\/","name":"Piscinas Miguel Cabello Elena","description":"Profesionales en piscinas y recambios","publisher":{"@id":"https:\/\/miguelcabello.com\/#organization"},"potentialAction":[{"@type":"SearchAction","target":{"@type":"EntryPoint","urlTemplate":"https:\/\/miguelcabello.com\/?s={search_term_string}"},"query-input":{"@type":"PropertyValueSpecification","valueRequired":true,"valueName":"search_term_string"}}],"inLanguage":"en-US"},{"@type":"Organization","@id":"https:\/\/miguelcabello.com\/#organization","name":"Piscinas Miguel Cabello","url":"https:\/\/miguelcabello.com\/","logo":{"@type":"ImageObject","inLanguage":"en-US","@id":"https:\/\/miguelcabello.com\/#\/schema\/logo\/image\/","url":"https:\/\/miguelcabello.com\/wp-content\/uploads\/2020\/01\/Logo-Miguel-Cabello-Piscinas.png","contentUrl":"https:\/\/miguelcabello.com\/wp-content\/uploads\/2020\/01\/Logo-Miguel-Cabello-Piscinas.png","width":428,"height":41,"caption":"Piscinas Miguel Cabello"},"image":{"@id":"https:\/\/miguelcabello.com\/#\/schema\/logo\/image\/"}}]}},"_links":{"self":[{"href":"https:\/\/miguelcabello.com\/en\/wp-json\/wp\/v2\/product\/12096","targetHints":{"allow":["GET"]}}],"collection":[{"href":"https:\/\/miguelcabello.com\/en\/wp-json\/wp\/v2\/product"}],"about":[{"href":"https:\/\/miguelcabello.com\/en\/wp-json\/wp\/v2\/types\/product"}],"wp:featuredmedia":[{"embeddable":true,"href":"https:\/\/miguelcabello.com\/en\/wp-json\/wp\/v2\/media\/12097"}],"wp:attachment":[{"href":"https:\/\/miguelcabello.com\/en\/wp-json\/wp\/v2\/media?parent=12096"}],"wp:term":[{"taxonomy":"product_brand","embeddable":true,"href":"https:\/\/miguelcabello.com\/en\/wp-json\/wp\/v2\/product_brand?post=12096"},{"taxonomy":"product_cat","embeddable":true,"href":"https:\/\/miguelcabello.com\/en\/wp-json\/wp\/v2\/product_cat?post=12096"},{"taxonomy":"product_tag","embeddable":true,"href":"https:\/\/miguelcabello.com\/en\/wp-json\/wp\/v2\/product_tag?post=12096"}],"curies":[{"name":"wp","href":"https:\/\/api.w.org\/{rel}","templated":true}]}}