{"id":11272,"date":"2020-03-24T13:10:52","date_gmt":"2020-03-24T12:10:52","guid":{"rendered":"https:\/\/miguelcabello.com\/?post_type=product&#038;p=11272"},"modified":"2023-09-22T13:00:11","modified_gmt":"2023-09-22T11:00:11","slug":"pertiga-extensible-244m","status":"publish","type":"product","link":"https:\/\/miguelcabello.com\/en\/producto\/pertiga-extensible-244m\/","title":{"rendered":"P\u00e9rtiga extensible 2,44m"},"content":{"rendered":"<p>Fabricada en aluminio con mango de pl\u00e1stico.<\/p>\n<p>Conexi\u00f3n mediante CLIP o PALOMETA.<\/p>\n<p>Extensible: 2 secciones.<br \/>\n<script><\/script><\/p>\n","protected":false},"excerpt":{"rendered":"<p>Fabricada en aluminio con mango de pl\u00e1stico. Conexi\u00f3n mediante CLIP o PALOMETA. Extensible: 2 secciones.<\/p>\n","protected":false},"featured_media":11275,"template":"","meta":[],"product_brand":[],"product_cat":[79],"product_tag":[],"class_list":{"0":"post-11272","1":"product","2":"type-product","3":"status-publish","4":"has-post-thumbnail","6":"product_cat-mangos","7":"product_shipping_class-paquete-hasta-1kg","9":"first","10":"instock","11":"taxable","12":"shipping-taxable","13":"purchasable","14":"product-type-variable"},"bundled_by":[],"bundle_stock_status":"instock","bundle_stock_quantity":null,"bundle_virtual":false,"bundle_layout":"","bundle_add_to_cart_form_location":"","bundle_editable_in_cart":false,"bundle_sold_individually_context":"","bundle_item_grouping":"","bundle_min_size":"","bundle_max_size":"","bundle_price":[],"bundled_items":[],"bundle_sell_ids":[],"yoast_head":"<!-- This site is optimized with the Yoast SEO plugin v26.8 - https:\/\/yoast.com\/product\/yoast-seo-wordpress\/ -->\n<title>P\u00e9rtiga extensible 2,44m - Piscinas Miguel Cabello Elena<\/title>\n<meta name=\"robots\" content=\"index, follow, max-snippet:-1, max-image-preview:large, max-video-preview:-1\" \/>\n<link rel=\"canonical\" href=\"https:\/\/miguelcabello.com\/producto\/pertiga-extensible-244m\/\" \/>\n<meta property=\"og:locale\" content=\"en_US\" \/>\n<meta property=\"og:type\" content=\"article\" \/>\n<meta property=\"og:title\" content=\"P\u00e9rtiga extensible 2,44m - Piscinas Miguel Cabello Elena\" \/>\n<meta property=\"og:description\" content=\"Fabricada en aluminio con mango de pl\u00e1stico. Conexi\u00f3n mediante CLIP o PALOMETA. Extensible: 2 secciones.\" \/>\n<meta property=\"og:url\" content=\"https:\/\/miguelcabello.com\/producto\/pertiga-extensible-244m\/\" \/>\n<meta property=\"og:site_name\" content=\"Piscinas Miguel Cabello Elena\" \/>\n<meta property=\"article:modified_time\" content=\"2023-09-22T11:00:11+00:00\" \/>\n<meta property=\"og:image\" content=\"https:\/\/miguelcabello.com\/wp-content\/uploads\/2020\/03\/pertiga-24m-extensible-clip-palomilla-piscina-miguel-cabello-limpieza.jpg\" \/>\n\t<meta property=\"og:image:width\" content=\"640\" \/>\n\t<meta property=\"og:image:height\" content=\"640\" \/>\n\t<meta property=\"og:image:type\" content=\"image\/jpeg\" \/>\n<meta name=\"twitter:card\" content=\"summary_large_image\" \/>\n<script type=\"application\/ld+json\" class=\"yoast-schema-graph\">{\"@context\":\"https:\/\/schema.org\",\"@graph\":[{\"@type\":\"WebPage\",\"@id\":\"https:\/\/miguelcabello.com\/producto\/pertiga-extensible-244m\/\",\"url\":\"https:\/\/miguelcabello.com\/producto\/pertiga-extensible-244m\/\",\"name\":\"P\u00e9rtiga extensible 2,44m - Piscinas Miguel Cabello Elena\",\"isPartOf\":{\"@id\":\"https:\/\/miguelcabello.com\/#website\"},\"primaryImageOfPage\":{\"@id\":\"https:\/\/miguelcabello.com\/producto\/pertiga-extensible-244m\/#primaryimage\"},\"image\":{\"@id\":\"https:\/\/miguelcabello.com\/producto\/pertiga-extensible-244m\/#primaryimage\"},\"thumbnailUrl\":\"https:\/\/miguelcabello.com\/wp-content\/uploads\/2020\/03\/pertiga-24m-extensible-clip-palomilla-piscina-miguel-cabello-limpieza.jpg\",\"datePublished\":\"2020-03-24T12:10:52+00:00\",\"dateModified\":\"2023-09-22T11:00:11+00:00\",\"breadcrumb\":{\"@id\":\"https:\/\/miguelcabello.com\/producto\/pertiga-extensible-244m\/#breadcrumb\"},\"inLanguage\":\"en-US\",\"potentialAction\":[{\"@type\":\"ReadAction\",\"target\":[\"https:\/\/miguelcabello.com\/producto\/pertiga-extensible-244m\/\"]}]},{\"@type\":\"ImageObject\",\"inLanguage\":\"en-US\",\"@id\":\"https:\/\/miguelcabello.com\/producto\/pertiga-extensible-244m\/#primaryimage\",\"url\":\"https:\/\/miguelcabello.com\/wp-content\/uploads\/2020\/03\/pertiga-24m-extensible-clip-palomilla-piscina-miguel-cabello-limpieza.jpg\",\"contentUrl\":\"https:\/\/miguelcabello.com\/wp-content\/uploads\/2020\/03\/pertiga-24m-extensible-clip-palomilla-piscina-miguel-cabello-limpieza.jpg\",\"width\":640,\"height\":640,\"caption\":\"pertiga 2,4m extensible clip palomilla piscina miguel cabello limpieza\"},{\"@type\":\"BreadcrumbList\",\"@id\":\"https:\/\/miguelcabello.com\/producto\/pertiga-extensible-244m\/#breadcrumb\",\"itemListElement\":[{\"@type\":\"ListItem\",\"position\":1,\"name\":\"Portada\",\"item\":\"https:\/\/miguelcabello.com\/en\/\"},{\"@type\":\"ListItem\",\"position\":2,\"name\":\"Shop\",\"item\":\"https:\/\/miguelcabello.com\/en\/shop-swimming-pool-products-online\/\"},{\"@type\":\"ListItem\",\"position\":3,\"name\":\"P\u00e9rtiga extensible 2,44m\"}]},{\"@type\":\"WebSite\",\"@id\":\"https:\/\/miguelcabello.com\/#website\",\"url\":\"https:\/\/miguelcabello.com\/\",\"name\":\"Piscinas Miguel Cabello Elena\",\"description\":\"Profesionales en piscinas y recambios\",\"publisher\":{\"@id\":\"https:\/\/miguelcabello.com\/#organization\"},\"potentialAction\":[{\"@type\":\"SearchAction\",\"target\":{\"@type\":\"EntryPoint\",\"urlTemplate\":\"https:\/\/miguelcabello.com\/?s={search_term_string}\"},\"query-input\":{\"@type\":\"PropertyValueSpecification\",\"valueRequired\":true,\"valueName\":\"search_term_string\"}}],\"inLanguage\":\"en-US\"},{\"@type\":\"Organization\",\"@id\":\"https:\/\/miguelcabello.com\/#organization\",\"name\":\"Piscinas Miguel Cabello\",\"url\":\"https:\/\/miguelcabello.com\/\",\"logo\":{\"@type\":\"ImageObject\",\"inLanguage\":\"en-US\",\"@id\":\"https:\/\/miguelcabello.com\/#\/schema\/logo\/image\/\",\"url\":\"https:\/\/miguelcabello.com\/wp-content\/uploads\/2020\/01\/Logo-Miguel-Cabello-Piscinas.png\",\"contentUrl\":\"https:\/\/miguelcabello.com\/wp-content\/uploads\/2020\/01\/Logo-Miguel-Cabello-Piscinas.png\",\"width\":428,\"height\":41,\"caption\":\"Piscinas Miguel Cabello\"},\"image\":{\"@id\":\"https:\/\/miguelcabello.com\/#\/schema\/logo\/image\/\"}}]}<\/script>\n<!-- \/ Yoast SEO plugin. -->","yoast_head_json":{"title":"P\u00e9rtiga extensible 2,44m - Piscinas Miguel Cabello Elena","robots":{"index":"index","follow":"follow","max-snippet":"max-snippet:-1","max-image-preview":"max-image-preview:large","max-video-preview":"max-video-preview:-1"},"canonical":"https:\/\/miguelcabello.com\/producto\/pertiga-extensible-244m\/","og_locale":"en_US","og_type":"article","og_title":"P\u00e9rtiga extensible 2,44m - Piscinas Miguel Cabello Elena","og_description":"Fabricada en aluminio con mango de pl\u00e1stico. Conexi\u00f3n mediante CLIP o PALOMETA. Extensible: 2 secciones.","og_url":"https:\/\/miguelcabello.com\/producto\/pertiga-extensible-244m\/","og_site_name":"Piscinas Miguel Cabello Elena","article_modified_time":"2023-09-22T11:00:11+00:00","og_image":[{"width":640,"height":640,"url":"https:\/\/miguelcabello.com\/wp-content\/uploads\/2020\/03\/pertiga-24m-extensible-clip-palomilla-piscina-miguel-cabello-limpieza.jpg","type":"image\/jpeg"}],"twitter_card":"summary_large_image","schema":{"@context":"https:\/\/schema.org","@graph":[{"@type":"WebPage","@id":"https:\/\/miguelcabello.com\/producto\/pertiga-extensible-244m\/","url":"https:\/\/miguelcabello.com\/producto\/pertiga-extensible-244m\/","name":"P\u00e9rtiga extensible 2,44m - Piscinas Miguel Cabello Elena","isPartOf":{"@id":"https:\/\/miguelcabello.com\/#website"},"primaryImageOfPage":{"@id":"https:\/\/miguelcabello.com\/producto\/pertiga-extensible-244m\/#primaryimage"},"image":{"@id":"https:\/\/miguelcabello.com\/producto\/pertiga-extensible-244m\/#primaryimage"},"thumbnailUrl":"https:\/\/miguelcabello.com\/wp-content\/uploads\/2020\/03\/pertiga-24m-extensible-clip-palomilla-piscina-miguel-cabello-limpieza.jpg","datePublished":"2020-03-24T12:10:52+00:00","dateModified":"2023-09-22T11:00:11+00:00","breadcrumb":{"@id":"https:\/\/miguelcabello.com\/producto\/pertiga-extensible-244m\/#breadcrumb"},"inLanguage":"en-US","potentialAction":[{"@type":"ReadAction","target":["https:\/\/miguelcabello.com\/producto\/pertiga-extensible-244m\/"]}]},{"@type":"ImageObject","inLanguage":"en-US","@id":"https:\/\/miguelcabello.com\/producto\/pertiga-extensible-244m\/#primaryimage","url":"https:\/\/miguelcabello.com\/wp-content\/uploads\/2020\/03\/pertiga-24m-extensible-clip-palomilla-piscina-miguel-cabello-limpieza.jpg","contentUrl":"https:\/\/miguelcabello.com\/wp-content\/uploads\/2020\/03\/pertiga-24m-extensible-clip-palomilla-piscina-miguel-cabello-limpieza.jpg","width":640,"height":640,"caption":"pertiga 2,4m extensible clip palomilla piscina miguel cabello limpieza"},{"@type":"BreadcrumbList","@id":"https:\/\/miguelcabello.com\/producto\/pertiga-extensible-244m\/#breadcrumb","itemListElement":[{"@type":"ListItem","position":1,"name":"Portada","item":"https:\/\/miguelcabello.com\/en\/"},{"@type":"ListItem","position":2,"name":"Shop","item":"https:\/\/miguelcabello.com\/en\/shop-swimming-pool-products-online\/"},{"@type":"ListItem","position":3,"name":"P\u00e9rtiga extensible 2,44m"}]},{"@type":"WebSite","@id":"https:\/\/miguelcabello.com\/#website","url":"https:\/\/miguelcabello.com\/","name":"Piscinas Miguel Cabello Elena","description":"Profesionales en piscinas y recambios","publisher":{"@id":"https:\/\/miguelcabello.com\/#organization"},"potentialAction":[{"@type":"SearchAction","target":{"@type":"EntryPoint","urlTemplate":"https:\/\/miguelcabello.com\/?s={search_term_string}"},"query-input":{"@type":"PropertyValueSpecification","valueRequired":true,"valueName":"search_term_string"}}],"inLanguage":"en-US"},{"@type":"Organization","@id":"https:\/\/miguelcabello.com\/#organization","name":"Piscinas Miguel Cabello","url":"https:\/\/miguelcabello.com\/","logo":{"@type":"ImageObject","inLanguage":"en-US","@id":"https:\/\/miguelcabello.com\/#\/schema\/logo\/image\/","url":"https:\/\/miguelcabello.com\/wp-content\/uploads\/2020\/01\/Logo-Miguel-Cabello-Piscinas.png","contentUrl":"https:\/\/miguelcabello.com\/wp-content\/uploads\/2020\/01\/Logo-Miguel-Cabello-Piscinas.png","width":428,"height":41,"caption":"Piscinas Miguel Cabello"},"image":{"@id":"https:\/\/miguelcabello.com\/#\/schema\/logo\/image\/"}}]}},"_links":{"self":[{"href":"https:\/\/miguelcabello.com\/en\/wp-json\/wp\/v2\/product\/11272","targetHints":{"allow":["GET"]}}],"collection":[{"href":"https:\/\/miguelcabello.com\/en\/wp-json\/wp\/v2\/product"}],"about":[{"href":"https:\/\/miguelcabello.com\/en\/wp-json\/wp\/v2\/types\/product"}],"wp:featuredmedia":[{"embeddable":true,"href":"https:\/\/miguelcabello.com\/en\/wp-json\/wp\/v2\/media\/11275"}],"wp:attachment":[{"href":"https:\/\/miguelcabello.com\/en\/wp-json\/wp\/v2\/media?parent=11272"}],"wp:term":[{"taxonomy":"product_brand","embeddable":true,"href":"https:\/\/miguelcabello.com\/en\/wp-json\/wp\/v2\/product_brand?post=11272"},{"taxonomy":"product_cat","embeddable":true,"href":"https:\/\/miguelcabello.com\/en\/wp-json\/wp\/v2\/product_cat?post=11272"},{"taxonomy":"product_tag","embeddable":true,"href":"https:\/\/miguelcabello.com\/en\/wp-json\/wp\/v2\/product_tag?post=11272"}],"curies":[{"name":"wp","href":"https:\/\/api.w.org\/{rel}","templated":true}]}}