{"id":11179,"date":"2020-03-23T18:06:37","date_gmt":"2020-03-23T17:06:37","guid":{"rendered":"https:\/\/miguelcabello.com\/?post_type=product&#038;p=11179"},"modified":"2023-03-16T18:12:02","modified_gmt":"2023-03-16T17:12:02","slug":"ph-hipool-pqs","status":"publish","type":"product","link":"https:\/\/miguelcabello.com\/en\/producto\/ph-hipool-pqs\/","title":{"rendered":"pH +  Hipool PQS"},"content":{"rendered":"<p>Incrementa el pH del agua y reduce el consumo de cloro. Evita oxidaciones de los accesorios. Con pH neutro no se producen irritaciones de la piel.<\/p>\n<p>Dosis: para incrementar 4 d\u00e9cimas, a\u00f1adir 1 tap\u00f3n \/ m3 de agua. El valor del pH debe estar entre 7,2 y 7,6.<\/p>\n<p>Formato: 1 Kg<\/p>\n<p>El pH es una medida de la acidez o alcalinidad\/basicidad del<br \/>\nagua, lo que se traduce en una medida de la actividad del<br \/>\npotencial de iones de hidr\u00f3geno (H+). Averiguar el pH del<br \/>\nagua de la piscina\/spa es una de las pruebas m\u00e1s comunes<br \/>\npara conocer su calidad, y el primer paso para conseguir un<br \/>\nagua transparente y desinfectada, sin riesgo para la salud de<br \/>\nlos ba\u00f1istas.<\/p>\n<p>La medici\u00f3n del pH se ejecuta en una escala de 0 a 14, por lo<br \/>\nque un pH = 7 es considerado un \u201cpH neutro\u201d.<br \/>\nCuando el pH es inferior a 7, hablamos de un agua \u201c\u00e1cida\u201d y<br \/>\npodr\u00eda ser corrosiva y disolver iones met\u00e1licos como hierro,<br \/>\nmanganeso, cobre, plomo y zinc, en materiales del vaso de la<br \/>\npiscina, ocasionando la caracter\u00edstica decoloraci\u00f3n \u201cazulverde\u201d en tuber\u00edas y desag\u00fces. Esta corrosi\u00f3n da lugar a un<br \/>\nsabor met\u00e1lico o amargo del agua, e incluso produce<br \/>\nmanchas en la ropa.<br \/>\nCuando el pH es superior a 7, hablamos de un agua \u201calcalina\u201d<br \/>\no \u201cb\u00e1sica\u201d y puede presentar problemas de incrustaciones<br \/>\ncalc\u00e1reas por durezas que enturbian el agua, y otros da\u00f1os<br \/>\ncomo el sarro que precipita en tuber\u00edas, disminuyendo su<br \/>\ndi\u00e1metro y la presi\u00f3n del flujo del agua. Un pH alto provoca<br \/>\nun sabor salino del agua. Adem\u00e1s, el efecto de los productos<br \/>\ndesinfectantes disminuye.<br \/>\nEl rango ideal del pH en piscinas y spas debe estar siempre<br \/>\nentre 7,2 y 7,6.<br \/>\nSALUD: Un pH bajo o alto puede ocasionar irritaciones en la<br \/>\npiel y los ojos de los ba\u00f1istas.<br \/>\n<script><\/script><\/p>\n","protected":false},"excerpt":{"rendered":"<p>Incrementa el pH del agua y reduce el consumo de cloro. Evita oxidaciones de los accesorios. Con pH neutro no se producen irritaciones de la piel. Dosis: para incrementar 4 d\u00e9cimas, a\u00f1adir 1 tap\u00f3n \/ m3 de agua. El valor del pH debe estar entre 7,2 y 7,6. Formato: 1 Kg El pH es una [&hellip;]<\/p>\n","protected":false},"featured_media":11180,"template":"","meta":[],"product_brand":[],"product_cat":[473,479],"product_tag":[],"class_list":{"0":"post-11179","1":"product","2":"type-product","3":"status-publish","4":"has-post-thumbnail","6":"product_cat-productos-para-mini-piscinas","7":"product_cat-productos-para-mini-piscinas-2","8":"product_shipping_class-paquete-hasta-1kg","10":"first","11":"instock","12":"taxable","13":"shipping-taxable","14":"purchasable","15":"product-type-simple"},"bundled_by":[],"bundle_stock_status":"instock","bundle_stock_quantity":null,"bundle_virtual":false,"bundle_layout":"","bundle_add_to_cart_form_location":"","bundle_editable_in_cart":false,"bundle_sold_individually_context":"","bundle_item_grouping":"","bundle_min_size":"","bundle_max_size":"","bundle_price":[],"bundled_items":[],"bundle_sell_ids":[],"yoast_head":"<!-- This site is optimized with the Yoast SEO plugin v26.8 - https:\/\/yoast.com\/product\/yoast-seo-wordpress\/ -->\n<title>pH + Hipool PQS - Piscinas Miguel Cabello Elena<\/title>\n<meta name=\"robots\" content=\"index, follow, max-snippet:-1, max-image-preview:large, max-video-preview:-1\" \/>\n<link rel=\"canonical\" href=\"https:\/\/miguelcabello.com\/producto\/ph-hipool-pqs\/\" \/>\n<meta property=\"og:locale\" content=\"en_US\" \/>\n<meta property=\"og:type\" content=\"article\" \/>\n<meta property=\"og:title\" content=\"pH + Hipool PQS - Piscinas Miguel Cabello Elena\" \/>\n<meta property=\"og:description\" content=\"Incrementa el pH del agua y reduce el consumo de cloro. Evita oxidaciones de los accesorios. Con pH neutro no se producen irritaciones de la piel. Dosis: para incrementar 4 d\u00e9cimas, a\u00f1adir 1 tap\u00f3n \/ m3 de agua. El valor del pH debe estar entre 7,2 y 7,6. Formato: 1 Kg El pH es una [&hellip;]\" \/>\n<meta property=\"og:url\" content=\"https:\/\/miguelcabello.com\/producto\/ph-hipool-pqs\/\" \/>\n<meta property=\"og:site_name\" content=\"Piscinas Miguel Cabello Elena\" \/>\n<meta property=\"article:modified_time\" content=\"2023-03-16T17:12:02+00:00\" \/>\n<meta property=\"og:image\" content=\"https:\/\/miguelcabello.com\/wp-content\/uploads\/2020\/03\/ph-mas-solido-1kg-hipool-miguel-cabello-piscina.jpg\" \/>\n\t<meta property=\"og:image:width\" content=\"640\" \/>\n\t<meta property=\"og:image:height\" content=\"640\" \/>\n\t<meta property=\"og:image:type\" content=\"image\/jpeg\" \/>\n<meta name=\"twitter:card\" content=\"summary_large_image\" \/>\n<meta name=\"twitter:label1\" content=\"Est. reading time\" \/>\n\t<meta name=\"twitter:data1\" content=\"2 minutes\" \/>\n<script type=\"application\/ld+json\" class=\"yoast-schema-graph\">{\"@context\":\"https:\/\/schema.org\",\"@graph\":[{\"@type\":\"WebPage\",\"@id\":\"https:\/\/miguelcabello.com\/producto\/ph-hipool-pqs\/\",\"url\":\"https:\/\/miguelcabello.com\/producto\/ph-hipool-pqs\/\",\"name\":\"pH + Hipool PQS - Piscinas Miguel Cabello Elena\",\"isPartOf\":{\"@id\":\"https:\/\/miguelcabello.com\/#website\"},\"primaryImageOfPage\":{\"@id\":\"https:\/\/miguelcabello.com\/producto\/ph-hipool-pqs\/#primaryimage\"},\"image\":{\"@id\":\"https:\/\/miguelcabello.com\/producto\/ph-hipool-pqs\/#primaryimage\"},\"thumbnailUrl\":\"https:\/\/miguelcabello.com\/wp-content\/uploads\/2020\/03\/ph-mas-solido-1kg-hipool-miguel-cabello-piscina.jpg\",\"datePublished\":\"2020-03-23T17:06:37+00:00\",\"dateModified\":\"2023-03-16T17:12:02+00:00\",\"breadcrumb\":{\"@id\":\"https:\/\/miguelcabello.com\/producto\/ph-hipool-pqs\/#breadcrumb\"},\"inLanguage\":\"en-US\",\"potentialAction\":[{\"@type\":\"ReadAction\",\"target\":[\"https:\/\/miguelcabello.com\/producto\/ph-hipool-pqs\/\"]}]},{\"@type\":\"ImageObject\",\"inLanguage\":\"en-US\",\"@id\":\"https:\/\/miguelcabello.com\/producto\/ph-hipool-pqs\/#primaryimage\",\"url\":\"https:\/\/miguelcabello.com\/wp-content\/uploads\/2020\/03\/ph-mas-solido-1kg-hipool-miguel-cabello-piscina.jpg\",\"contentUrl\":\"https:\/\/miguelcabello.com\/wp-content\/uploads\/2020\/03\/ph-mas-solido-1kg-hipool-miguel-cabello-piscina.jpg\",\"width\":640,\"height\":640,\"caption\":\"ph mas solido 1kg hipool miguel cabello piscina\"},{\"@type\":\"BreadcrumbList\",\"@id\":\"https:\/\/miguelcabello.com\/producto\/ph-hipool-pqs\/#breadcrumb\",\"itemListElement\":[{\"@type\":\"ListItem\",\"position\":1,\"name\":\"Portada\",\"item\":\"https:\/\/miguelcabello.com\/en\/\"},{\"@type\":\"ListItem\",\"position\":2,\"name\":\"Shop\",\"item\":\"https:\/\/miguelcabello.com\/en\/shop-swimming-pool-products-online\/\"},{\"@type\":\"ListItem\",\"position\":3,\"name\":\"pH + Hipool PQS\"}]},{\"@type\":\"WebSite\",\"@id\":\"https:\/\/miguelcabello.com\/#website\",\"url\":\"https:\/\/miguelcabello.com\/\",\"name\":\"Piscinas Miguel Cabello Elena\",\"description\":\"Profesionales en piscinas y recambios\",\"publisher\":{\"@id\":\"https:\/\/miguelcabello.com\/#organization\"},\"potentialAction\":[{\"@type\":\"SearchAction\",\"target\":{\"@type\":\"EntryPoint\",\"urlTemplate\":\"https:\/\/miguelcabello.com\/?s={search_term_string}\"},\"query-input\":{\"@type\":\"PropertyValueSpecification\",\"valueRequired\":true,\"valueName\":\"search_term_string\"}}],\"inLanguage\":\"en-US\"},{\"@type\":\"Organization\",\"@id\":\"https:\/\/miguelcabello.com\/#organization\",\"name\":\"Piscinas Miguel Cabello\",\"url\":\"https:\/\/miguelcabello.com\/\",\"logo\":{\"@type\":\"ImageObject\",\"inLanguage\":\"en-US\",\"@id\":\"https:\/\/miguelcabello.com\/#\/schema\/logo\/image\/\",\"url\":\"https:\/\/miguelcabello.com\/wp-content\/uploads\/2020\/01\/Logo-Miguel-Cabello-Piscinas.png\",\"contentUrl\":\"https:\/\/miguelcabello.com\/wp-content\/uploads\/2020\/01\/Logo-Miguel-Cabello-Piscinas.png\",\"width\":428,\"height\":41,\"caption\":\"Piscinas Miguel Cabello\"},\"image\":{\"@id\":\"https:\/\/miguelcabello.com\/#\/schema\/logo\/image\/\"}}]}<\/script>\n<!-- \/ Yoast SEO plugin. -->","yoast_head_json":{"title":"pH + Hipool PQS - Piscinas Miguel Cabello Elena","robots":{"index":"index","follow":"follow","max-snippet":"max-snippet:-1","max-image-preview":"max-image-preview:large","max-video-preview":"max-video-preview:-1"},"canonical":"https:\/\/miguelcabello.com\/producto\/ph-hipool-pqs\/","og_locale":"en_US","og_type":"article","og_title":"pH + Hipool PQS - Piscinas Miguel Cabello Elena","og_description":"Incrementa el pH del agua y reduce el consumo de cloro. Evita oxidaciones de los accesorios. Con pH neutro no se producen irritaciones de la piel. Dosis: para incrementar 4 d\u00e9cimas, a\u00f1adir 1 tap\u00f3n \/ m3 de agua. El valor del pH debe estar entre 7,2 y 7,6. Formato: 1 Kg El pH es una [&hellip;]","og_url":"https:\/\/miguelcabello.com\/producto\/ph-hipool-pqs\/","og_site_name":"Piscinas Miguel Cabello Elena","article_modified_time":"2023-03-16T17:12:02+00:00","og_image":[{"width":640,"height":640,"url":"https:\/\/miguelcabello.com\/wp-content\/uploads\/2020\/03\/ph-mas-solido-1kg-hipool-miguel-cabello-piscina.jpg","type":"image\/jpeg"}],"twitter_card":"summary_large_image","twitter_misc":{"Est. reading time":"2 minutes"},"schema":{"@context":"https:\/\/schema.org","@graph":[{"@type":"WebPage","@id":"https:\/\/miguelcabello.com\/producto\/ph-hipool-pqs\/","url":"https:\/\/miguelcabello.com\/producto\/ph-hipool-pqs\/","name":"pH + Hipool PQS - Piscinas Miguel Cabello Elena","isPartOf":{"@id":"https:\/\/miguelcabello.com\/#website"},"primaryImageOfPage":{"@id":"https:\/\/miguelcabello.com\/producto\/ph-hipool-pqs\/#primaryimage"},"image":{"@id":"https:\/\/miguelcabello.com\/producto\/ph-hipool-pqs\/#primaryimage"},"thumbnailUrl":"https:\/\/miguelcabello.com\/wp-content\/uploads\/2020\/03\/ph-mas-solido-1kg-hipool-miguel-cabello-piscina.jpg","datePublished":"2020-03-23T17:06:37+00:00","dateModified":"2023-03-16T17:12:02+00:00","breadcrumb":{"@id":"https:\/\/miguelcabello.com\/producto\/ph-hipool-pqs\/#breadcrumb"},"inLanguage":"en-US","potentialAction":[{"@type":"ReadAction","target":["https:\/\/miguelcabello.com\/producto\/ph-hipool-pqs\/"]}]},{"@type":"ImageObject","inLanguage":"en-US","@id":"https:\/\/miguelcabello.com\/producto\/ph-hipool-pqs\/#primaryimage","url":"https:\/\/miguelcabello.com\/wp-content\/uploads\/2020\/03\/ph-mas-solido-1kg-hipool-miguel-cabello-piscina.jpg","contentUrl":"https:\/\/miguelcabello.com\/wp-content\/uploads\/2020\/03\/ph-mas-solido-1kg-hipool-miguel-cabello-piscina.jpg","width":640,"height":640,"caption":"ph mas solido 1kg hipool miguel cabello piscina"},{"@type":"BreadcrumbList","@id":"https:\/\/miguelcabello.com\/producto\/ph-hipool-pqs\/#breadcrumb","itemListElement":[{"@type":"ListItem","position":1,"name":"Portada","item":"https:\/\/miguelcabello.com\/en\/"},{"@type":"ListItem","position":2,"name":"Shop","item":"https:\/\/miguelcabello.com\/en\/shop-swimming-pool-products-online\/"},{"@type":"ListItem","position":3,"name":"pH + Hipool PQS"}]},{"@type":"WebSite","@id":"https:\/\/miguelcabello.com\/#website","url":"https:\/\/miguelcabello.com\/","name":"Piscinas Miguel Cabello Elena","description":"Profesionales en piscinas y recambios","publisher":{"@id":"https:\/\/miguelcabello.com\/#organization"},"potentialAction":[{"@type":"SearchAction","target":{"@type":"EntryPoint","urlTemplate":"https:\/\/miguelcabello.com\/?s={search_term_string}"},"query-input":{"@type":"PropertyValueSpecification","valueRequired":true,"valueName":"search_term_string"}}],"inLanguage":"en-US"},{"@type":"Organization","@id":"https:\/\/miguelcabello.com\/#organization","name":"Piscinas Miguel Cabello","url":"https:\/\/miguelcabello.com\/","logo":{"@type":"ImageObject","inLanguage":"en-US","@id":"https:\/\/miguelcabello.com\/#\/schema\/logo\/image\/","url":"https:\/\/miguelcabello.com\/wp-content\/uploads\/2020\/01\/Logo-Miguel-Cabello-Piscinas.png","contentUrl":"https:\/\/miguelcabello.com\/wp-content\/uploads\/2020\/01\/Logo-Miguel-Cabello-Piscinas.png","width":428,"height":41,"caption":"Piscinas Miguel Cabello"},"image":{"@id":"https:\/\/miguelcabello.com\/#\/schema\/logo\/image\/"}}]}},"_links":{"self":[{"href":"https:\/\/miguelcabello.com\/en\/wp-json\/wp\/v2\/product\/11179","targetHints":{"allow":["GET"]}}],"collection":[{"href":"https:\/\/miguelcabello.com\/en\/wp-json\/wp\/v2\/product"}],"about":[{"href":"https:\/\/miguelcabello.com\/en\/wp-json\/wp\/v2\/types\/product"}],"wp:featuredmedia":[{"embeddable":true,"href":"https:\/\/miguelcabello.com\/en\/wp-json\/wp\/v2\/media\/11180"}],"wp:attachment":[{"href":"https:\/\/miguelcabello.com\/en\/wp-json\/wp\/v2\/media?parent=11179"}],"wp:term":[{"taxonomy":"product_brand","embeddable":true,"href":"https:\/\/miguelcabello.com\/en\/wp-json\/wp\/v2\/product_brand?post=11179"},{"taxonomy":"product_cat","embeddable":true,"href":"https:\/\/miguelcabello.com\/en\/wp-json\/wp\/v2\/product_cat?post=11179"},{"taxonomy":"product_tag","embeddable":true,"href":"https:\/\/miguelcabello.com\/en\/wp-json\/wp\/v2\/product_tag?post=11179"}],"curies":[{"name":"wp","href":"https:\/\/api.w.org\/{rel}","templated":true}]}}