{"id":11173,"date":"2020-03-23T17:55:08","date_gmt":"2020-03-23T16:55:08","guid":{"rendered":"https:\/\/miguelcabello.com\/?post_type=product&#038;p=11173"},"modified":"2023-03-17T13:16:45","modified_gmt":"2023-03-17T12:16:45","slug":"limpiador-piscinas-de-poliester-o-liner-pqs","status":"publish","type":"product","link":"https:\/\/miguelcabello.com\/en\/producto\/limpiador-piscinas-de-poliester-o-liner-pqs\/","title":{"rendered":"Limpiador piscinas de Poli\u00e9ster o Liner PQS"},"content":{"rendered":"<p>Limpiador anti calc\u00e1reo y detergente especial para piscinas de poli\u00e9ster o liner. Desincrustante en\u00e9rgico. Eliminador de \u00f3xidos. No ataca el acero inoxidable.<\/p>\n<p>Modo de Empleo: Frotar la superficie a limpiar, ayudado por una esponja, brocha o cepillo de fibra sint\u00e9tica. Lavar con abundante cantidad de agua.<\/p>\n<p>Formato: 5 L<br \/>\n<script><\/script><\/p>\n","protected":false},"excerpt":{"rendered":"<p>Envase en 5 litros.<\/p>\n","protected":false},"featured_media":11174,"template":"","meta":[],"product_brand":[],"product_cat":[84,97],"product_tag":[],"class_list":{"0":"post-11173","1":"product","2":"type-product","3":"status-publish","4":"has-post-thumbnail","6":"product_cat-limpiadores","7":"product_cat-productos-especificos","8":"product_shipping_class-paquete-hasta-5kg","10":"first","11":"instock","12":"taxable","13":"shipping-taxable","14":"purchasable","15":"product-type-simple"},"bundled_by":[],"bundle_stock_status":"instock","bundle_stock_quantity":null,"bundle_virtual":false,"bundle_layout":"","bundle_add_to_cart_form_location":"","bundle_editable_in_cart":false,"bundle_sold_individually_context":"","bundle_item_grouping":"","bundle_min_size":"","bundle_max_size":"","bundle_price":[],"bundled_items":[],"bundle_sell_ids":[],"yoast_head":"<!-- This site is optimized with the Yoast SEO plugin v26.8 - https:\/\/yoast.com\/product\/yoast-seo-wordpress\/ -->\n<title>Limpiador piscinas de Poli\u00e9ster o Liner PQS - Piscinas Miguel Cabello Elena<\/title>\n<meta name=\"robots\" content=\"index, follow, max-snippet:-1, max-image-preview:large, max-video-preview:-1\" \/>\n<link rel=\"canonical\" href=\"https:\/\/miguelcabello.com\/producto\/limpiador-piscinas-de-poliester-o-liner-pqs\/\" \/>\n<meta property=\"og:locale\" content=\"en_US\" \/>\n<meta property=\"og:type\" content=\"article\" \/>\n<meta property=\"og:title\" content=\"Limpiador piscinas de Poli\u00e9ster o Liner PQS - Piscinas Miguel Cabello Elena\" \/>\n<meta property=\"og:description\" content=\"Envase en 5 litros.\" \/>\n<meta property=\"og:url\" content=\"https:\/\/miguelcabello.com\/producto\/limpiador-piscinas-de-poliester-o-liner-pqs\/\" \/>\n<meta property=\"og:site_name\" content=\"Piscinas Miguel Cabello Elena\" \/>\n<meta property=\"article:modified_time\" content=\"2023-03-17T12:16:45+00:00\" \/>\n<meta property=\"og:image\" content=\"https:\/\/miguelcabello.com\/wp-content\/uploads\/2020\/03\/limpiador-piscinas-poliester-pqs-misguel-cabello.jpg\" \/>\n\t<meta property=\"og:image:width\" content=\"640\" \/>\n\t<meta property=\"og:image:height\" content=\"640\" \/>\n\t<meta property=\"og:image:type\" content=\"image\/jpeg\" \/>\n<meta name=\"twitter:card\" content=\"summary_large_image\" \/>\n<script type=\"application\/ld+json\" class=\"yoast-schema-graph\">{\"@context\":\"https:\/\/schema.org\",\"@graph\":[{\"@type\":\"WebPage\",\"@id\":\"https:\/\/miguelcabello.com\/producto\/limpiador-piscinas-de-poliester-o-liner-pqs\/\",\"url\":\"https:\/\/miguelcabello.com\/producto\/limpiador-piscinas-de-poliester-o-liner-pqs\/\",\"name\":\"Limpiador piscinas de Poli\u00e9ster o Liner PQS - Piscinas Miguel Cabello Elena\",\"isPartOf\":{\"@id\":\"https:\/\/miguelcabello.com\/#website\"},\"primaryImageOfPage\":{\"@id\":\"https:\/\/miguelcabello.com\/producto\/limpiador-piscinas-de-poliester-o-liner-pqs\/#primaryimage\"},\"image\":{\"@id\":\"https:\/\/miguelcabello.com\/producto\/limpiador-piscinas-de-poliester-o-liner-pqs\/#primaryimage\"},\"thumbnailUrl\":\"https:\/\/miguelcabello.com\/wp-content\/uploads\/2020\/03\/limpiador-piscinas-poliester-pqs-misguel-cabello.jpg\",\"datePublished\":\"2020-03-23T16:55:08+00:00\",\"dateModified\":\"2023-03-17T12:16:45+00:00\",\"breadcrumb\":{\"@id\":\"https:\/\/miguelcabello.com\/producto\/limpiador-piscinas-de-poliester-o-liner-pqs\/#breadcrumb\"},\"inLanguage\":\"en-US\",\"potentialAction\":[{\"@type\":\"ReadAction\",\"target\":[\"https:\/\/miguelcabello.com\/producto\/limpiador-piscinas-de-poliester-o-liner-pqs\/\"]}]},{\"@type\":\"ImageObject\",\"inLanguage\":\"en-US\",\"@id\":\"https:\/\/miguelcabello.com\/producto\/limpiador-piscinas-de-poliester-o-liner-pqs\/#primaryimage\",\"url\":\"https:\/\/miguelcabello.com\/wp-content\/uploads\/2020\/03\/limpiador-piscinas-poliester-pqs-misguel-cabello.jpg\",\"contentUrl\":\"https:\/\/miguelcabello.com\/wp-content\/uploads\/2020\/03\/limpiador-piscinas-poliester-pqs-misguel-cabello.jpg\",\"width\":640,\"height\":640,\"caption\":\"limpiador piscinas poliester pqs misguel cabello\"},{\"@type\":\"BreadcrumbList\",\"@id\":\"https:\/\/miguelcabello.com\/producto\/limpiador-piscinas-de-poliester-o-liner-pqs\/#breadcrumb\",\"itemListElement\":[{\"@type\":\"ListItem\",\"position\":1,\"name\":\"Portada\",\"item\":\"https:\/\/miguelcabello.com\/en\/\"},{\"@type\":\"ListItem\",\"position\":2,\"name\":\"Shop\",\"item\":\"https:\/\/miguelcabello.com\/en\/shop-swimming-pool-products-online\/\"},{\"@type\":\"ListItem\",\"position\":3,\"name\":\"Limpiador piscinas de Poli\u00e9ster o Liner PQS\"}]},{\"@type\":\"WebSite\",\"@id\":\"https:\/\/miguelcabello.com\/#website\",\"url\":\"https:\/\/miguelcabello.com\/\",\"name\":\"Piscinas Miguel Cabello Elena\",\"description\":\"Profesionales en piscinas y recambios\",\"publisher\":{\"@id\":\"https:\/\/miguelcabello.com\/#organization\"},\"potentialAction\":[{\"@type\":\"SearchAction\",\"target\":{\"@type\":\"EntryPoint\",\"urlTemplate\":\"https:\/\/miguelcabello.com\/?s={search_term_string}\"},\"query-input\":{\"@type\":\"PropertyValueSpecification\",\"valueRequired\":true,\"valueName\":\"search_term_string\"}}],\"inLanguage\":\"en-US\"},{\"@type\":\"Organization\",\"@id\":\"https:\/\/miguelcabello.com\/#organization\",\"name\":\"Piscinas Miguel Cabello\",\"url\":\"https:\/\/miguelcabello.com\/\",\"logo\":{\"@type\":\"ImageObject\",\"inLanguage\":\"en-US\",\"@id\":\"https:\/\/miguelcabello.com\/#\/schema\/logo\/image\/\",\"url\":\"https:\/\/miguelcabello.com\/wp-content\/uploads\/2020\/01\/Logo-Miguel-Cabello-Piscinas.png\",\"contentUrl\":\"https:\/\/miguelcabello.com\/wp-content\/uploads\/2020\/01\/Logo-Miguel-Cabello-Piscinas.png\",\"width\":428,\"height\":41,\"caption\":\"Piscinas Miguel Cabello\"},\"image\":{\"@id\":\"https:\/\/miguelcabello.com\/#\/schema\/logo\/image\/\"}}]}<\/script>\n<!-- \/ Yoast SEO plugin. -->","yoast_head_json":{"title":"Limpiador piscinas de Poli\u00e9ster o Liner PQS - Piscinas Miguel Cabello Elena","robots":{"index":"index","follow":"follow","max-snippet":"max-snippet:-1","max-image-preview":"max-image-preview:large","max-video-preview":"max-video-preview:-1"},"canonical":"https:\/\/miguelcabello.com\/producto\/limpiador-piscinas-de-poliester-o-liner-pqs\/","og_locale":"en_US","og_type":"article","og_title":"Limpiador piscinas de Poli\u00e9ster o Liner PQS - Piscinas Miguel Cabello Elena","og_description":"Envase en 5 litros.","og_url":"https:\/\/miguelcabello.com\/producto\/limpiador-piscinas-de-poliester-o-liner-pqs\/","og_site_name":"Piscinas Miguel Cabello Elena","article_modified_time":"2023-03-17T12:16:45+00:00","og_image":[{"width":640,"height":640,"url":"https:\/\/miguelcabello.com\/wp-content\/uploads\/2020\/03\/limpiador-piscinas-poliester-pqs-misguel-cabello.jpg","type":"image\/jpeg"}],"twitter_card":"summary_large_image","schema":{"@context":"https:\/\/schema.org","@graph":[{"@type":"WebPage","@id":"https:\/\/miguelcabello.com\/producto\/limpiador-piscinas-de-poliester-o-liner-pqs\/","url":"https:\/\/miguelcabello.com\/producto\/limpiador-piscinas-de-poliester-o-liner-pqs\/","name":"Limpiador piscinas de Poli\u00e9ster o Liner PQS - Piscinas Miguel Cabello Elena","isPartOf":{"@id":"https:\/\/miguelcabello.com\/#website"},"primaryImageOfPage":{"@id":"https:\/\/miguelcabello.com\/producto\/limpiador-piscinas-de-poliester-o-liner-pqs\/#primaryimage"},"image":{"@id":"https:\/\/miguelcabello.com\/producto\/limpiador-piscinas-de-poliester-o-liner-pqs\/#primaryimage"},"thumbnailUrl":"https:\/\/miguelcabello.com\/wp-content\/uploads\/2020\/03\/limpiador-piscinas-poliester-pqs-misguel-cabello.jpg","datePublished":"2020-03-23T16:55:08+00:00","dateModified":"2023-03-17T12:16:45+00:00","breadcrumb":{"@id":"https:\/\/miguelcabello.com\/producto\/limpiador-piscinas-de-poliester-o-liner-pqs\/#breadcrumb"},"inLanguage":"en-US","potentialAction":[{"@type":"ReadAction","target":["https:\/\/miguelcabello.com\/producto\/limpiador-piscinas-de-poliester-o-liner-pqs\/"]}]},{"@type":"ImageObject","inLanguage":"en-US","@id":"https:\/\/miguelcabello.com\/producto\/limpiador-piscinas-de-poliester-o-liner-pqs\/#primaryimage","url":"https:\/\/miguelcabello.com\/wp-content\/uploads\/2020\/03\/limpiador-piscinas-poliester-pqs-misguel-cabello.jpg","contentUrl":"https:\/\/miguelcabello.com\/wp-content\/uploads\/2020\/03\/limpiador-piscinas-poliester-pqs-misguel-cabello.jpg","width":640,"height":640,"caption":"limpiador piscinas poliester pqs misguel cabello"},{"@type":"BreadcrumbList","@id":"https:\/\/miguelcabello.com\/producto\/limpiador-piscinas-de-poliester-o-liner-pqs\/#breadcrumb","itemListElement":[{"@type":"ListItem","position":1,"name":"Portada","item":"https:\/\/miguelcabello.com\/en\/"},{"@type":"ListItem","position":2,"name":"Shop","item":"https:\/\/miguelcabello.com\/en\/shop-swimming-pool-products-online\/"},{"@type":"ListItem","position":3,"name":"Limpiador piscinas de Poli\u00e9ster o Liner PQS"}]},{"@type":"WebSite","@id":"https:\/\/miguelcabello.com\/#website","url":"https:\/\/miguelcabello.com\/","name":"Piscinas Miguel Cabello Elena","description":"Profesionales en piscinas y recambios","publisher":{"@id":"https:\/\/miguelcabello.com\/#organization"},"potentialAction":[{"@type":"SearchAction","target":{"@type":"EntryPoint","urlTemplate":"https:\/\/miguelcabello.com\/?s={search_term_string}"},"query-input":{"@type":"PropertyValueSpecification","valueRequired":true,"valueName":"search_term_string"}}],"inLanguage":"en-US"},{"@type":"Organization","@id":"https:\/\/miguelcabello.com\/#organization","name":"Piscinas Miguel Cabello","url":"https:\/\/miguelcabello.com\/","logo":{"@type":"ImageObject","inLanguage":"en-US","@id":"https:\/\/miguelcabello.com\/#\/schema\/logo\/image\/","url":"https:\/\/miguelcabello.com\/wp-content\/uploads\/2020\/01\/Logo-Miguel-Cabello-Piscinas.png","contentUrl":"https:\/\/miguelcabello.com\/wp-content\/uploads\/2020\/01\/Logo-Miguel-Cabello-Piscinas.png","width":428,"height":41,"caption":"Piscinas Miguel Cabello"},"image":{"@id":"https:\/\/miguelcabello.com\/#\/schema\/logo\/image\/"}}]}},"_links":{"self":[{"href":"https:\/\/miguelcabello.com\/en\/wp-json\/wp\/v2\/product\/11173","targetHints":{"allow":["GET"]}}],"collection":[{"href":"https:\/\/miguelcabello.com\/en\/wp-json\/wp\/v2\/product"}],"about":[{"href":"https:\/\/miguelcabello.com\/en\/wp-json\/wp\/v2\/types\/product"}],"wp:featuredmedia":[{"embeddable":true,"href":"https:\/\/miguelcabello.com\/en\/wp-json\/wp\/v2\/media\/11174"}],"wp:attachment":[{"href":"https:\/\/miguelcabello.com\/en\/wp-json\/wp\/v2\/media?parent=11173"}],"wp:term":[{"taxonomy":"product_brand","embeddable":true,"href":"https:\/\/miguelcabello.com\/en\/wp-json\/wp\/v2\/product_brand?post=11173"},{"taxonomy":"product_cat","embeddable":true,"href":"https:\/\/miguelcabello.com\/en\/wp-json\/wp\/v2\/product_cat?post=11173"},{"taxonomy":"product_tag","embeddable":true,"href":"https:\/\/miguelcabello.com\/en\/wp-json\/wp\/v2\/product_tag?post=11173"}],"curies":[{"name":"wp","href":"https:\/\/api.w.org\/{rel}","templated":true}]}}