{"id":11096,"date":"2020-03-22T18:49:23","date_gmt":"2020-03-22T17:49:23","guid":{"rendered":"https:\/\/miguelcabello.com\/?post_type=product&#038;p=11096"},"modified":"2023-03-17T11:44:49","modified_gmt":"2023-03-17T10:44:49","slug":"fotometro-colorq-pro-7","status":"publish","type":"product","link":"https:\/\/miguelcabello.com\/en\/producto\/fotometro-colorq-pro-7\/","title":{"rendered":"Fot\u00f3metro ColorQ  PRO 7"},"content":{"rendered":"<p>Fot\u00f3metro multipar\u00e1metro, funcionamiento sencillo con un \u00fanico bot\u00f3n. Reactivos l\u00edquidos para an\u00e1lisis de cloro, bromo, pH, alcalinidad y dureza. Reactivos en tableta para an\u00e1lisis de \u00e1cido cian\u00farico, hierro y cobre. Pr\u00e1ctica maleta compacta, que incluye el fot\u00f3metro, los reactivos y los tubos de an\u00e1lisis. Diagrama a color con instrucciones de utilizaci\u00f3n paso a paso (ingl\u00e9s, espa\u00f1ol, franc\u00e9s).<\/p>\n<table class=\"tafe-table\">\n<tbody class=\"tafe-table-body\">\n<tr>\n<td class=\"elementor-repeater-item-7768fb0\">Cl libre,total \/ free,total: 0 \u2013 10 ppm<br \/>\nBr: 0 \u2013 22 ppm<br \/>\npH: 6.5 \u2013 8.5<br \/>\nAlcalinidad \/ Alkalinity: 0 \u2013 250 ppm<br \/>\nDureza C\u00e1lcica \/ Calcium hard. 0 \u2013 700 ppm<br \/>\n\u00c1cido Cian\u00farico \/ CYA: 0 \u2013 125 ppm<\/td>\n<td class=\"elementor-repeater-item-ab7af8b\">144<br \/>\n144<br \/>\n144<br \/>\n144<br \/>\n144<br \/>\n50<\/td>\n<\/tr>\n<\/tbody>\n<\/table>\n<p><script><\/script><\/p>\n","protected":false},"excerpt":{"rendered":"<p>Fot\u00f3metro multipar\u00e1metro, funcionamiento sencillo con un \u00fanico bot\u00f3n. Reactivos l\u00edquidos para an\u00e1lisis de cloro, bromo, pH, alcalinidad y dureza. Reactivos en tableta para an\u00e1lisis de \u00e1cido cian\u00farico, hierro y cobre. Pr\u00e1ctica maleta compacta, que incluye el fot\u00f3metro, los reactivos y los tubos de an\u00e1lisis. Diagrama a color con instrucciones de utilizaci\u00f3n paso a paso (ingl\u00e9s, [&hellip;]<\/p>\n","protected":false},"featured_media":11106,"template":"","meta":[],"product_brand":[],"product_cat":[70,72],"product_tag":[],"class_list":{"0":"post-11096","1":"product","2":"type-product","3":"status-publish","4":"has-post-thumbnail","6":"product_cat-analisis-del-agua","7":"product_cat-fotometros-y-medidores","8":"product_shipping_class-paquete-hasta-1kg","10":"first","11":"instock","12":"taxable","13":"shipping-taxable","14":"purchasable","15":"product-type-simple"},"bundled_by":[],"bundle_stock_status":"instock","bundle_stock_quantity":null,"bundle_virtual":false,"bundle_layout":"","bundle_add_to_cart_form_location":"","bundle_editable_in_cart":false,"bundle_sold_individually_context":"","bundle_item_grouping":"","bundle_min_size":"","bundle_max_size":"","bundle_price":[],"bundled_items":[],"bundle_sell_ids":[],"yoast_head":"<!-- This site is optimized with the Yoast SEO plugin v26.8 - https:\/\/yoast.com\/product\/yoast-seo-wordpress\/ -->\n<title>Fot\u00f3metro ColorQ PRO 7 - Piscinas Miguel Cabello Elena<\/title>\n<meta name=\"robots\" content=\"index, follow, max-snippet:-1, max-image-preview:large, max-video-preview:-1\" \/>\n<link rel=\"canonical\" href=\"https:\/\/miguelcabello.com\/producto\/fotometro-colorq-pro-7\/\" \/>\n<meta property=\"og:locale\" content=\"en_US\" \/>\n<meta property=\"og:type\" content=\"article\" \/>\n<meta property=\"og:title\" content=\"Fot\u00f3metro ColorQ PRO 7 - Piscinas Miguel Cabello Elena\" \/>\n<meta property=\"og:description\" content=\"Fot\u00f3metro multipar\u00e1metro, funcionamiento sencillo con un \u00fanico bot\u00f3n. Reactivos l\u00edquidos para an\u00e1lisis de cloro, bromo, pH, alcalinidad y dureza. Reactivos en tableta para an\u00e1lisis de \u00e1cido cian\u00farico, hierro y cobre. Pr\u00e1ctica maleta compacta, que incluye el fot\u00f3metro, los reactivos y los tubos de an\u00e1lisis. Diagrama a color con instrucciones de utilizaci\u00f3n paso a paso (ingl\u00e9s, [&hellip;]\" \/>\n<meta property=\"og:url\" content=\"https:\/\/miguelcabello.com\/producto\/fotometro-colorq-pro-7\/\" \/>\n<meta property=\"og:site_name\" content=\"Piscinas Miguel Cabello Elena\" \/>\n<meta property=\"article:modified_time\" content=\"2023-03-17T10:44:49+00:00\" \/>\n<meta property=\"og:image\" content=\"https:\/\/miguelcabello.com\/wp-content\/uploads\/2020\/03\/colorQ-PRO-7-2.jpg\" \/>\n\t<meta property=\"og:image:width\" content=\"1000\" \/>\n\t<meta property=\"og:image:height\" content=\"1000\" \/>\n\t<meta property=\"og:image:type\" content=\"image\/jpeg\" \/>\n<meta name=\"twitter:card\" content=\"summary_large_image\" \/>\n<script type=\"application\/ld+json\" class=\"yoast-schema-graph\">{\"@context\":\"https:\/\/schema.org\",\"@graph\":[{\"@type\":\"WebPage\",\"@id\":\"https:\/\/miguelcabello.com\/producto\/fotometro-colorq-pro-7\/\",\"url\":\"https:\/\/miguelcabello.com\/producto\/fotometro-colorq-pro-7\/\",\"name\":\"Fot\u00f3metro ColorQ PRO 7 - Piscinas Miguel Cabello Elena\",\"isPartOf\":{\"@id\":\"https:\/\/miguelcabello.com\/#website\"},\"primaryImageOfPage\":{\"@id\":\"https:\/\/miguelcabello.com\/producto\/fotometro-colorq-pro-7\/#primaryimage\"},\"image\":{\"@id\":\"https:\/\/miguelcabello.com\/producto\/fotometro-colorq-pro-7\/#primaryimage\"},\"thumbnailUrl\":\"https:\/\/miguelcabello.com\/wp-content\/uploads\/2020\/03\/colorQ-PRO-7-2.jpg\",\"datePublished\":\"2020-03-22T17:49:23+00:00\",\"dateModified\":\"2023-03-17T10:44:49+00:00\",\"breadcrumb\":{\"@id\":\"https:\/\/miguelcabello.com\/producto\/fotometro-colorq-pro-7\/#breadcrumb\"},\"inLanguage\":\"en-US\",\"potentialAction\":[{\"@type\":\"ReadAction\",\"target\":[\"https:\/\/miguelcabello.com\/producto\/fotometro-colorq-pro-7\/\"]}]},{\"@type\":\"ImageObject\",\"inLanguage\":\"en-US\",\"@id\":\"https:\/\/miguelcabello.com\/producto\/fotometro-colorq-pro-7\/#primaryimage\",\"url\":\"https:\/\/miguelcabello.com\/wp-content\/uploads\/2020\/03\/colorQ-PRO-7-2.jpg\",\"contentUrl\":\"https:\/\/miguelcabello.com\/wp-content\/uploads\/2020\/03\/colorQ-PRO-7-2.jpg\",\"width\":1000,\"height\":1000},{\"@type\":\"BreadcrumbList\",\"@id\":\"https:\/\/miguelcabello.com\/producto\/fotometro-colorq-pro-7\/#breadcrumb\",\"itemListElement\":[{\"@type\":\"ListItem\",\"position\":1,\"name\":\"Portada\",\"item\":\"https:\/\/miguelcabello.com\/en\/\"},{\"@type\":\"ListItem\",\"position\":2,\"name\":\"Shop\",\"item\":\"https:\/\/miguelcabello.com\/en\/shop-swimming-pool-products-online\/\"},{\"@type\":\"ListItem\",\"position\":3,\"name\":\"Fot\u00f3metro ColorQ PRO 7\"}]},{\"@type\":\"WebSite\",\"@id\":\"https:\/\/miguelcabello.com\/#website\",\"url\":\"https:\/\/miguelcabello.com\/\",\"name\":\"Piscinas Miguel Cabello Elena\",\"description\":\"Profesionales en piscinas y recambios\",\"publisher\":{\"@id\":\"https:\/\/miguelcabello.com\/#organization\"},\"potentialAction\":[{\"@type\":\"SearchAction\",\"target\":{\"@type\":\"EntryPoint\",\"urlTemplate\":\"https:\/\/miguelcabello.com\/?s={search_term_string}\"},\"query-input\":{\"@type\":\"PropertyValueSpecification\",\"valueRequired\":true,\"valueName\":\"search_term_string\"}}],\"inLanguage\":\"en-US\"},{\"@type\":\"Organization\",\"@id\":\"https:\/\/miguelcabello.com\/#organization\",\"name\":\"Piscinas Miguel Cabello\",\"url\":\"https:\/\/miguelcabello.com\/\",\"logo\":{\"@type\":\"ImageObject\",\"inLanguage\":\"en-US\",\"@id\":\"https:\/\/miguelcabello.com\/#\/schema\/logo\/image\/\",\"url\":\"https:\/\/miguelcabello.com\/wp-content\/uploads\/2020\/01\/Logo-Miguel-Cabello-Piscinas.png\",\"contentUrl\":\"https:\/\/miguelcabello.com\/wp-content\/uploads\/2020\/01\/Logo-Miguel-Cabello-Piscinas.png\",\"width\":428,\"height\":41,\"caption\":\"Piscinas Miguel Cabello\"},\"image\":{\"@id\":\"https:\/\/miguelcabello.com\/#\/schema\/logo\/image\/\"}}]}<\/script>\n<!-- \/ Yoast SEO plugin. -->","yoast_head_json":{"title":"Fot\u00f3metro ColorQ PRO 7 - Piscinas Miguel Cabello Elena","robots":{"index":"index","follow":"follow","max-snippet":"max-snippet:-1","max-image-preview":"max-image-preview:large","max-video-preview":"max-video-preview:-1"},"canonical":"https:\/\/miguelcabello.com\/producto\/fotometro-colorq-pro-7\/","og_locale":"en_US","og_type":"article","og_title":"Fot\u00f3metro ColorQ PRO 7 - Piscinas Miguel Cabello Elena","og_description":"Fot\u00f3metro multipar\u00e1metro, funcionamiento sencillo con un \u00fanico bot\u00f3n. Reactivos l\u00edquidos para an\u00e1lisis de cloro, bromo, pH, alcalinidad y dureza. Reactivos en tableta para an\u00e1lisis de \u00e1cido cian\u00farico, hierro y cobre. Pr\u00e1ctica maleta compacta, que incluye el fot\u00f3metro, los reactivos y los tubos de an\u00e1lisis. Diagrama a color con instrucciones de utilizaci\u00f3n paso a paso (ingl\u00e9s, [&hellip;]","og_url":"https:\/\/miguelcabello.com\/producto\/fotometro-colorq-pro-7\/","og_site_name":"Piscinas Miguel Cabello Elena","article_modified_time":"2023-03-17T10:44:49+00:00","og_image":[{"width":1000,"height":1000,"url":"https:\/\/miguelcabello.com\/wp-content\/uploads\/2020\/03\/colorQ-PRO-7-2.jpg","type":"image\/jpeg"}],"twitter_card":"summary_large_image","schema":{"@context":"https:\/\/schema.org","@graph":[{"@type":"WebPage","@id":"https:\/\/miguelcabello.com\/producto\/fotometro-colorq-pro-7\/","url":"https:\/\/miguelcabello.com\/producto\/fotometro-colorq-pro-7\/","name":"Fot\u00f3metro ColorQ PRO 7 - Piscinas Miguel Cabello Elena","isPartOf":{"@id":"https:\/\/miguelcabello.com\/#website"},"primaryImageOfPage":{"@id":"https:\/\/miguelcabello.com\/producto\/fotometro-colorq-pro-7\/#primaryimage"},"image":{"@id":"https:\/\/miguelcabello.com\/producto\/fotometro-colorq-pro-7\/#primaryimage"},"thumbnailUrl":"https:\/\/miguelcabello.com\/wp-content\/uploads\/2020\/03\/colorQ-PRO-7-2.jpg","datePublished":"2020-03-22T17:49:23+00:00","dateModified":"2023-03-17T10:44:49+00:00","breadcrumb":{"@id":"https:\/\/miguelcabello.com\/producto\/fotometro-colorq-pro-7\/#breadcrumb"},"inLanguage":"en-US","potentialAction":[{"@type":"ReadAction","target":["https:\/\/miguelcabello.com\/producto\/fotometro-colorq-pro-7\/"]}]},{"@type":"ImageObject","inLanguage":"en-US","@id":"https:\/\/miguelcabello.com\/producto\/fotometro-colorq-pro-7\/#primaryimage","url":"https:\/\/miguelcabello.com\/wp-content\/uploads\/2020\/03\/colorQ-PRO-7-2.jpg","contentUrl":"https:\/\/miguelcabello.com\/wp-content\/uploads\/2020\/03\/colorQ-PRO-7-2.jpg","width":1000,"height":1000},{"@type":"BreadcrumbList","@id":"https:\/\/miguelcabello.com\/producto\/fotometro-colorq-pro-7\/#breadcrumb","itemListElement":[{"@type":"ListItem","position":1,"name":"Portada","item":"https:\/\/miguelcabello.com\/en\/"},{"@type":"ListItem","position":2,"name":"Shop","item":"https:\/\/miguelcabello.com\/en\/shop-swimming-pool-products-online\/"},{"@type":"ListItem","position":3,"name":"Fot\u00f3metro ColorQ PRO 7"}]},{"@type":"WebSite","@id":"https:\/\/miguelcabello.com\/#website","url":"https:\/\/miguelcabello.com\/","name":"Piscinas Miguel Cabello Elena","description":"Profesionales en piscinas y recambios","publisher":{"@id":"https:\/\/miguelcabello.com\/#organization"},"potentialAction":[{"@type":"SearchAction","target":{"@type":"EntryPoint","urlTemplate":"https:\/\/miguelcabello.com\/?s={search_term_string}"},"query-input":{"@type":"PropertyValueSpecification","valueRequired":true,"valueName":"search_term_string"}}],"inLanguage":"en-US"},{"@type":"Organization","@id":"https:\/\/miguelcabello.com\/#organization","name":"Piscinas Miguel Cabello","url":"https:\/\/miguelcabello.com\/","logo":{"@type":"ImageObject","inLanguage":"en-US","@id":"https:\/\/miguelcabello.com\/#\/schema\/logo\/image\/","url":"https:\/\/miguelcabello.com\/wp-content\/uploads\/2020\/01\/Logo-Miguel-Cabello-Piscinas.png","contentUrl":"https:\/\/miguelcabello.com\/wp-content\/uploads\/2020\/01\/Logo-Miguel-Cabello-Piscinas.png","width":428,"height":41,"caption":"Piscinas Miguel Cabello"},"image":{"@id":"https:\/\/miguelcabello.com\/#\/schema\/logo\/image\/"}}]}},"_links":{"self":[{"href":"https:\/\/miguelcabello.com\/en\/wp-json\/wp\/v2\/product\/11096","targetHints":{"allow":["GET"]}}],"collection":[{"href":"https:\/\/miguelcabello.com\/en\/wp-json\/wp\/v2\/product"}],"about":[{"href":"https:\/\/miguelcabello.com\/en\/wp-json\/wp\/v2\/types\/product"}],"wp:featuredmedia":[{"embeddable":true,"href":"https:\/\/miguelcabello.com\/en\/wp-json\/wp\/v2\/media\/11106"}],"wp:attachment":[{"href":"https:\/\/miguelcabello.com\/en\/wp-json\/wp\/v2\/media?parent=11096"}],"wp:term":[{"taxonomy":"product_brand","embeddable":true,"href":"https:\/\/miguelcabello.com\/en\/wp-json\/wp\/v2\/product_brand?post=11096"},{"taxonomy":"product_cat","embeddable":true,"href":"https:\/\/miguelcabello.com\/en\/wp-json\/wp\/v2\/product_cat?post=11096"},{"taxonomy":"product_tag","embeddable":true,"href":"https:\/\/miguelcabello.com\/en\/wp-json\/wp\/v2\/product_tag?post=11096"}],"curies":[{"name":"wp","href":"https:\/\/api.w.org\/{rel}","templated":true}]}}