{"id":11043,"date":"2020-03-22T16:07:56","date_gmt":"2020-03-22T15:07:56","guid":{"rendered":"https:\/\/miguelcabello.com\/?post_type=product&#038;p=11043"},"modified":"2023-03-17T11:11:07","modified_gmt":"2023-03-17T10:11:07","slug":"eliminador-de-manchas-spot-remover-1l","status":"publish","type":"product","link":"https:\/\/miguelcabello.com\/en\/producto\/eliminador-de-manchas-spot-remover-1l\/","title":{"rendered":"Eliminador de Manchas, Spot Remover 0,5Kg"},"content":{"rendered":"<p>Elimina manchas adheridas en paredes y juntas, fondo y escaleras de piscina. Apto para todo tipo de superficies: gresite, liner y poli\u00e9ster. Redisuelve cualquier metal al agua, cobre, hierro, n\u00edquel, etc. Muy efectivo eliminando manchas amarillas-marronosas en piscinas de liner y poli\u00e9ster en menos de 30 min. No ataca a los componentes en acero inoxidable. Se recomienda combinar con el PM-615 ION MAGNETIC o con PM-655 COPPER OUT.<\/p>\n<p><strong>Dosis de empleo inicial: 20 g\/m3.<\/strong><\/p>\n<p>Apto para piscinas de Liner y Poli\u00e9ster<\/p>\n<p>DESCARGA:<\/p>\n<p><a href=\"https:\/\/miguelcabello.com\/wp-content\/uploads\/2020\/03\/FICHA-TECNICA-PM-665-SPOT-REMOVER.pdf\">FICHA TECNICA PM-665 SPOT REMOVER<\/a><br \/>\n<script><\/script><\/p>\n","protected":false},"excerpt":{"rendered":"<p>PM-655 Elimina las manchas al instante.<\/p>\n","protected":false},"featured_media":11046,"template":"","meta":[],"product_brand":[],"product_cat":[131,84,97,39],"product_tag":[493,206],"class_list":{"0":"post-11043","1":"product","2":"type-product","3":"status-publish","4":"has-post-thumbnail","6":"product_cat-all-stars-piscimar","7":"product_cat-limpiadores","8":"product_cat-productos-especificos","9":"product_cat-productos-quimicos","10":"product_tag-behq","11":"product_tag-piscimar","12":"product_shipping_class-paquete-hasta-1kg","14":"first","15":"instock","16":"downloadable","17":"taxable","18":"shipping-taxable","19":"purchasable","20":"product-type-simple"},"bundled_by":[],"bundle_stock_status":"instock","bundle_stock_quantity":null,"bundle_virtual":false,"bundle_layout":"","bundle_add_to_cart_form_location":"","bundle_editable_in_cart":false,"bundle_sold_individually_context":"","bundle_item_grouping":"","bundle_min_size":"","bundle_max_size":"","bundle_price":[],"bundled_items":[],"bundle_sell_ids":[],"yoast_head":"<!-- This site is optimized with the Yoast SEO plugin v26.8 - https:\/\/yoast.com\/product\/yoast-seo-wordpress\/ -->\n<title>Eliminador de Manchas, Spot Remover 0,5Kg - Piscinas Miguel Cabello Elena<\/title>\n<meta name=\"robots\" content=\"index, follow, max-snippet:-1, max-image-preview:large, max-video-preview:-1\" \/>\n<link rel=\"canonical\" href=\"https:\/\/miguelcabello.com\/producto\/eliminador-de-manchas-spot-remover-1l\/\" \/>\n<meta property=\"og:locale\" content=\"en_US\" \/>\n<meta property=\"og:type\" content=\"article\" \/>\n<meta property=\"og:title\" content=\"Eliminador de Manchas, Spot Remover 0,5Kg - Piscinas Miguel Cabello Elena\" \/>\n<meta property=\"og:description\" content=\"PM-655 Elimina las manchas al instante.\" \/>\n<meta property=\"og:url\" content=\"https:\/\/miguelcabello.com\/producto\/eliminador-de-manchas-spot-remover-1l\/\" \/>\n<meta property=\"og:site_name\" content=\"Piscinas Miguel Cabello Elena\" \/>\n<meta property=\"article:modified_time\" content=\"2023-03-17T10:11:07+00:00\" \/>\n<meta property=\"og:image\" content=\"https:\/\/miguelcabello.com\/wp-content\/uploads\/2020\/03\/pm-665-spot-remover.jpg\" \/>\n\t<meta property=\"og:image:width\" content=\"1000\" \/>\n\t<meta property=\"og:image:height\" content=\"1000\" \/>\n\t<meta property=\"og:image:type\" content=\"image\/jpeg\" \/>\n<meta name=\"twitter:card\" content=\"summary_large_image\" \/>\n<meta name=\"twitter:label1\" content=\"Est. reading time\" \/>\n\t<meta name=\"twitter:data1\" content=\"1 minute\" \/>\n<script type=\"application\/ld+json\" class=\"yoast-schema-graph\">{\"@context\":\"https:\/\/schema.org\",\"@graph\":[{\"@type\":\"WebPage\",\"@id\":\"https:\/\/miguelcabello.com\/producto\/eliminador-de-manchas-spot-remover-1l\/\",\"url\":\"https:\/\/miguelcabello.com\/producto\/eliminador-de-manchas-spot-remover-1l\/\",\"name\":\"Eliminador de Manchas, Spot Remover 0,5Kg - Piscinas Miguel Cabello Elena\",\"isPartOf\":{\"@id\":\"https:\/\/miguelcabello.com\/#website\"},\"primaryImageOfPage\":{\"@id\":\"https:\/\/miguelcabello.com\/producto\/eliminador-de-manchas-spot-remover-1l\/#primaryimage\"},\"image\":{\"@id\":\"https:\/\/miguelcabello.com\/producto\/eliminador-de-manchas-spot-remover-1l\/#primaryimage\"},\"thumbnailUrl\":\"https:\/\/miguelcabello.com\/wp-content\/uploads\/2020\/03\/pm-665-spot-remover.jpg\",\"datePublished\":\"2020-03-22T15:07:56+00:00\",\"dateModified\":\"2023-03-17T10:11:07+00:00\",\"breadcrumb\":{\"@id\":\"https:\/\/miguelcabello.com\/producto\/eliminador-de-manchas-spot-remover-1l\/#breadcrumb\"},\"inLanguage\":\"en-US\",\"potentialAction\":[{\"@type\":\"ReadAction\",\"target\":[\"https:\/\/miguelcabello.com\/producto\/eliminador-de-manchas-spot-remover-1l\/\"]}]},{\"@type\":\"ImageObject\",\"inLanguage\":\"en-US\",\"@id\":\"https:\/\/miguelcabello.com\/producto\/eliminador-de-manchas-spot-remover-1l\/#primaryimage\",\"url\":\"https:\/\/miguelcabello.com\/wp-content\/uploads\/2020\/03\/pm-665-spot-remover.jpg\",\"contentUrl\":\"https:\/\/miguelcabello.com\/wp-content\/uploads\/2020\/03\/pm-665-spot-remover.jpg\",\"width\":1000,\"height\":1000,\"caption\":\"pm-665-spot-remover eliminador manchas al intante piscina\"},{\"@type\":\"BreadcrumbList\",\"@id\":\"https:\/\/miguelcabello.com\/producto\/eliminador-de-manchas-spot-remover-1l\/#breadcrumb\",\"itemListElement\":[{\"@type\":\"ListItem\",\"position\":1,\"name\":\"Portada\",\"item\":\"https:\/\/miguelcabello.com\/en\/\"},{\"@type\":\"ListItem\",\"position\":2,\"name\":\"Shop\",\"item\":\"https:\/\/miguelcabello.com\/en\/shop-swimming-pool-products-online\/\"},{\"@type\":\"ListItem\",\"position\":3,\"name\":\"Eliminador de Manchas, Spot Remover 0,5Kg\"}]},{\"@type\":\"WebSite\",\"@id\":\"https:\/\/miguelcabello.com\/#website\",\"url\":\"https:\/\/miguelcabello.com\/\",\"name\":\"Piscinas Miguel Cabello Elena\",\"description\":\"Profesionales en piscinas y recambios\",\"publisher\":{\"@id\":\"https:\/\/miguelcabello.com\/#organization\"},\"potentialAction\":[{\"@type\":\"SearchAction\",\"target\":{\"@type\":\"EntryPoint\",\"urlTemplate\":\"https:\/\/miguelcabello.com\/?s={search_term_string}\"},\"query-input\":{\"@type\":\"PropertyValueSpecification\",\"valueRequired\":true,\"valueName\":\"search_term_string\"}}],\"inLanguage\":\"en-US\"},{\"@type\":\"Organization\",\"@id\":\"https:\/\/miguelcabello.com\/#organization\",\"name\":\"Piscinas Miguel Cabello\",\"url\":\"https:\/\/miguelcabello.com\/\",\"logo\":{\"@type\":\"ImageObject\",\"inLanguage\":\"en-US\",\"@id\":\"https:\/\/miguelcabello.com\/#\/schema\/logo\/image\/\",\"url\":\"https:\/\/miguelcabello.com\/wp-content\/uploads\/2020\/01\/Logo-Miguel-Cabello-Piscinas.png\",\"contentUrl\":\"https:\/\/miguelcabello.com\/wp-content\/uploads\/2020\/01\/Logo-Miguel-Cabello-Piscinas.png\",\"width\":428,\"height\":41,\"caption\":\"Piscinas Miguel Cabello\"},\"image\":{\"@id\":\"https:\/\/miguelcabello.com\/#\/schema\/logo\/image\/\"}}]}<\/script>\n<!-- \/ Yoast SEO plugin. -->","yoast_head_json":{"title":"Eliminador de Manchas, Spot Remover 0,5Kg - Piscinas Miguel Cabello Elena","robots":{"index":"index","follow":"follow","max-snippet":"max-snippet:-1","max-image-preview":"max-image-preview:large","max-video-preview":"max-video-preview:-1"},"canonical":"https:\/\/miguelcabello.com\/producto\/eliminador-de-manchas-spot-remover-1l\/","og_locale":"en_US","og_type":"article","og_title":"Eliminador de Manchas, Spot Remover 0,5Kg - Piscinas Miguel Cabello Elena","og_description":"PM-655 Elimina las manchas al instante.","og_url":"https:\/\/miguelcabello.com\/producto\/eliminador-de-manchas-spot-remover-1l\/","og_site_name":"Piscinas Miguel Cabello Elena","article_modified_time":"2023-03-17T10:11:07+00:00","og_image":[{"width":1000,"height":1000,"url":"https:\/\/miguelcabello.com\/wp-content\/uploads\/2020\/03\/pm-665-spot-remover.jpg","type":"image\/jpeg"}],"twitter_card":"summary_large_image","twitter_misc":{"Est. reading time":"1 minute"},"schema":{"@context":"https:\/\/schema.org","@graph":[{"@type":"WebPage","@id":"https:\/\/miguelcabello.com\/producto\/eliminador-de-manchas-spot-remover-1l\/","url":"https:\/\/miguelcabello.com\/producto\/eliminador-de-manchas-spot-remover-1l\/","name":"Eliminador de Manchas, Spot Remover 0,5Kg - Piscinas Miguel Cabello Elena","isPartOf":{"@id":"https:\/\/miguelcabello.com\/#website"},"primaryImageOfPage":{"@id":"https:\/\/miguelcabello.com\/producto\/eliminador-de-manchas-spot-remover-1l\/#primaryimage"},"image":{"@id":"https:\/\/miguelcabello.com\/producto\/eliminador-de-manchas-spot-remover-1l\/#primaryimage"},"thumbnailUrl":"https:\/\/miguelcabello.com\/wp-content\/uploads\/2020\/03\/pm-665-spot-remover.jpg","datePublished":"2020-03-22T15:07:56+00:00","dateModified":"2023-03-17T10:11:07+00:00","breadcrumb":{"@id":"https:\/\/miguelcabello.com\/producto\/eliminador-de-manchas-spot-remover-1l\/#breadcrumb"},"inLanguage":"en-US","potentialAction":[{"@type":"ReadAction","target":["https:\/\/miguelcabello.com\/producto\/eliminador-de-manchas-spot-remover-1l\/"]}]},{"@type":"ImageObject","inLanguage":"en-US","@id":"https:\/\/miguelcabello.com\/producto\/eliminador-de-manchas-spot-remover-1l\/#primaryimage","url":"https:\/\/miguelcabello.com\/wp-content\/uploads\/2020\/03\/pm-665-spot-remover.jpg","contentUrl":"https:\/\/miguelcabello.com\/wp-content\/uploads\/2020\/03\/pm-665-spot-remover.jpg","width":1000,"height":1000,"caption":"pm-665-spot-remover eliminador manchas al intante piscina"},{"@type":"BreadcrumbList","@id":"https:\/\/miguelcabello.com\/producto\/eliminador-de-manchas-spot-remover-1l\/#breadcrumb","itemListElement":[{"@type":"ListItem","position":1,"name":"Portada","item":"https:\/\/miguelcabello.com\/en\/"},{"@type":"ListItem","position":2,"name":"Shop","item":"https:\/\/miguelcabello.com\/en\/shop-swimming-pool-products-online\/"},{"@type":"ListItem","position":3,"name":"Eliminador de Manchas, Spot Remover 0,5Kg"}]},{"@type":"WebSite","@id":"https:\/\/miguelcabello.com\/#website","url":"https:\/\/miguelcabello.com\/","name":"Piscinas Miguel Cabello Elena","description":"Profesionales en piscinas y recambios","publisher":{"@id":"https:\/\/miguelcabello.com\/#organization"},"potentialAction":[{"@type":"SearchAction","target":{"@type":"EntryPoint","urlTemplate":"https:\/\/miguelcabello.com\/?s={search_term_string}"},"query-input":{"@type":"PropertyValueSpecification","valueRequired":true,"valueName":"search_term_string"}}],"inLanguage":"en-US"},{"@type":"Organization","@id":"https:\/\/miguelcabello.com\/#organization","name":"Piscinas Miguel Cabello","url":"https:\/\/miguelcabello.com\/","logo":{"@type":"ImageObject","inLanguage":"en-US","@id":"https:\/\/miguelcabello.com\/#\/schema\/logo\/image\/","url":"https:\/\/miguelcabello.com\/wp-content\/uploads\/2020\/01\/Logo-Miguel-Cabello-Piscinas.png","contentUrl":"https:\/\/miguelcabello.com\/wp-content\/uploads\/2020\/01\/Logo-Miguel-Cabello-Piscinas.png","width":428,"height":41,"caption":"Piscinas Miguel Cabello"},"image":{"@id":"https:\/\/miguelcabello.com\/#\/schema\/logo\/image\/"}}]}},"_links":{"self":[{"href":"https:\/\/miguelcabello.com\/en\/wp-json\/wp\/v2\/product\/11043","targetHints":{"allow":["GET"]}}],"collection":[{"href":"https:\/\/miguelcabello.com\/en\/wp-json\/wp\/v2\/product"}],"about":[{"href":"https:\/\/miguelcabello.com\/en\/wp-json\/wp\/v2\/types\/product"}],"wp:featuredmedia":[{"embeddable":true,"href":"https:\/\/miguelcabello.com\/en\/wp-json\/wp\/v2\/media\/11046"}],"wp:attachment":[{"href":"https:\/\/miguelcabello.com\/en\/wp-json\/wp\/v2\/media?parent=11043"}],"wp:term":[{"taxonomy":"product_brand","embeddable":true,"href":"https:\/\/miguelcabello.com\/en\/wp-json\/wp\/v2\/product_brand?post=11043"},{"taxonomy":"product_cat","embeddable":true,"href":"https:\/\/miguelcabello.com\/en\/wp-json\/wp\/v2\/product_cat?post=11043"},{"taxonomy":"product_tag","embeddable":true,"href":"https:\/\/miguelcabello.com\/en\/wp-json\/wp\/v2\/product_tag?post=11043"}],"curies":[{"name":"wp","href":"https:\/\/api.w.org\/{rel}","templated":true}]}}