{"id":10996,"date":"2020-03-21T19:17:08","date_gmt":"2020-03-21T18:17:08","guid":{"rendered":"https:\/\/miguelcabello.com\/?post_type=product&#038;p=10996"},"modified":"2023-03-17T10:58:51","modified_gmt":"2023-03-17T09:58:51","slug":"super-abrillantador-de-accion-ultra-rapida-ultra-clear-1l","status":"publish","type":"product","link":"https:\/\/miguelcabello.com\/en\/producto\/super-abrillantador-de-accion-ultra-rapida-ultra-clear-1l\/","title":{"rendered":"Super abrillantador de acci\u00f3n ultra r\u00e1pida, Ultra  Clear 1L."},"content":{"rendered":"<p>Producto especialmente indicado para la recuperaci\u00f3n r\u00e1pida de aguas turbias o con mucha carga de materia org\u00e1nica. Elimina enzim\u00e1ticamente las algas muertas biodegrad\u00e1ndolas sin saturar el filtro. Previene la formaci\u00f3n de suciedad en la l\u00ednea de flotaci\u00f3n y biodegrada la grasa y materia org\u00e1nica que pueda haberse acumulado en el filtro. Compatible con cualquier sistema de desinfecci\u00f3n (cloro, bromo, ox\u00edgeno, \u2026). Ideal para spas y piscinas climatizadas. Compatible con todo tipo de sistemas de filtraci\u00f3n (Vidromar, s\u00edlex, diatomea, cartuchos, zeolitas, etc\u2026).<\/p>\n<div class=\"elementor-element elementor-element-74d732b elementor-widget elementor-widget-theme-post-content\" data-id=\"74d732b\" data-element_type=\"widget\" data-widget_type=\"theme-post-content.default\">\n<div class=\"elementor-widget-container\">\n<p><strong>Dosis de empleo: 0,75 L\/ 100 m3.<\/strong><\/p>\n<\/div>\n<\/div>\n<div class=\"elementor-element elementor-element-58ffee2 elementor-widget elementor-widget-heading\" data-id=\"58ffee2\" data-element_type=\"widget\" data-widget_type=\"heading.default\">\n<div class=\"elementor-widget-container\"><span class=\"elementor-heading-title elementor-size-default\">Apto para piscinas de:<\/span><\/div>\n<\/div>\n<div class=\"elementor-element elementor-element-3decc4b elementor-widget elementor-widget-heading\" data-id=\"3decc4b\" data-element_type=\"widget\" data-widget_type=\"heading.default\">\n<div class=\"elementor-widget-container\"><span class=\"elementor-heading-title elementor-size-default\">Liner y Poli\u00e9ster<\/span><\/div>\n<div><\/div>\n<div><strong>DESCARGA:<\/strong><\/div>\n<div><a href=\"https:\/\/miguelcabello.com\/wp-content\/uploads\/2020\/03\/FICHA-TECNICA-PM-643-ULTRA-CLEAR.pdf\">FICHA TECNICA PM-643 ULTRA CLEAR<\/a><\/div>\n<\/div>\n<p><script><\/script><\/p>\n","protected":false},"excerpt":{"rendered":"<p>PM-643 Elimina r\u00e1pidamente la turbidez y todo tipo de materia org\u00e1nica.<\/p>\n","protected":false},"featured_media":10999,"template":"","meta":[],"product_brand":[],"product_cat":[131,81,97,39],"product_tag":[493,206],"class_list":{"0":"post-10996","1":"product","2":"type-product","3":"status-publish","4":"has-post-thumbnail","6":"product_cat-all-stars-piscimar","7":"product_cat-floculantes-y-clarificantes","8":"product_cat-productos-especificos","9":"product_cat-productos-quimicos","10":"product_tag-behq","11":"product_tag-piscimar","12":"product_shipping_class-paquete-hasta-1kg","14":"first","15":"instock","16":"downloadable","17":"taxable","18":"shipping-taxable","19":"purchasable","20":"product-type-simple"},"bundled_by":[],"bundle_stock_status":"instock","bundle_stock_quantity":null,"bundle_virtual":false,"bundle_layout":"","bundle_add_to_cart_form_location":"","bundle_editable_in_cart":false,"bundle_sold_individually_context":"","bundle_item_grouping":"","bundle_min_size":"","bundle_max_size":"","bundle_price":[],"bundled_items":[],"bundle_sell_ids":[],"yoast_head":"<!-- This site is optimized with the Yoast SEO plugin v26.8 - https:\/\/yoast.com\/product\/yoast-seo-wordpress\/ -->\n<title>Super abrillantador de acci\u00f3n ultra r\u00e1pida, Ultra Clear 1L. - Piscinas Miguel Cabello Elena<\/title>\n<meta name=\"robots\" content=\"index, follow, max-snippet:-1, max-image-preview:large, max-video-preview:-1\" \/>\n<link rel=\"canonical\" href=\"https:\/\/miguelcabello.com\/producto\/super-abrillantador-de-accion-ultra-rapida-ultra-clear-1l\/\" \/>\n<meta property=\"og:locale\" content=\"en_US\" \/>\n<meta property=\"og:type\" content=\"article\" \/>\n<meta property=\"og:title\" content=\"Super abrillantador de acci\u00f3n ultra r\u00e1pida, Ultra Clear 1L. - Piscinas Miguel Cabello Elena\" \/>\n<meta property=\"og:description\" content=\"PM-643 Elimina r\u00e1pidamente la turbidez y todo tipo de materia org\u00e1nica.\" \/>\n<meta property=\"og:url\" content=\"https:\/\/miguelcabello.com\/producto\/super-abrillantador-de-accion-ultra-rapida-ultra-clear-1l\/\" \/>\n<meta property=\"og:site_name\" content=\"Piscinas Miguel Cabello Elena\" \/>\n<meta property=\"article:modified_time\" content=\"2023-03-17T09:58:51+00:00\" \/>\n<meta property=\"og:image\" content=\"https:\/\/miguelcabello.com\/wp-content\/uploads\/2020\/03\/pm-643-ultra-clear.jpg\" \/>\n\t<meta property=\"og:image:width\" content=\"1000\" \/>\n\t<meta property=\"og:image:height\" content=\"1000\" \/>\n\t<meta property=\"og:image:type\" content=\"image\/jpeg\" \/>\n<meta name=\"twitter:card\" content=\"summary_large_image\" \/>\n<meta name=\"twitter:label1\" content=\"Est. reading time\" \/>\n\t<meta name=\"twitter:data1\" content=\"1 minute\" \/>\n<script type=\"application\/ld+json\" class=\"yoast-schema-graph\">{\"@context\":\"https:\/\/schema.org\",\"@graph\":[{\"@type\":\"WebPage\",\"@id\":\"https:\/\/miguelcabello.com\/producto\/super-abrillantador-de-accion-ultra-rapida-ultra-clear-1l\/\",\"url\":\"https:\/\/miguelcabello.com\/producto\/super-abrillantador-de-accion-ultra-rapida-ultra-clear-1l\/\",\"name\":\"Super abrillantador de acci\u00f3n ultra r\u00e1pida, Ultra Clear 1L. - Piscinas Miguel Cabello Elena\",\"isPartOf\":{\"@id\":\"https:\/\/miguelcabello.com\/#website\"},\"primaryImageOfPage\":{\"@id\":\"https:\/\/miguelcabello.com\/producto\/super-abrillantador-de-accion-ultra-rapida-ultra-clear-1l\/#primaryimage\"},\"image\":{\"@id\":\"https:\/\/miguelcabello.com\/producto\/super-abrillantador-de-accion-ultra-rapida-ultra-clear-1l\/#primaryimage\"},\"thumbnailUrl\":\"https:\/\/miguelcabello.com\/wp-content\/uploads\/2020\/03\/pm-643-ultra-clear.jpg\",\"datePublished\":\"2020-03-21T18:17:08+00:00\",\"dateModified\":\"2023-03-17T09:58:51+00:00\",\"breadcrumb\":{\"@id\":\"https:\/\/miguelcabello.com\/producto\/super-abrillantador-de-accion-ultra-rapida-ultra-clear-1l\/#breadcrumb\"},\"inLanguage\":\"en-US\",\"potentialAction\":[{\"@type\":\"ReadAction\",\"target\":[\"https:\/\/miguelcabello.com\/producto\/super-abrillantador-de-accion-ultra-rapida-ultra-clear-1l\/\"]}]},{\"@type\":\"ImageObject\",\"inLanguage\":\"en-US\",\"@id\":\"https:\/\/miguelcabello.com\/producto\/super-abrillantador-de-accion-ultra-rapida-ultra-clear-1l\/#primaryimage\",\"url\":\"https:\/\/miguelcabello.com\/wp-content\/uploads\/2020\/03\/pm-643-ultra-clear.jpg\",\"contentUrl\":\"https:\/\/miguelcabello.com\/wp-content\/uploads\/2020\/03\/pm-643-ultra-clear.jpg\",\"width\":1000,\"height\":1000},{\"@type\":\"BreadcrumbList\",\"@id\":\"https:\/\/miguelcabello.com\/producto\/super-abrillantador-de-accion-ultra-rapida-ultra-clear-1l\/#breadcrumb\",\"itemListElement\":[{\"@type\":\"ListItem\",\"position\":1,\"name\":\"Portada\",\"item\":\"https:\/\/miguelcabello.com\/en\/\"},{\"@type\":\"ListItem\",\"position\":2,\"name\":\"Shop\",\"item\":\"https:\/\/miguelcabello.com\/en\/shop-swimming-pool-products-online\/\"},{\"@type\":\"ListItem\",\"position\":3,\"name\":\"Super abrillantador de acci\u00f3n ultra r\u00e1pida, Ultra Clear 1L.\"}]},{\"@type\":\"WebSite\",\"@id\":\"https:\/\/miguelcabello.com\/#website\",\"url\":\"https:\/\/miguelcabello.com\/\",\"name\":\"Piscinas Miguel Cabello Elena\",\"description\":\"Profesionales en piscinas y recambios\",\"publisher\":{\"@id\":\"https:\/\/miguelcabello.com\/#organization\"},\"potentialAction\":[{\"@type\":\"SearchAction\",\"target\":{\"@type\":\"EntryPoint\",\"urlTemplate\":\"https:\/\/miguelcabello.com\/?s={search_term_string}\"},\"query-input\":{\"@type\":\"PropertyValueSpecification\",\"valueRequired\":true,\"valueName\":\"search_term_string\"}}],\"inLanguage\":\"en-US\"},{\"@type\":\"Organization\",\"@id\":\"https:\/\/miguelcabello.com\/#organization\",\"name\":\"Piscinas Miguel Cabello\",\"url\":\"https:\/\/miguelcabello.com\/\",\"logo\":{\"@type\":\"ImageObject\",\"inLanguage\":\"en-US\",\"@id\":\"https:\/\/miguelcabello.com\/#\/schema\/logo\/image\/\",\"url\":\"https:\/\/miguelcabello.com\/wp-content\/uploads\/2020\/01\/Logo-Miguel-Cabello-Piscinas.png\",\"contentUrl\":\"https:\/\/miguelcabello.com\/wp-content\/uploads\/2020\/01\/Logo-Miguel-Cabello-Piscinas.png\",\"width\":428,\"height\":41,\"caption\":\"Piscinas Miguel Cabello\"},\"image\":{\"@id\":\"https:\/\/miguelcabello.com\/#\/schema\/logo\/image\/\"}}]}<\/script>\n<!-- \/ Yoast SEO plugin. -->","yoast_head_json":{"title":"Super abrillantador de acci\u00f3n ultra r\u00e1pida, Ultra Clear 1L. - Piscinas Miguel Cabello Elena","robots":{"index":"index","follow":"follow","max-snippet":"max-snippet:-1","max-image-preview":"max-image-preview:large","max-video-preview":"max-video-preview:-1"},"canonical":"https:\/\/miguelcabello.com\/producto\/super-abrillantador-de-accion-ultra-rapida-ultra-clear-1l\/","og_locale":"en_US","og_type":"article","og_title":"Super abrillantador de acci\u00f3n ultra r\u00e1pida, Ultra Clear 1L. - Piscinas Miguel Cabello Elena","og_description":"PM-643 Elimina r\u00e1pidamente la turbidez y todo tipo de materia org\u00e1nica.","og_url":"https:\/\/miguelcabello.com\/producto\/super-abrillantador-de-accion-ultra-rapida-ultra-clear-1l\/","og_site_name":"Piscinas Miguel Cabello Elena","article_modified_time":"2023-03-17T09:58:51+00:00","og_image":[{"width":1000,"height":1000,"url":"https:\/\/miguelcabello.com\/wp-content\/uploads\/2020\/03\/pm-643-ultra-clear.jpg","type":"image\/jpeg"}],"twitter_card":"summary_large_image","twitter_misc":{"Est. reading time":"1 minute"},"schema":{"@context":"https:\/\/schema.org","@graph":[{"@type":"WebPage","@id":"https:\/\/miguelcabello.com\/producto\/super-abrillantador-de-accion-ultra-rapida-ultra-clear-1l\/","url":"https:\/\/miguelcabello.com\/producto\/super-abrillantador-de-accion-ultra-rapida-ultra-clear-1l\/","name":"Super abrillantador de acci\u00f3n ultra r\u00e1pida, Ultra Clear 1L. - Piscinas Miguel Cabello Elena","isPartOf":{"@id":"https:\/\/miguelcabello.com\/#website"},"primaryImageOfPage":{"@id":"https:\/\/miguelcabello.com\/producto\/super-abrillantador-de-accion-ultra-rapida-ultra-clear-1l\/#primaryimage"},"image":{"@id":"https:\/\/miguelcabello.com\/producto\/super-abrillantador-de-accion-ultra-rapida-ultra-clear-1l\/#primaryimage"},"thumbnailUrl":"https:\/\/miguelcabello.com\/wp-content\/uploads\/2020\/03\/pm-643-ultra-clear.jpg","datePublished":"2020-03-21T18:17:08+00:00","dateModified":"2023-03-17T09:58:51+00:00","breadcrumb":{"@id":"https:\/\/miguelcabello.com\/producto\/super-abrillantador-de-accion-ultra-rapida-ultra-clear-1l\/#breadcrumb"},"inLanguage":"en-US","potentialAction":[{"@type":"ReadAction","target":["https:\/\/miguelcabello.com\/producto\/super-abrillantador-de-accion-ultra-rapida-ultra-clear-1l\/"]}]},{"@type":"ImageObject","inLanguage":"en-US","@id":"https:\/\/miguelcabello.com\/producto\/super-abrillantador-de-accion-ultra-rapida-ultra-clear-1l\/#primaryimage","url":"https:\/\/miguelcabello.com\/wp-content\/uploads\/2020\/03\/pm-643-ultra-clear.jpg","contentUrl":"https:\/\/miguelcabello.com\/wp-content\/uploads\/2020\/03\/pm-643-ultra-clear.jpg","width":1000,"height":1000},{"@type":"BreadcrumbList","@id":"https:\/\/miguelcabello.com\/producto\/super-abrillantador-de-accion-ultra-rapida-ultra-clear-1l\/#breadcrumb","itemListElement":[{"@type":"ListItem","position":1,"name":"Portada","item":"https:\/\/miguelcabello.com\/en\/"},{"@type":"ListItem","position":2,"name":"Shop","item":"https:\/\/miguelcabello.com\/en\/shop-swimming-pool-products-online\/"},{"@type":"ListItem","position":3,"name":"Super abrillantador de acci\u00f3n ultra r\u00e1pida, Ultra Clear 1L."}]},{"@type":"WebSite","@id":"https:\/\/miguelcabello.com\/#website","url":"https:\/\/miguelcabello.com\/","name":"Piscinas Miguel Cabello Elena","description":"Profesionales en piscinas y recambios","publisher":{"@id":"https:\/\/miguelcabello.com\/#organization"},"potentialAction":[{"@type":"SearchAction","target":{"@type":"EntryPoint","urlTemplate":"https:\/\/miguelcabello.com\/?s={search_term_string}"},"query-input":{"@type":"PropertyValueSpecification","valueRequired":true,"valueName":"search_term_string"}}],"inLanguage":"en-US"},{"@type":"Organization","@id":"https:\/\/miguelcabello.com\/#organization","name":"Piscinas Miguel Cabello","url":"https:\/\/miguelcabello.com\/","logo":{"@type":"ImageObject","inLanguage":"en-US","@id":"https:\/\/miguelcabello.com\/#\/schema\/logo\/image\/","url":"https:\/\/miguelcabello.com\/wp-content\/uploads\/2020\/01\/Logo-Miguel-Cabello-Piscinas.png","contentUrl":"https:\/\/miguelcabello.com\/wp-content\/uploads\/2020\/01\/Logo-Miguel-Cabello-Piscinas.png","width":428,"height":41,"caption":"Piscinas Miguel Cabello"},"image":{"@id":"https:\/\/miguelcabello.com\/#\/schema\/logo\/image\/"}}]}},"_links":{"self":[{"href":"https:\/\/miguelcabello.com\/en\/wp-json\/wp\/v2\/product\/10996","targetHints":{"allow":["GET"]}}],"collection":[{"href":"https:\/\/miguelcabello.com\/en\/wp-json\/wp\/v2\/product"}],"about":[{"href":"https:\/\/miguelcabello.com\/en\/wp-json\/wp\/v2\/types\/product"}],"wp:featuredmedia":[{"embeddable":true,"href":"https:\/\/miguelcabello.com\/en\/wp-json\/wp\/v2\/media\/10999"}],"wp:attachment":[{"href":"https:\/\/miguelcabello.com\/en\/wp-json\/wp\/v2\/media?parent=10996"}],"wp:term":[{"taxonomy":"product_brand","embeddable":true,"href":"https:\/\/miguelcabello.com\/en\/wp-json\/wp\/v2\/product_brand?post=10996"},{"taxonomy":"product_cat","embeddable":true,"href":"https:\/\/miguelcabello.com\/en\/wp-json\/wp\/v2\/product_cat?post=10996"},{"taxonomy":"product_tag","embeddable":true,"href":"https:\/\/miguelcabello.com\/en\/wp-json\/wp\/v2\/product_tag?post=10996"}],"curies":[{"name":"wp","href":"https:\/\/api.w.org\/{rel}","templated":true}]}}