{"id":10977,"date":"2020-03-21T18:01:06","date_gmt":"2020-03-21T17:01:06","guid":{"rendered":"https:\/\/miguelcabello.com\/?post_type=product&#038;p=10977"},"modified":"2023-03-17T10:53:58","modified_gmt":"2023-03-17T09:53:58","slug":"protector-y-potenciador-electrolisis-salina-save-cell-6l","status":"publish","type":"product","link":"https:\/\/miguelcabello.com\/en\/producto\/protector-y-potenciador-electrolisis-salina-save-cell-6l\/","title":{"rendered":"Protector y  Potenciador Electr\u00f3lisis salina, Save Cell 6L."},"content":{"rendered":"<div class=\"elementor-element elementor-element-74d732b elementor-widget elementor-widget-theme-post-content\" data-id=\"74d732b\" data-element_type=\"widget\" data-widget_type=\"theme-post-content.default\">\n<div class=\"elementor-widget-container\">\n<p>Producto multifuncional ideal para la puesta en marcha y mantenimiento del agua con electr\u00f3lisis salina, protege la c\u00e9lula de incrustaciones, elimina fosfatos y clarifica el agua. Alarga la vida \u00fatil de la c\u00e9lula, reduce el consumo de agua y electricidad y mejora la producci\u00f3n desinfectante, por consiguiente, genera un ahorro econ\u00f3mico importante y un mantenimiento de la piscina m\u00e1s sencillo. Se puede usar tanto en equipos residenciales como industriales.<\/p>\n<p><b>Dosis de empleo inicial\/cada 2 meses: 1L\/10 m\u00b3<\/b><\/p>\n<\/div>\n<\/div>\n<div class=\"elementor-element elementor-element-58ffee2 elementor-widget elementor-widget-heading\" data-id=\"58ffee2\" data-element_type=\"widget\" data-widget_type=\"heading.default\">\n<div class=\"elementor-widget-container\"><span class=\"elementor-heading-title elementor-size-default\">Informaci\u00f3n adicional<\/span><\/div>\n<\/div>\n<div class=\"elementor-element elementor-element-3decc4b elementor-widget elementor-widget-heading\" data-id=\"3decc4b\" data-element_type=\"widget\" data-widget_type=\"heading.default\">\n<div class=\"elementor-widget-container\"><span class=\"elementor-heading-title elementor-size-default\">Liner y Poli\u00e9ster, Electr\u00f3lisis Salina<\/span><\/div>\n<\/div>\n<div class=\"elementor-widget-container\"><\/div>\n<div><\/div>\n<div><strong>Descargar:<\/strong><\/div>\n<div><a href=\"https:\/\/miguelcabello.com\/wp-content\/uploads\/2020\/03\/FICHA-T\u00c9CNICA-SAVE-CELL.pdf\">FICHA T\u00c9CNICA SAVE CELL<\/a><\/div>\n<p><script><\/script><\/p>\n","protected":false},"excerpt":{"rendered":"<p>PM-695 Mejora el rendimiento y alarga la vida de su clorador salino.<\/p>\n","protected":false},"featured_media":6371,"template":"","meta":[],"product_brand":[],"product_cat":[131,99,97,39],"product_tag":[493,206],"class_list":{"0":"post-10977","1":"product","2":"type-product","3":"status-publish","4":"has-post-thumbnail","6":"product_cat-all-stars-piscimar","7":"product_cat-productos-para-cloradores","8":"product_cat-productos-especificos","9":"product_cat-productos-quimicos","10":"product_tag-behq","11":"product_tag-piscimar","12":"product_shipping_class-paquete-hasta-5kg","14":"first","15":"instock","16":"downloadable","17":"taxable","18":"shipping-taxable","19":"purchasable","20":"product-type-simple"},"bundled_by":[],"bundle_stock_status":"instock","bundle_stock_quantity":null,"bundle_virtual":false,"bundle_layout":"","bundle_add_to_cart_form_location":"","bundle_editable_in_cart":false,"bundle_sold_individually_context":"","bundle_item_grouping":"","bundle_min_size":"","bundle_max_size":"","bundle_price":[],"bundled_items":[],"bundle_sell_ids":[],"yoast_head":"<!-- This site is optimized with the Yoast SEO plugin v26.8 - https:\/\/yoast.com\/product\/yoast-seo-wordpress\/ -->\n<title>Protector y Potenciador Electr\u00f3lisis salina, Save Cell 6L. - Piscinas Miguel Cabello Elena<\/title>\n<meta name=\"robots\" content=\"index, follow, max-snippet:-1, max-image-preview:large, max-video-preview:-1\" \/>\n<link rel=\"canonical\" href=\"https:\/\/miguelcabello.com\/producto\/protector-y-potenciador-electrolisis-salina-save-cell-6l\/\" \/>\n<meta property=\"og:locale\" content=\"en_US\" \/>\n<meta property=\"og:type\" content=\"article\" \/>\n<meta property=\"og:title\" content=\"Protector y Potenciador Electr\u00f3lisis salina, Save Cell 6L. - Piscinas Miguel Cabello Elena\" \/>\n<meta property=\"og:description\" content=\"PM-695 Mejora el rendimiento y alarga la vida de su clorador salino.\" \/>\n<meta property=\"og:url\" content=\"https:\/\/miguelcabello.com\/producto\/protector-y-potenciador-electrolisis-salina-save-cell-6l\/\" \/>\n<meta property=\"og:site_name\" content=\"Piscinas Miguel Cabello Elena\" \/>\n<meta property=\"article:modified_time\" content=\"2023-03-17T09:53:58+00:00\" \/>\n<meta property=\"og:image\" content=\"https:\/\/miguelcabello.com\/wp-content\/uploads\/2019\/09\/pm-695-save-cell.jpg\" \/>\n\t<meta property=\"og:image:width\" content=\"1000\" \/>\n\t<meta property=\"og:image:height\" content=\"1000\" \/>\n\t<meta property=\"og:image:type\" content=\"image\/jpeg\" \/>\n<meta name=\"twitter:card\" content=\"summary_large_image\" \/>\n<script type=\"application\/ld+json\" class=\"yoast-schema-graph\">{\"@context\":\"https:\/\/schema.org\",\"@graph\":[{\"@type\":\"WebPage\",\"@id\":\"https:\/\/miguelcabello.com\/producto\/protector-y-potenciador-electrolisis-salina-save-cell-6l\/\",\"url\":\"https:\/\/miguelcabello.com\/producto\/protector-y-potenciador-electrolisis-salina-save-cell-6l\/\",\"name\":\"Protector y Potenciador Electr\u00f3lisis salina, Save Cell 6L. - Piscinas Miguel Cabello Elena\",\"isPartOf\":{\"@id\":\"https:\/\/miguelcabello.com\/#website\"},\"primaryImageOfPage\":{\"@id\":\"https:\/\/miguelcabello.com\/producto\/protector-y-potenciador-electrolisis-salina-save-cell-6l\/#primaryimage\"},\"image\":{\"@id\":\"https:\/\/miguelcabello.com\/producto\/protector-y-potenciador-electrolisis-salina-save-cell-6l\/#primaryimage\"},\"thumbnailUrl\":\"https:\/\/miguelcabello.com\/wp-content\/uploads\/2019\/09\/pm-695-save-cell.jpg\",\"datePublished\":\"2020-03-21T17:01:06+00:00\",\"dateModified\":\"2023-03-17T09:53:58+00:00\",\"breadcrumb\":{\"@id\":\"https:\/\/miguelcabello.com\/producto\/protector-y-potenciador-electrolisis-salina-save-cell-6l\/#breadcrumb\"},\"inLanguage\":\"en-US\",\"potentialAction\":[{\"@type\":\"ReadAction\",\"target\":[\"https:\/\/miguelcabello.com\/producto\/protector-y-potenciador-electrolisis-salina-save-cell-6l\/\"]}]},{\"@type\":\"ImageObject\",\"inLanguage\":\"en-US\",\"@id\":\"https:\/\/miguelcabello.com\/producto\/protector-y-potenciador-electrolisis-salina-save-cell-6l\/#primaryimage\",\"url\":\"https:\/\/miguelcabello.com\/wp-content\/uploads\/2019\/09\/pm-695-save-cell.jpg\",\"contentUrl\":\"https:\/\/miguelcabello.com\/wp-content\/uploads\/2019\/09\/pm-695-save-cell.jpg\",\"width\":1000,\"height\":1000,\"caption\":\"sabe cell protector y potenciador electrolisis salina\"},{\"@type\":\"BreadcrumbList\",\"@id\":\"https:\/\/miguelcabello.com\/producto\/protector-y-potenciador-electrolisis-salina-save-cell-6l\/#breadcrumb\",\"itemListElement\":[{\"@type\":\"ListItem\",\"position\":1,\"name\":\"Portada\",\"item\":\"https:\/\/miguelcabello.com\/en\/\"},{\"@type\":\"ListItem\",\"position\":2,\"name\":\"Shop\",\"item\":\"https:\/\/miguelcabello.com\/en\/shop-swimming-pool-products-online\/\"},{\"@type\":\"ListItem\",\"position\":3,\"name\":\"Protector y Potenciador Electr\u00f3lisis salina, Save Cell 6L.\"}]},{\"@type\":\"WebSite\",\"@id\":\"https:\/\/miguelcabello.com\/#website\",\"url\":\"https:\/\/miguelcabello.com\/\",\"name\":\"Piscinas Miguel Cabello Elena\",\"description\":\"Profesionales en piscinas y recambios\",\"publisher\":{\"@id\":\"https:\/\/miguelcabello.com\/#organization\"},\"potentialAction\":[{\"@type\":\"SearchAction\",\"target\":{\"@type\":\"EntryPoint\",\"urlTemplate\":\"https:\/\/miguelcabello.com\/?s={search_term_string}\"},\"query-input\":{\"@type\":\"PropertyValueSpecification\",\"valueRequired\":true,\"valueName\":\"search_term_string\"}}],\"inLanguage\":\"en-US\"},{\"@type\":\"Organization\",\"@id\":\"https:\/\/miguelcabello.com\/#organization\",\"name\":\"Piscinas Miguel Cabello\",\"url\":\"https:\/\/miguelcabello.com\/\",\"logo\":{\"@type\":\"ImageObject\",\"inLanguage\":\"en-US\",\"@id\":\"https:\/\/miguelcabello.com\/#\/schema\/logo\/image\/\",\"url\":\"https:\/\/miguelcabello.com\/wp-content\/uploads\/2020\/01\/Logo-Miguel-Cabello-Piscinas.png\",\"contentUrl\":\"https:\/\/miguelcabello.com\/wp-content\/uploads\/2020\/01\/Logo-Miguel-Cabello-Piscinas.png\",\"width\":428,\"height\":41,\"caption\":\"Piscinas Miguel Cabello\"},\"image\":{\"@id\":\"https:\/\/miguelcabello.com\/#\/schema\/logo\/image\/\"}}]}<\/script>\n<!-- \/ Yoast SEO plugin. -->","yoast_head_json":{"title":"Protector y Potenciador Electr\u00f3lisis salina, Save Cell 6L. - Piscinas Miguel Cabello Elena","robots":{"index":"index","follow":"follow","max-snippet":"max-snippet:-1","max-image-preview":"max-image-preview:large","max-video-preview":"max-video-preview:-1"},"canonical":"https:\/\/miguelcabello.com\/producto\/protector-y-potenciador-electrolisis-salina-save-cell-6l\/","og_locale":"en_US","og_type":"article","og_title":"Protector y Potenciador Electr\u00f3lisis salina, Save Cell 6L. - Piscinas Miguel Cabello Elena","og_description":"PM-695 Mejora el rendimiento y alarga la vida de su clorador salino.","og_url":"https:\/\/miguelcabello.com\/producto\/protector-y-potenciador-electrolisis-salina-save-cell-6l\/","og_site_name":"Piscinas Miguel Cabello Elena","article_modified_time":"2023-03-17T09:53:58+00:00","og_image":[{"width":1000,"height":1000,"url":"https:\/\/miguelcabello.com\/wp-content\/uploads\/2019\/09\/pm-695-save-cell.jpg","type":"image\/jpeg"}],"twitter_card":"summary_large_image","schema":{"@context":"https:\/\/schema.org","@graph":[{"@type":"WebPage","@id":"https:\/\/miguelcabello.com\/producto\/protector-y-potenciador-electrolisis-salina-save-cell-6l\/","url":"https:\/\/miguelcabello.com\/producto\/protector-y-potenciador-electrolisis-salina-save-cell-6l\/","name":"Protector y Potenciador Electr\u00f3lisis salina, Save Cell 6L. - Piscinas Miguel Cabello Elena","isPartOf":{"@id":"https:\/\/miguelcabello.com\/#website"},"primaryImageOfPage":{"@id":"https:\/\/miguelcabello.com\/producto\/protector-y-potenciador-electrolisis-salina-save-cell-6l\/#primaryimage"},"image":{"@id":"https:\/\/miguelcabello.com\/producto\/protector-y-potenciador-electrolisis-salina-save-cell-6l\/#primaryimage"},"thumbnailUrl":"https:\/\/miguelcabello.com\/wp-content\/uploads\/2019\/09\/pm-695-save-cell.jpg","datePublished":"2020-03-21T17:01:06+00:00","dateModified":"2023-03-17T09:53:58+00:00","breadcrumb":{"@id":"https:\/\/miguelcabello.com\/producto\/protector-y-potenciador-electrolisis-salina-save-cell-6l\/#breadcrumb"},"inLanguage":"en-US","potentialAction":[{"@type":"ReadAction","target":["https:\/\/miguelcabello.com\/producto\/protector-y-potenciador-electrolisis-salina-save-cell-6l\/"]}]},{"@type":"ImageObject","inLanguage":"en-US","@id":"https:\/\/miguelcabello.com\/producto\/protector-y-potenciador-electrolisis-salina-save-cell-6l\/#primaryimage","url":"https:\/\/miguelcabello.com\/wp-content\/uploads\/2019\/09\/pm-695-save-cell.jpg","contentUrl":"https:\/\/miguelcabello.com\/wp-content\/uploads\/2019\/09\/pm-695-save-cell.jpg","width":1000,"height":1000,"caption":"sabe cell protector y potenciador electrolisis salina"},{"@type":"BreadcrumbList","@id":"https:\/\/miguelcabello.com\/producto\/protector-y-potenciador-electrolisis-salina-save-cell-6l\/#breadcrumb","itemListElement":[{"@type":"ListItem","position":1,"name":"Portada","item":"https:\/\/miguelcabello.com\/en\/"},{"@type":"ListItem","position":2,"name":"Shop","item":"https:\/\/miguelcabello.com\/en\/shop-swimming-pool-products-online\/"},{"@type":"ListItem","position":3,"name":"Protector y Potenciador Electr\u00f3lisis salina, Save Cell 6L."}]},{"@type":"WebSite","@id":"https:\/\/miguelcabello.com\/#website","url":"https:\/\/miguelcabello.com\/","name":"Piscinas Miguel Cabello Elena","description":"Profesionales en piscinas y recambios","publisher":{"@id":"https:\/\/miguelcabello.com\/#organization"},"potentialAction":[{"@type":"SearchAction","target":{"@type":"EntryPoint","urlTemplate":"https:\/\/miguelcabello.com\/?s={search_term_string}"},"query-input":{"@type":"PropertyValueSpecification","valueRequired":true,"valueName":"search_term_string"}}],"inLanguage":"en-US"},{"@type":"Organization","@id":"https:\/\/miguelcabello.com\/#organization","name":"Piscinas Miguel Cabello","url":"https:\/\/miguelcabello.com\/","logo":{"@type":"ImageObject","inLanguage":"en-US","@id":"https:\/\/miguelcabello.com\/#\/schema\/logo\/image\/","url":"https:\/\/miguelcabello.com\/wp-content\/uploads\/2020\/01\/Logo-Miguel-Cabello-Piscinas.png","contentUrl":"https:\/\/miguelcabello.com\/wp-content\/uploads\/2020\/01\/Logo-Miguel-Cabello-Piscinas.png","width":428,"height":41,"caption":"Piscinas Miguel Cabello"},"image":{"@id":"https:\/\/miguelcabello.com\/#\/schema\/logo\/image\/"}}]}},"_links":{"self":[{"href":"https:\/\/miguelcabello.com\/en\/wp-json\/wp\/v2\/product\/10977","targetHints":{"allow":["GET"]}}],"collection":[{"href":"https:\/\/miguelcabello.com\/en\/wp-json\/wp\/v2\/product"}],"about":[{"href":"https:\/\/miguelcabello.com\/en\/wp-json\/wp\/v2\/types\/product"}],"wp:featuredmedia":[{"embeddable":true,"href":"https:\/\/miguelcabello.com\/en\/wp-json\/wp\/v2\/media\/6371"}],"wp:attachment":[{"href":"https:\/\/miguelcabello.com\/en\/wp-json\/wp\/v2\/media?parent=10977"}],"wp:term":[{"taxonomy":"product_brand","embeddable":true,"href":"https:\/\/miguelcabello.com\/en\/wp-json\/wp\/v2\/product_brand?post=10977"},{"taxonomy":"product_cat","embeddable":true,"href":"https:\/\/miguelcabello.com\/en\/wp-json\/wp\/v2\/product_cat?post=10977"},{"taxonomy":"product_tag","embeddable":true,"href":"https:\/\/miguelcabello.com\/en\/wp-json\/wp\/v2\/product_tag?post=10977"}],"curies":[{"name":"wp","href":"https:\/\/api.w.org\/{rel}","templated":true}]}}