{"id":10025,"date":"2020-02-14T14:07:39","date_gmt":"2020-02-14T13:07:39","guid":{"rendered":"https:\/\/miguelcabello.com\/?post_type=product&#038;p=10025"},"modified":"2020-02-14T14:07:39","modified_gmt":"2020-02-14T13:07:39","slug":"compacto-fosa-filtro","status":"publish","type":"product","link":"https:\/\/miguelcabello.com\/en\/producto\/compacto-fosa-filtro\/","title":{"rendered":"Compacto Fosa Filtro"},"content":{"rendered":"<p>Los <b>compactos fosa filtro<\/b>, estan dimensionadas para una dotaci\u00f3n de 200 l\/hab.eq. y dia con un tiempo de retenci\u00f3n de 24 horas. El rendimiento de \u00e9ste sistema de depuraci\u00f3n \u00e9s:<br \/>\n&#8211; REDUCCI\u00d3N DBO5 80%<br \/>\n&#8211; REDUCCI\u00d3N M.E.S. 90%<\/p>\n<p><b>MATERIAL<\/b><br \/>\n-Poli\u00e9ster Reforzado en Fibra de Vidrio.<br \/>\n-Bocas de hombre en Polipropileno.<\/p>\n<p><b>CARACTER\u00cdSTICAS<\/b><br \/>\n-Alta resistencia qu\u00edmica y mec\u00e1nica.<br \/>\n-Alta resistencia a la corrosi\u00f3n.<br \/>\n-Alta resistencia a la intemperie.<\/p>\n<p><b>MANTENIMIENTO<\/b><br \/>\n-Evacuar las 3\/4 partes de los fangos acumulados anualmente.<\/p>\n<p><b>FUNCIONAMIENTO<\/b><br \/>\n-DECANTADOR: Realiza la Sedimentaci\u00f3n primaria.<br \/>\n-DIGESTOR: Clarificador.<br \/>\n-FILTRO BIOL\u00d3GICO: degradaci\u00f3n biol\u00f3gica de la materia org\u00e1nica.<\/p>\n<div class=\"text100\"><strong><span class=\"vermell\">Detalles de Funcionamiento<\/span><\/strong><\/p>\n<p><span class=\"normal\">Las aguas residuales, al llegar a la depuradora, primero pasan por el decantador digestor que realiza la sedimentaci\u00f3n primaria y la digesti\u00f3n de fangos, donde las bacterias anaerobias degradan la materia org\u00e1nica, descomponiendo los s\u00f3lidos. Las aguas claras pasan por el filtro biol\u00f3gico a trav\u00e9s de una tuberia que distribuye las aguas claras sobre el material filtrante, donde las bacterias aerobias siguen depurando el agua de los restos org\u00e1nicos y la dejan en \u00f3ptimas condiciones para su vertido.<\/span><\/div>\n<div><img loading=\"lazy\" decoding=\"async\" class=\"alignnone size-medium wp-image-10032\" src=\"https:\/\/miguelcabello.com\/wp-content\/uploads\/2020\/02\/medidas-compacto-fosa-filtro-300x275.png\" alt=\"medidas compacto fosa filtro\" width=\"300\" height=\"275\" srcset=\"https:\/\/miguelcabello.com\/wp-content\/uploads\/2020\/02\/medidas-compacto-fosa-filtro-300x275.png 300w, https:\/\/miguelcabello.com\/wp-content\/uploads\/2020\/02\/medidas-compacto-fosa-filtro.png 556w\" sizes=\"auto, (max-width: 300px) 100vw, 300px\" \/><\/div>\n<p>&nbsp;<br \/>\n<script><\/script><\/p>\n","protected":false},"excerpt":{"rendered":"<p>El sistema\u00a0<b>decantador digestor<\/b>\u00a0fosa filtro biol\u00f3gico es apto para la depuraci\u00f3n de aguas residuales asimilables a domesticas.<br \/>\nEl sistema cumple con la normativa actual de vertido espa\u00f1ola &#8220;Reglamento del Dominio p\u00fablico Hidr\u00e1ulico&#8221;, Real Descreto 849\/1986.<\/p>\n","protected":false},"featured_media":10026,"template":"","meta":[],"product_brand":[],"product_cat":[15,56],"product_tag":[],"class_list":{"0":"post-10025","1":"product","2":"type-product","3":"status-publish","4":"has-post-thumbnail","6":"product_cat-jardin","7":"product_cat-filtros-depuracion-biologicos","9":"first","10":"instock","11":"taxable","12":"shipping-taxable","13":"product-type-simple"},"bundled_by":[],"bundle_stock_status":"instock","bundle_stock_quantity":null,"bundle_virtual":false,"bundle_layout":"","bundle_add_to_cart_form_location":"","bundle_editable_in_cart":false,"bundle_sold_individually_context":"","bundle_item_grouping":"","bundle_min_size":"","bundle_max_size":"","bundle_price":[],"bundled_items":[],"bundle_sell_ids":[],"yoast_head":"<!-- This site is optimized with the Yoast SEO plugin v26.8 - https:\/\/yoast.com\/product\/yoast-seo-wordpress\/ -->\n<title>Compacto Fosa Filtro - Piscinas Miguel Cabello Elena<\/title>\n<meta name=\"robots\" content=\"index, follow, max-snippet:-1, max-image-preview:large, max-video-preview:-1\" \/>\n<link rel=\"canonical\" href=\"https:\/\/miguelcabello.com\/en\/producto\/compacto-fosa-filtro\/\" \/>\n<meta property=\"og:locale\" content=\"en_US\" \/>\n<meta property=\"og:type\" content=\"article\" \/>\n<meta property=\"og:title\" content=\"Compacto Fosa Filtro - Piscinas Miguel Cabello Elena\" \/>\n<meta property=\"og:description\" content=\"El sistema\u00a0decantador digestor\u00a0fosa filtro biol\u00f3gico es apto para la depuraci\u00f3n de aguas residuales asimilables a domesticas. El sistema cumple con la normativa actual de vertido espa\u00f1ola &quot;Reglamento del Dominio p\u00fablico Hidr\u00e1ulico&quot;, Real Descreto 849\/1986.\" \/>\n<meta property=\"og:url\" content=\"https:\/\/miguelcabello.com\/en\/producto\/compacto-fosa-filtro\/\" \/>\n<meta property=\"og:site_name\" content=\"Piscinas Miguel Cabello Elena\" \/>\n<meta property=\"og:image\" content=\"https:\/\/miguelcabello.com\/wp-content\/uploads\/2020\/02\/compacto_fosa_filtro.jpg\" \/>\n\t<meta property=\"og:image:width\" content=\"339\" \/>\n\t<meta property=\"og:image:height\" content=\"202\" \/>\n\t<meta property=\"og:image:type\" content=\"image\/jpeg\" \/>\n<meta name=\"twitter:card\" content=\"summary_large_image\" \/>\n<meta name=\"twitter:label1\" content=\"Est. reading time\" \/>\n\t<meta name=\"twitter:data1\" content=\"1 minute\" \/>\n<script type=\"application\/ld+json\" class=\"yoast-schema-graph\">{\"@context\":\"https:\/\/schema.org\",\"@graph\":[{\"@type\":\"WebPage\",\"@id\":\"https:\/\/miguelcabello.com\/en\/producto\/compacto-fosa-filtro\/\",\"url\":\"https:\/\/miguelcabello.com\/en\/producto\/compacto-fosa-filtro\/\",\"name\":\"Compacto Fosa Filtro - Piscinas Miguel Cabello Elena\",\"isPartOf\":{\"@id\":\"https:\/\/miguelcabello.com\/#website\"},\"primaryImageOfPage\":{\"@id\":\"https:\/\/miguelcabello.com\/en\/producto\/compacto-fosa-filtro\/#primaryimage\"},\"image\":{\"@id\":\"https:\/\/miguelcabello.com\/en\/producto\/compacto-fosa-filtro\/#primaryimage\"},\"thumbnailUrl\":\"https:\/\/miguelcabello.com\/wp-content\/uploads\/2020\/02\/compacto_fosa_filtro.jpg\",\"datePublished\":\"2020-02-14T13:07:39+00:00\",\"breadcrumb\":{\"@id\":\"https:\/\/miguelcabello.com\/en\/producto\/compacto-fosa-filtro\/#breadcrumb\"},\"inLanguage\":\"en-US\",\"potentialAction\":[{\"@type\":\"ReadAction\",\"target\":[\"https:\/\/miguelcabello.com\/en\/producto\/compacto-fosa-filtro\/\"]}]},{\"@type\":\"ImageObject\",\"inLanguage\":\"en-US\",\"@id\":\"https:\/\/miguelcabello.com\/en\/producto\/compacto-fosa-filtro\/#primaryimage\",\"url\":\"https:\/\/miguelcabello.com\/wp-content\/uploads\/2020\/02\/compacto_fosa_filtro.jpg\",\"contentUrl\":\"https:\/\/miguelcabello.com\/wp-content\/uploads\/2020\/02\/compacto_fosa_filtro.jpg\",\"width\":339,\"height\":202,\"caption\":\"compacto fosa filtro\"},{\"@type\":\"BreadcrumbList\",\"@id\":\"https:\/\/miguelcabello.com\/en\/producto\/compacto-fosa-filtro\/#breadcrumb\",\"itemListElement\":[{\"@type\":\"ListItem\",\"position\":1,\"name\":\"Portada\",\"item\":\"https:\/\/miguelcabello.com\/en\/\"},{\"@type\":\"ListItem\",\"position\":2,\"name\":\"Shop\",\"item\":\"https:\/\/miguelcabello.com\/en\/shop-swimming-pool-products-online\/\"},{\"@type\":\"ListItem\",\"position\":3,\"name\":\"Compacto Fosa Filtro\"}]},{\"@type\":\"WebSite\",\"@id\":\"https:\/\/miguelcabello.com\/#website\",\"url\":\"https:\/\/miguelcabello.com\/\",\"name\":\"Piscinas Miguel Cabello Elena\",\"description\":\"Profesionales en piscinas y recambios\",\"publisher\":{\"@id\":\"https:\/\/miguelcabello.com\/#organization\"},\"potentialAction\":[{\"@type\":\"SearchAction\",\"target\":{\"@type\":\"EntryPoint\",\"urlTemplate\":\"https:\/\/miguelcabello.com\/?s={search_term_string}\"},\"query-input\":{\"@type\":\"PropertyValueSpecification\",\"valueRequired\":true,\"valueName\":\"search_term_string\"}}],\"inLanguage\":\"en-US\"},{\"@type\":\"Organization\",\"@id\":\"https:\/\/miguelcabello.com\/#organization\",\"name\":\"Piscinas Miguel Cabello\",\"url\":\"https:\/\/miguelcabello.com\/\",\"logo\":{\"@type\":\"ImageObject\",\"inLanguage\":\"en-US\",\"@id\":\"https:\/\/miguelcabello.com\/#\/schema\/logo\/image\/\",\"url\":\"https:\/\/miguelcabello.com\/wp-content\/uploads\/2020\/01\/Logo-Miguel-Cabello-Piscinas.png\",\"contentUrl\":\"https:\/\/miguelcabello.com\/wp-content\/uploads\/2020\/01\/Logo-Miguel-Cabello-Piscinas.png\",\"width\":428,\"height\":41,\"caption\":\"Piscinas Miguel Cabello\"},\"image\":{\"@id\":\"https:\/\/miguelcabello.com\/#\/schema\/logo\/image\/\"}}]}<\/script>\n<!-- \/ Yoast SEO plugin. -->","yoast_head_json":{"title":"Compacto Fosa Filtro - Piscinas Miguel Cabello Elena","robots":{"index":"index","follow":"follow","max-snippet":"max-snippet:-1","max-image-preview":"max-image-preview:large","max-video-preview":"max-video-preview:-1"},"canonical":"https:\/\/miguelcabello.com\/en\/producto\/compacto-fosa-filtro\/","og_locale":"en_US","og_type":"article","og_title":"Compacto Fosa Filtro - Piscinas Miguel Cabello Elena","og_description":"El sistema\u00a0decantador digestor\u00a0fosa filtro biol\u00f3gico es apto para la depuraci\u00f3n de aguas residuales asimilables a domesticas. El sistema cumple con la normativa actual de vertido espa\u00f1ola \"Reglamento del Dominio p\u00fablico Hidr\u00e1ulico\", Real Descreto 849\/1986.","og_url":"https:\/\/miguelcabello.com\/en\/producto\/compacto-fosa-filtro\/","og_site_name":"Piscinas Miguel Cabello Elena","og_image":[{"width":339,"height":202,"url":"https:\/\/miguelcabello.com\/wp-content\/uploads\/2020\/02\/compacto_fosa_filtro.jpg","type":"image\/jpeg"}],"twitter_card":"summary_large_image","twitter_misc":{"Est. reading time":"1 minute"},"schema":{"@context":"https:\/\/schema.org","@graph":[{"@type":"WebPage","@id":"https:\/\/miguelcabello.com\/en\/producto\/compacto-fosa-filtro\/","url":"https:\/\/miguelcabello.com\/en\/producto\/compacto-fosa-filtro\/","name":"Compacto Fosa Filtro - Piscinas Miguel Cabello Elena","isPartOf":{"@id":"https:\/\/miguelcabello.com\/#website"},"primaryImageOfPage":{"@id":"https:\/\/miguelcabello.com\/en\/producto\/compacto-fosa-filtro\/#primaryimage"},"image":{"@id":"https:\/\/miguelcabello.com\/en\/producto\/compacto-fosa-filtro\/#primaryimage"},"thumbnailUrl":"https:\/\/miguelcabello.com\/wp-content\/uploads\/2020\/02\/compacto_fosa_filtro.jpg","datePublished":"2020-02-14T13:07:39+00:00","breadcrumb":{"@id":"https:\/\/miguelcabello.com\/en\/producto\/compacto-fosa-filtro\/#breadcrumb"},"inLanguage":"en-US","potentialAction":[{"@type":"ReadAction","target":["https:\/\/miguelcabello.com\/en\/producto\/compacto-fosa-filtro\/"]}]},{"@type":"ImageObject","inLanguage":"en-US","@id":"https:\/\/miguelcabello.com\/en\/producto\/compacto-fosa-filtro\/#primaryimage","url":"https:\/\/miguelcabello.com\/wp-content\/uploads\/2020\/02\/compacto_fosa_filtro.jpg","contentUrl":"https:\/\/miguelcabello.com\/wp-content\/uploads\/2020\/02\/compacto_fosa_filtro.jpg","width":339,"height":202,"caption":"compacto fosa filtro"},{"@type":"BreadcrumbList","@id":"https:\/\/miguelcabello.com\/en\/producto\/compacto-fosa-filtro\/#breadcrumb","itemListElement":[{"@type":"ListItem","position":1,"name":"Portada","item":"https:\/\/miguelcabello.com\/en\/"},{"@type":"ListItem","position":2,"name":"Shop","item":"https:\/\/miguelcabello.com\/en\/shop-swimming-pool-products-online\/"},{"@type":"ListItem","position":3,"name":"Compacto Fosa Filtro"}]},{"@type":"WebSite","@id":"https:\/\/miguelcabello.com\/#website","url":"https:\/\/miguelcabello.com\/","name":"Piscinas Miguel Cabello Elena","description":"Profesionales en piscinas y recambios","publisher":{"@id":"https:\/\/miguelcabello.com\/#organization"},"potentialAction":[{"@type":"SearchAction","target":{"@type":"EntryPoint","urlTemplate":"https:\/\/miguelcabello.com\/?s={search_term_string}"},"query-input":{"@type":"PropertyValueSpecification","valueRequired":true,"valueName":"search_term_string"}}],"inLanguage":"en-US"},{"@type":"Organization","@id":"https:\/\/miguelcabello.com\/#organization","name":"Piscinas Miguel Cabello","url":"https:\/\/miguelcabello.com\/","logo":{"@type":"ImageObject","inLanguage":"en-US","@id":"https:\/\/miguelcabello.com\/#\/schema\/logo\/image\/","url":"https:\/\/miguelcabello.com\/wp-content\/uploads\/2020\/01\/Logo-Miguel-Cabello-Piscinas.png","contentUrl":"https:\/\/miguelcabello.com\/wp-content\/uploads\/2020\/01\/Logo-Miguel-Cabello-Piscinas.png","width":428,"height":41,"caption":"Piscinas Miguel Cabello"},"image":{"@id":"https:\/\/miguelcabello.com\/#\/schema\/logo\/image\/"}}]}},"_links":{"self":[{"href":"https:\/\/miguelcabello.com\/en\/wp-json\/wp\/v2\/product\/10025","targetHints":{"allow":["GET"]}}],"collection":[{"href":"https:\/\/miguelcabello.com\/en\/wp-json\/wp\/v2\/product"}],"about":[{"href":"https:\/\/miguelcabello.com\/en\/wp-json\/wp\/v2\/types\/product"}],"wp:featuredmedia":[{"embeddable":true,"href":"https:\/\/miguelcabello.com\/en\/wp-json\/wp\/v2\/media\/10026"}],"wp:attachment":[{"href":"https:\/\/miguelcabello.com\/en\/wp-json\/wp\/v2\/media?parent=10025"}],"wp:term":[{"taxonomy":"product_brand","embeddable":true,"href":"https:\/\/miguelcabello.com\/en\/wp-json\/wp\/v2\/product_brand?post=10025"},{"taxonomy":"product_cat","embeddable":true,"href":"https:\/\/miguelcabello.com\/en\/wp-json\/wp\/v2\/product_cat?post=10025"},{"taxonomy":"product_tag","embeddable":true,"href":"https:\/\/miguelcabello.com\/en\/wp-json\/wp\/v2\/product_tag?post=10025"}],"curies":[{"name":"wp","href":"https:\/\/api.w.org\/{rel}","templated":true}]}}